{"id":763348,"date":"2025-08-28T10:37:45","date_gmt":"2025-08-28T07:37:45","guid":{"rendered":"https:\/\/roveyayinevi.com.tr\/index.php\/urun\/anetil-ilk-okuma-yazma-seti-10-kitap-set\/"},"modified":"2026-04-15T03:28:40","modified_gmt":"2026-04-15T00:28:40","slug":"anetil-ilk-okuma-yazma-seti-10-kitap-set","status":"publish","type":"product","link":"https:\/\/roveyayinevi.com.tr\/index.php\/urun\/anetil-ilk-okuma-yazma-seti-10-kitap-set\/","title":{"rendered":"Anetil \u2013 \u0130lk Okuma Yazma Seti  10 Kitap Set"},"content":{"rendered":"<p>De\u011ferli ebeveynler, \u00f6\u011fretmenler ve sevgili \u00f6\u011frenciler, PARILTILI \u00c7OCUK \u0130LK OKUMA YAZMA SET\u0130, \u00e7ocuklar\u0131n okumaya ba\u015flama s\u00fcrecini desteklemek, d\u00fczg\u00fcn ve ak\u0131c\u0131 bir \u015fekilde okumalar\u0131na yard\u0131mc\u0131 olmak amac\u0131yla haz\u0131rlanm\u0131\u015ft\u0131r. Okuma yazma setimiz, MEB m\u00fcfredat\u0131na uygun olarak \u00f6\u011frenilen kelimeleri ve c\u00fcmleleri peki\u015ftirmeyi ve ak\u0131c\u0131 bir okuma becerisi kazanmay\u0131 sa\u011flayacakt\u0131r. Metinler, okuma h\u0131z\u0131n\u0131 d\u00fczenli bir \u015fekilde art\u0131racakt\u0131r. Birinci kitap, birinci grup harfler olan \u201ca, n, e, t, i, l\u201d seslerine g\u00f6re, \u0130kinci kitap, ikinci grup harfler olan \u201co, k, u, r, \u0131, m\u201d seslerine g\u00f6re, \u00dc\u00e7\u00fcnc\u00fc kitap, \u00fc\u00e7\u00fcnc\u00fc grup harfler olan \u201c\u00fc, s, \u00f6, y, d, z\u201d seslerine g\u00f6re, D\u00f6rd\u00fcnc\u00fc kitap, d\u00f6rd\u00fcnc\u00fc grup harfler olan \u201c\u00e7, b, g, c, \u015f\u201d seslerine g\u00f6re, Be\u015finci kitap, be\u015finci grup harfler olan \u201cp, h, v, \u011f, f, j\u201d seslerine g\u00f6re haz\u0131rlanm\u0131\u015f metinlerden olu\u015fmaktad\u0131r. Alt\u0131nc\u0131, yedinci, sekizinci ve dokuzuncu kitaplar, serbest okuma metinlerinden olu\u015fmaktad\u0131r. Onuncu kitap ise yaz\u0131 al\u0131\u015ft\u0131rmalar\u0131ndan olu\u015fmaktad\u0131r.<\/p>\n","protected":false},"excerpt":{"rendered":"<p>De\u011ferli ebeveynler, \u00f6\u011fretmenler ve sevgili \u00f6\u011frenciler, PARILTILI \u00c7OCUK \u0130LK OKUMA YAZMA SET\u0130, \u00e7ocuklar\u0131n okumaya ba\u015flama s\u00fcrecini desteklemek, d\u00fczg\u00fcn ve ak\u0131c\u0131 bir \u015fekilde okumalar\u0131na yard\u0131mc\u0131 olmak amac\u0131yla<span class=\"excerpt-hellip\"> [\u2026]<\/span><\/p>\n","protected":false},"featured_media":0,"template":"","meta":{"_monsterinsights_skip_tracking":false,"_monsterinsights_sitenote_active":false,"_monsterinsights_sitenote_note":"","_monsterinsights_sitenote_category":0},"product_brand":[],"product_cat":[12274,15842],"product_tag":[],"class_list":{"0":"post-763348","1":"product","2":"type-product","3":"status-publish","5":"product_cat-cocuk-ve-genclik-kitaplari","6":"product_cat-egitici-kitaplar","7":"pa_cilt-ciltsiz","8":"pa_tur-kitap","9":"pa_yayinevi-parilti-yayinlari","10":"pa_yazar-kerem-altindag","12":"first","13":"instock","14":"sale","15":"shipping-taxable","16":"purchasable","17":"product-type-simple"},"_links":{"self":[{"href":"https:\/\/roveyayinevi.com.tr\/index.php\/wp-json\/wp\/v2\/product\/763348","targetHints":{"allow":["GET"]}}],"collection":[{"href":"https:\/\/roveyayinevi.com.tr\/index.php\/wp-json\/wp\/v2\/product"}],"about":[{"href":"https:\/\/roveyayinevi.com.tr\/index.php\/wp-json\/wp\/v2\/types\/product"}],"wp:attachment":[{"href":"https:\/\/roveyayinevi.com.tr\/index.php\/wp-json\/wp\/v2\/media?parent=763348"}],"wp:term":[{"taxonomy":"product_brand","embeddable":true,"href":"https:\/\/roveyayinevi.com.tr\/index.php\/wp-json\/wp\/v2\/product_brand?post=763348"},{"taxonomy":"product_cat","embeddable":true,"href":"https:\/\/roveyayinevi.com.tr\/index.php\/wp-json\/wp\/v2\/product_cat?post=763348"},{"taxonomy":"product_tag","embeddable":true,"href":"https:\/\/roveyayinevi.com.tr\/index.php\/wp-json\/wp\/v2\/product_tag?post=763348"}],"curies":[{"name":"wp","href":"https:\/\/api.w.org\/{rel}","templated":true}]}}