{"id":763346,"date":"2025-08-28T10:37:43","date_gmt":"2025-08-28T07:37:43","guid":{"rendered":"https:\/\/roveyayinevi.com.tr\/index.php\/urun\/felsefe-tarihi-7\/"},"modified":"2026-04-15T03:28:40","modified_gmt":"2026-04-15T00:28:40","slug":"felsefe-tarihi-7","status":"publish","type":"product","link":"https:\/\/roveyayinevi.com.tr\/index.php\/urun\/felsefe-tarihi-7\/","title":{"rendered":"Felsefe Tarihi 7"},"content":{"rendered":"<p>XIX. y\u00fczy\u0131ldan XX. y\u00fczy\u0131la olan d\u00f6nemi niteleyen felsefeler birbirlerinden son derece farkl\u0131d\u0131rlar. Bu bak\u0131mdan, onlar\u0131 tek bir etiket alt\u0131nda toplamak ya da ortak paydalar\u0131n\u0131 belirlemek kolay de\u011fildir. Dolay\u0131s\u0131yla bu d\u00f6nem felsefesinde geleneksel ve idealle\u015ftirilmi\u015f insandan \u00e7ok, \u00e7e\u015fitli g\u00fc\u00e7 veya d\u00fcrt\u00fclere sahip olan insan g\u00f6z \u00f6n\u00fcnde bulundurulur. Bununla birlikte, XX. y\u00fczy\u0131lda idealizm Croce ve Gentile taraf\u0131ndan, Marksizm de Gramsci, Frankfurt Okulu ve Lukacs taraf\u0131ndan \u00e7e\u015fitli y\u00f6nlerden yeniden ele al\u0131n\u0131r. Yeni-Kant\u00e7\u0131l\u0131k, tarihselcilik, fenomenoloji, Bergsonculuk, psikanaliz, yeni-spirit\u00fcalizm, varolu\u015f\u00e7uluk, pragmatizm ise bu d\u00f6nemde geli\u015fen yeni ak\u0131mlard\u0131r. Daha \u00e7ok bu y\u00fczy\u0131la \u00f6zg\u00fc bir ayr\u0131m olarak g\u00f6r\u00fclen analitik felsefe ile k\u0131ta felsefesi ise toptanc\u0131 bir tutumun \u00f6tesinde bir zenginli\u011fe sahiptirler. K\u0131ta felsefesi, Marksizmin, Husserl\u2019in, Heidegger ile Adorno\u2019nun, Sartre ile Habermas\u2019\u0131n ve Foucault\u2019nun bir arada yer ald\u0131\u011f\u0131, olduk\u00e7a uyumsuz bir b\u00fct\u00fcn\u00fc ifade eder. Russell, Wittgnstein, Quine gibi dil felsefecilerinin \u00e7al\u0131\u015fmalar\u0131 ise analitik anlay\u0131\u015f\u0131n kanonlar\u0131 olarak bu zenginli\u011fe eklemlenir.   <\/p>\n","protected":false},"excerpt":{"rendered":"<p>XIX. y\u00fczy\u0131ldan XX. y\u00fczy\u0131la olan d\u00f6nemi niteleyen felsefeler birbirlerinden son derece farkl\u0131d\u0131rlar. Bu bak\u0131mdan, onlar\u0131 tek bir etiket alt\u0131nda toplamak ya da ortak paydalar\u0131n\u0131 belirlemek kolay<span class=\"excerpt-hellip\"> [\u2026]<\/span><\/p>\n","protected":false},"featured_media":0,"template":"","meta":{"_monsterinsights_skip_tracking":false,"_monsterinsights_sitenote_active":false,"_monsterinsights_sitenote_note":"","_monsterinsights_sitenote_category":0},"product_brand":[],"product_cat":[12388,14717],"product_tag":[],"class_list":{"0":"post-763346","1":"product","2":"type-product","3":"status-publish","5":"product_cat-felsefe","6":"product_cat-felsefe-tarihi","7":"pa_cilt-ciltsiz","8":"pa_tur-kitap","9":"pa_yayinevi-alfa-yayinlari","10":"pa_yazar-umberto-eco-riccaedo-fedriga","12":"first","13":"instock","14":"sale","15":"shipping-taxable","16":"purchasable","17":"product-type-simple"},"_links":{"self":[{"href":"https:\/\/roveyayinevi.com.tr\/index.php\/wp-json\/wp\/v2\/product\/763346","targetHints":{"allow":["GET"]}}],"collection":[{"href":"https:\/\/roveyayinevi.com.tr\/index.php\/wp-json\/wp\/v2\/product"}],"about":[{"href":"https:\/\/roveyayinevi.com.tr\/index.php\/wp-json\/wp\/v2\/types\/product"}],"wp:attachment":[{"href":"https:\/\/roveyayinevi.com.tr\/index.php\/wp-json\/wp\/v2\/media?parent=763346"}],"wp:term":[{"taxonomy":"product_brand","embeddable":true,"href":"https:\/\/roveyayinevi.com.tr\/index.php\/wp-json\/wp\/v2\/product_brand?post=763346"},{"taxonomy":"product_cat","embeddable":true,"href":"https:\/\/roveyayinevi.com.tr\/index.php\/wp-json\/wp\/v2\/product_cat?post=763346"},{"taxonomy":"product_tag","embeddable":true,"href":"https:\/\/roveyayinevi.com.tr\/index.php\/wp-json\/wp\/v2\/product_tag?post=763346"}],"curies":[{"name":"wp","href":"https:\/\/api.w.org\/{rel}","templated":true}]}}