{"id":763344,"date":"2025-08-28T10:37:40","date_gmt":"2025-08-28T07:37:40","guid":{"rendered":"https:\/\/roveyayinevi.com.tr\/index.php\/urun\/farabi-4\/"},"modified":"2026-04-15T03:28:40","modified_gmt":"2026-04-15T00:28:40","slug":"farabi-4","status":"publish","type":"product","link":"https:\/\/roveyayinevi.com.tr\/index.php\/urun\/farabi-4\/","title":{"rendered":"Farabi"},"content":{"rendered":"<p>Farabi 871 y\u0131l\u0131nda T\u00fcrkistan\u2019\u0131n Farab \u015fehri yak\u0131nlar\u0131ndaki Vesic\u2019te d\u00fcnyaya geldi. Babas\u0131, Vesic Kalesi kumandan\u0131yd\u0131. Samano\u011fullar\u0131 egemenli\u011finde \u00f6nemli bir e\u011fitim ve k\u00fclt\u00fcr merkezi konumunda bulunan Farab\u2019da iyi bir \u00f6\u011frenim g\u00f6rd\u00fc. \u00d6\u011frenimini tamamlad\u0131ktan sonra bir s\u00fcre kad\u0131l\u0131k yapt\u0131, ancak daha sonra bu mesle\u011fi terk ederek kendisini bilime verdi ve hayat\u0131 boyunca devam edecek olan bir akademik seyahate ba\u015flad\u0131. Buhara, Semerkant, Merv ve Belh gibi kendi b\u00f6lgesinin veya \u0130ran\u2019\u0131n \u00f6nemli ilim ve k\u00fclt\u00fcr merkezlerini ziyaret etti, uzun y\u0131llar o co\u011frafyalarda \u00f6\u011frenciler yeti\u015ftirdi. Daha sonra Ba\u011fdat\u2019a yerle\u015fti. Ba\u011fdat\u2019a gitti\u011finde k\u0131rk ya\u015f\u0131n\u0131 ge\u00e7mi\u015f bulunuyordu. Yirmi y\u0131l kadar Ba\u011fdat\u2019ta ya\u015fayan ve eserlerinin \u00e7o\u011funu burada kaleme alan Farabi, \u00f6zellikle felsefe, mant\u0131k ve musiki ba\u015fta olmak \u00fczere de\u011fi\u015fik alanlarda eserler verdi. Bilge ve musiki\u015finas Farabi, 941 y\u0131l\u0131nda D\u0131ma\u015fk\u2019a gitti. 950 y\u0131l\u0131nda seksen ya\u015flar\u0131nda orada vefat etti. Farabi\u2019den geriye 100\u2019den fazla eser kald\u0131.   \u00c7a\u011fda\u015f \u0130ranl\u0131 yazar Abbas Cihangiriyan\u2019\u0131n bu eseri, Farabi\u2019nin hayat hik\u00e2yesini ve eserlerini gen\u00e7 ku\u015faklara tan\u0131tmak amac\u0131yla roman format\u0131nda kaleme al\u0131nm\u0131\u015ft\u0131r. T\u00fcrk\u00e7emize kazand\u0131rarak bu b\u00fcy\u00fck bilgeyi gen\u00e7 ku\u015faklar\u0131m\u0131za tan\u0131tmay\u0131 ama\u00e7lad\u0131k\u2026 <\/p>\n","protected":false},"excerpt":{"rendered":"<p>Farabi 871 y\u0131l\u0131nda T\u00fcrkistan\u2019\u0131n Farab \u015fehri yak\u0131nlar\u0131ndaki Vesic\u2019te d\u00fcnyaya geldi. Babas\u0131, Vesic Kalesi kumandan\u0131yd\u0131. Samano\u011fullar\u0131 egemenli\u011finde \u00f6nemli bir e\u011fitim ve k\u00fclt\u00fcr merkezi konumunda bulunan Farab\u2019da iyi<span class=\"excerpt-hellip\"> [\u2026]<\/span><\/p>\n","protected":false},"featured_media":0,"template":"","meta":{"_monsterinsights_skip_tracking":false,"_monsterinsights_sitenote_active":false,"_monsterinsights_sitenote_note":"","_monsterinsights_sitenote_category":0},"product_brand":[],"product_cat":[12291,12711],"product_tag":[],"class_list":{"0":"post-763344","1":"product","2":"type-product","3":"status-publish","5":"product_cat-edebiyat","6":"product_cat-roman-oyku","7":"pa_cilt-ciltsiz","8":"pa_tur-kitap","9":"pa_yayinevi-pinhan-yayincilik","10":"pa_yazar-abbas-cihangiriyan","12":"first","13":"instock","14":"sale","15":"shipping-taxable","16":"purchasable","17":"product-type-simple"},"_links":{"self":[{"href":"https:\/\/roveyayinevi.com.tr\/index.php\/wp-json\/wp\/v2\/product\/763344","targetHints":{"allow":["GET"]}}],"collection":[{"href":"https:\/\/roveyayinevi.com.tr\/index.php\/wp-json\/wp\/v2\/product"}],"about":[{"href":"https:\/\/roveyayinevi.com.tr\/index.php\/wp-json\/wp\/v2\/types\/product"}],"wp:attachment":[{"href":"https:\/\/roveyayinevi.com.tr\/index.php\/wp-json\/wp\/v2\/media?parent=763344"}],"wp:term":[{"taxonomy":"product_brand","embeddable":true,"href":"https:\/\/roveyayinevi.com.tr\/index.php\/wp-json\/wp\/v2\/product_brand?post=763344"},{"taxonomy":"product_cat","embeddable":true,"href":"https:\/\/roveyayinevi.com.tr\/index.php\/wp-json\/wp\/v2\/product_cat?post=763344"},{"taxonomy":"product_tag","embeddable":true,"href":"https:\/\/roveyayinevi.com.tr\/index.php\/wp-json\/wp\/v2\/product_tag?post=763344"}],"curies":[{"name":"wp","href":"https:\/\/api.w.org\/{rel}","templated":true}]}}