{"id":763343,"date":"2025-08-28T10:37:39","date_gmt":"2025-08-28T07:37:39","guid":{"rendered":"https:\/\/roveyayinevi.com.tr\/index.php\/urun\/ruya-uzerine\/"},"modified":"2026-04-15T03:28:40","modified_gmt":"2026-04-15T00:28:40","slug":"ruya-uzerine","status":"publish","type":"product","link":"https:\/\/roveyayinevi.com.tr\/index.php\/urun\/ruya-uzerine\/","title":{"rendered":"R\u00fcya \u00dczerine"},"content":{"rendered":"<p>&#8220;Uyan\u0131kl\u0131kta da r\u00fcyada da ayn\u0131 yetiler i\u015f ba\u015f\u0131ndad\u0131r ama birinde gerilim alt\u0131nda, di\u011ferinde gev\u015fektirler. R\u00fcya t\u00fcm zihinsel ya\u015fam\u0131 bar\u0131nd\u0131r\u0131r, sadece odaklanma eksiktir. Yine alg\u0131lar\u0131z, yine hat\u0131rlar\u0131z, yine ak\u0131l y\u00fcr\u00fct\u00fcr\u00fcz: Alg\u0131lar, an\u0131lar ve uslamlamalar r\u00fcya g\u00f6ren ki\u015fide bolca g\u00f6r\u00fclebilir ama zihin sahas\u0131nda bu bolluk hi\u00e7bir anlam ifade etmez. \u00c7aba gerektiren \u015fey, s\u00f6z konusu d\u00fczenlemenin kesinli\u011fidir.&#8221; R\u00fcya \u00dczerine&#8217;nin bu edisyonunda Bergson&#8217;un Londra Psikoloji Enstit\u00fcs\u00fc&#8217;nde verdi\u011fi r\u00fcya \u00fczerine dersi ve Stevenson&#8217;\u0131n r\u00fcyalar \u00fczerine denemesini bir arada veriyoruz. Bergson i\u00e7in r\u00fcya hali ve uyan\u0131kl\u0131k halinde zihnin i\u015fleyi\u015f mekanizmas\u0131 prensipte ayn\u0131d\u0131r. Aralar\u0131ndaki as\u0131l fark uykuda kay\u0131ts\u0131zl\u0131k, uyan\u0131kl\u0131kta gerginlik halinin h\u00e2kim olmas\u0131d\u0131r. R\u00fcyalar\u0131n malzemelerinin nihai kayna\u011f\u0131 (\u00e7a\u011fr\u0131\u015f\u0131mlar\u0131n ili\u015fki kurdu\u011fu temel) bellektir ve bellekten hangi i\u00e7eri\u011fin y\u00fczeye \u00e7\u0131kaca\u011f\u0131n\u0131 belirleyen \u015feyse ister i\u00e7 d\u00fcnyada ya\u015fanan ister d\u0131\u015f d\u00fcnyadan duyular arac\u0131l\u0131\u011f\u0131yla alg\u0131lanan \u00e7a\u011fr\u0131\u015f\u0131mlard\u0131r. D\u00fcalite temas\u0131n\u0131n en \u00fcnl\u00fc \u00f6rneklerinden birini vermi\u015f olan R. L. Stevenson&#8217;\u0131n, yani Dr. Jekyll ile Bay Hyde&#8217;\u0131n yazar\u0131n\u0131n r\u00fcyalar \u00fczerine yorumu ya da daha do\u011frusu r\u00fcyalara bi\u00e7ti\u011fi de\u011fer nispeten farkl\u0131d\u0131r. Zira burada bir filozofun ve roman yazar\u0131n\u0131n ayn\u0131 konuya yakla\u015f\u0131m\u0131ndaki farkl\u0131l\u0131klar kendini g\u00f6steriyor, r\u00fcyalar\u0131n i\u015flevsel de\u011ferinin ne oldu\u011funu anlamak yerine yarat\u0131c\u0131l\u0131k bak\u0131m\u0131ndan ne rol ta\u015f\u0131d\u0131klar\u0131n\u0131 anlama kayg\u0131s\u0131 ediniliyor. Stevenson i\u00e7in r\u00fcya hali, &#8220;perilerinin&#8221; i\u015f ba\u015f\u0131nda oldu\u011fu, kendisine hik\u00e2yelerinin neredeyse t\u00fcm\u00fcn\u00fcn sa\u011fland\u0131\u011f\u0131 haldir. Hik\u00e2yelerinin ba\u015flang\u0131\u00e7 sahnelerini sa\u011flayan r\u00fcyalard\u0131r, yazarsa sadece ayr\u0131nt\u0131lar\u0131 dolduran ki\u015fidir.<\/p>\n","protected":false},"excerpt":{"rendered":"<p>&#8220;Uyan\u0131kl\u0131kta da r\u00fcyada da ayn\u0131 yetiler i\u015f ba\u015f\u0131ndad\u0131r ama birinde gerilim alt\u0131nda, di\u011ferinde gev\u015fektirler. R\u00fcya t\u00fcm zihinsel ya\u015fam\u0131 bar\u0131nd\u0131r\u0131r, sadece odaklanma eksiktir. Yine alg\u0131lar\u0131z, yine hat\u0131rlar\u0131z,<span class=\"excerpt-hellip\"> [\u2026]<\/span><\/p>\n","protected":false},"featured_media":0,"template":"","meta":{"_monsterinsights_skip_tracking":false,"_monsterinsights_sitenote_active":false,"_monsterinsights_sitenote_note":"","_monsterinsights_sitenote_category":0},"product_brand":[],"product_cat":[12357],"product_tag":[],"class_list":{"0":"post-763343","1":"product","2":"type-product","3":"status-publish","5":"product_cat-psikoloji","6":"pa_cilt-ciltsiz","7":"pa_tur-kitap","8":"pa_yayinevi-pinhan-yayincilik","9":"pa_yazar-henri-bergson","11":"first","12":"instock","13":"sale","14":"shipping-taxable","15":"purchasable","16":"product-type-simple"},"_links":{"self":[{"href":"https:\/\/roveyayinevi.com.tr\/index.php\/wp-json\/wp\/v2\/product\/763343","targetHints":{"allow":["GET"]}}],"collection":[{"href":"https:\/\/roveyayinevi.com.tr\/index.php\/wp-json\/wp\/v2\/product"}],"about":[{"href":"https:\/\/roveyayinevi.com.tr\/index.php\/wp-json\/wp\/v2\/types\/product"}],"wp:attachment":[{"href":"https:\/\/roveyayinevi.com.tr\/index.php\/wp-json\/wp\/v2\/media?parent=763343"}],"wp:term":[{"taxonomy":"product_brand","embeddable":true,"href":"https:\/\/roveyayinevi.com.tr\/index.php\/wp-json\/wp\/v2\/product_brand?post=763343"},{"taxonomy":"product_cat","embeddable":true,"href":"https:\/\/roveyayinevi.com.tr\/index.php\/wp-json\/wp\/v2\/product_cat?post=763343"},{"taxonomy":"product_tag","embeddable":true,"href":"https:\/\/roveyayinevi.com.tr\/index.php\/wp-json\/wp\/v2\/product_tag?post=763343"}],"curies":[{"name":"wp","href":"https:\/\/api.w.org\/{rel}","templated":true}]}}