{"id":763342,"date":"2025-08-28T10:37:38","date_gmt":"2025-08-28T07:37:38","guid":{"rendered":"https:\/\/roveyayinevi.com.tr\/index.php\/urun\/insanlarin-davranislari-ve-soylularin-yukumlulukleri\/"},"modified":"2026-04-15T03:28:40","modified_gmt":"2026-04-15T00:28:40","slug":"insanlarin-davranislari-ve-soylularin-yukumlulukleri","status":"publish","type":"product","link":"https:\/\/roveyayinevi.com.tr\/index.php\/urun\/insanlarin-davranislari-ve-soylularin-yukumlulukleri\/","title":{"rendered":"\u0130nsanlar\u0131n Davran\u0131\u015flar\u0131 ve Soylular\u0131n Y\u00fck\u00fcml\u00fcl\u00fckleri"},"content":{"rendered":"<p>Satranc\u0131 temel alan bu eser hikayeler ve vecizeler arac\u0131l\u0131\u011f\u0131yla ideal toplumu aktarmaktad\u0131r. Satranc\u0131n Avrupa\u2019da ciddi \u00f6l\u00e7\u00fcde yay\u0131ld\u0131\u011f\u0131 bir d\u00f6nemde yaz\u0131lmas\u0131 sebebiyle de s\u00fckse yapm\u0131\u015f ve uzun s\u00fcre boyunca en \u00e7ok okunan kitaplar aras\u0131nda yerini alm\u0131\u015ft\u0131r. Satran\u00e7taki \u015fah, vezir, at, fil ve kale soylular\u0131, piyonlarsa halk\u0131 (t\u00fcccar\u0131, hekimi, \u00e7ift\u00e7iyi vs.) temsil etmektedir. Her ta\u015f\u0131n konumu, \u00f6zelli\u011fi, hareket kabiliyeti ve aralar\u0131ndaki ili\u015fki \u00f6nceden belirlenmi\u015ftir. Dolay\u0131s\u0131yla Iacobus\u2019a g\u00f6re toplumu (krall\u0131\u011f\u0131) olu\u015fturan unsurlar\u0131n konumu, davran\u0131\u015flar\u0131, g\u00f6revleri ve aralar\u0131ndaki ili\u015fkiler nettir. \u00d6te yandan bu d\u00fczenin arkas\u0131nda, Iacobus taraf\u0131ndan ustaca yerle\u015ftirilmi\u015f bir karma\u015fa da g\u00f6r\u00fclmektedir. Satranc\u0131n ke\u015ffedildi\u011fi yer olarak g\u00f6sterilen Babil sayesinde, daha ilk sayfalarda g\u00f6z\u00fcm\u00fcze \u00e7arpan distopik durum, Iacobus\u2019un mensubu oldu\u011fu toplumun karma\u015fas\u0131na zaman zaman de\u011finmesiyle daha da belirgin olmaktad\u0131r. Antik \u00c7a\u011f\u2019dan, kutsal kitaplardan ve kendi d\u00f6neminden ald\u0131\u011f\u0131 hikayeler ve vecizeler de bu \u00f6rg\u00fcye hizmet etmektedir ve \u00f6rneklerini belirli bir d\u00f6nem ya da toplum k\u0131s\u0131tlamas\u0131yla vermeyen Iacobus, karma\u015fa ve d\u00fczen aras\u0131nda gidip gelen toplumun bir par\u00e7as\u0131 olan insan\u0131n ya\u015fam\u0131n\u0131 okuyucuya anlatmaktad\u0131r.<\/p>\n","protected":false},"excerpt":{"rendered":"<p>Satranc\u0131 temel alan bu eser hikayeler ve vecizeler arac\u0131l\u0131\u011f\u0131yla ideal toplumu aktarmaktad\u0131r. Satranc\u0131n Avrupa\u2019da ciddi \u00f6l\u00e7\u00fcde yay\u0131ld\u0131\u011f\u0131 bir d\u00f6nemde yaz\u0131lmas\u0131 sebebiyle de s\u00fckse yapm\u0131\u015f ve uzun<span class=\"excerpt-hellip\"> [\u2026]<\/span><\/p>\n","protected":false},"featured_media":0,"template":"","meta":{"_monsterinsights_skip_tracking":false,"_monsterinsights_sitenote_active":false,"_monsterinsights_sitenote_note":"","_monsterinsights_sitenote_category":0},"product_brand":[],"product_cat":[12388],"product_tag":[],"class_list":{"0":"post-763342","1":"product","2":"type-product","3":"status-publish","5":"product_cat-felsefe","6":"pa_cilt-ciltsiz","7":"pa_tur-kitap","8":"pa_yayinevi-pinhan-yayincilik","9":"pa_yazar-iacobus-de-cessolis","11":"first","12":"instock","13":"sale","14":"shipping-taxable","15":"purchasable","16":"product-type-simple"},"_links":{"self":[{"href":"https:\/\/roveyayinevi.com.tr\/index.php\/wp-json\/wp\/v2\/product\/763342","targetHints":{"allow":["GET"]}}],"collection":[{"href":"https:\/\/roveyayinevi.com.tr\/index.php\/wp-json\/wp\/v2\/product"}],"about":[{"href":"https:\/\/roveyayinevi.com.tr\/index.php\/wp-json\/wp\/v2\/types\/product"}],"wp:attachment":[{"href":"https:\/\/roveyayinevi.com.tr\/index.php\/wp-json\/wp\/v2\/media?parent=763342"}],"wp:term":[{"taxonomy":"product_brand","embeddable":true,"href":"https:\/\/roveyayinevi.com.tr\/index.php\/wp-json\/wp\/v2\/product_brand?post=763342"},{"taxonomy":"product_cat","embeddable":true,"href":"https:\/\/roveyayinevi.com.tr\/index.php\/wp-json\/wp\/v2\/product_cat?post=763342"},{"taxonomy":"product_tag","embeddable":true,"href":"https:\/\/roveyayinevi.com.tr\/index.php\/wp-json\/wp\/v2\/product_tag?post=763342"}],"curies":[{"name":"wp","href":"https:\/\/api.w.org\/{rel}","templated":true}]}}