{"id":763339,"date":"2025-08-28T10:37:34","date_gmt":"2025-08-28T07:37:34","guid":{"rendered":"https:\/\/roveyayinevi.com.tr\/index.php\/urun\/zengin-kadin\/"},"modified":"2026-04-15T03:28:40","modified_gmt":"2026-04-15T00:28:40","slug":"zengin-kadin","status":"publish","type":"product","link":"https:\/\/roveyayinevi.com.tr\/index.php\/urun\/zengin-kadin\/","title":{"rendered":"Zengin Kad\u0131n"},"content":{"rendered":"<p>PARANIN KONTROL\u00dcN\u00dc EL\u0130NE AL&#8230;  HAYATININ KONTROL\u00dcN\u00dc EL\u0130NE AL!Finansal a\u00e7\u0131dan \u00f6zg\u00fcr olmada \u0131srar eden kad\u0131nlar i\u00e7in bir kitap\u2026Kendine bakmas\u0131 i\u00e7in kimseye \u2013ne bir erke\u011fe, ne ailesine, ne bir \u015firkete ne de devlete\u2013 bel ba\u011flamayan kad\u0131nlar.  SEVG\u0130L\u0130 OKUR,Zengin Kad\u0131n, kad\u0131nlar i\u00e7in bir yat\u0131r\u0131m kitab\u0131. Peki neden sadece kad\u0131nlar i\u00e7in bir yat\u0131r\u0131m kitab\u0131 yaz\u0131ld\u0131? \u00c7ok iyi bir sebebi var.Yat\u0131r\u0131m nedenleri ve nas\u0131llar\u0131 \u2013hisse senedi nas\u0131l al\u0131n\u0131p sat\u0131l\u0131r ya da k\u00e2rl\u0131 kira getirisi i\u00e7in al\u0131nacak ev nas\u0131l bulunur\u2013 hem erkekler hem de kad\u0131nlar i\u00e7in ayn\u0131d\u0131r. Farkl\u0131 olan \u015fey ise konu para ve yat\u0131r\u0131m oldu\u011funda kad\u0131nlar\u0131n kar\u015f\u0131la\u015ft\u0131\u011f\u0131 benzersiz sorunlar. Bu konudaki istatistikler \u00fcrk\u00fct\u00fcc\u00fc ve d\u00fc\u015f\u00fcnd\u00fcr\u00fcc\u00fc. Ayr\u0131ca veriler ABD endeksli olsa ve oranlar de\u011fi\u015fse bile, d\u00fcnya \u00e7ap\u0131ndaki trendlerin benzer oldu\u011funa inan\u0131yorum.50 ya\u015f \u00fczeri kad\u0131nlar\u0131n %47\u2019si bekarEvliliklerin %50\u2019si bo\u015fanmayla sonu\u00e7lan\u0131yor \u2013 ve \u00e7iftlerin kavga etmesinin #1 numaral\u0131 nedeni paraBo\u015fanma sonras\u0131 ilk y\u0131lda kad\u0131nlar\u0131n ya\u015fam standard\u0131 ortalama %73 oran\u0131nda d\u00fc\u015f\u00fcyorYoksulluk i\u00e7inde ya\u015fayan ya\u015fl\u0131lar aras\u0131nda her d\u00f6rt ki\u015fiden \u00fc\u00e7\u00fc kad\u0131n \u2013 oysa bu kad\u0131nlar\u0131n %80\u2019i e\u015fleri hayattayken yoksul de\u011fildiT\u00fcm kad\u0131nlar\u0131n %90\u2019\u0131 ya\u015famlar\u0131n\u0131n bir a\u015famas\u0131nda kendi mali refahlar\u0131ndan tek ba\u015flar\u0131na kendileri sorumlu olacak. Kabul edin kad\u0131nlar; annelerimiz ve anneannelerimiz i\u00e7in i\u015fe yarayan \u015feyler, bizler, k\u0131zlar\u0131m\u0131z ve k\u0131z torunlar\u0131m\u0131z i\u00e7in i\u015fe yaram\u0131yor. Yani art\u0131k kad\u0131nlar\u0131n kendi paralar\u0131n\u0131 ak\u0131ll\u0131ca kullanmalar\u0131n\u0131n vakti geldi.Benim tutkulu oldu\u011fum \u015fey, hayatlar\u0131nda olmas\u0131n\u0131 istedikleri ve hak ettikleri finansal g\u00fcvenlik ve g\u00f6n\u00fcl rahatl\u0131\u011f\u0131n\u0131 yaratmak i\u00e7in kad\u0131nlar\u0131 e\u011fitip y\u00fcreklendirmek. E\u011fer sizin de istedi\u011finiz bu ise, o halde bu kitab\u0131n sizin i\u00e7in \u00e7ok de\u011ferli olaca\u011f\u0131na inan\u0131yorum. Kadehleri Zengin Kad\u0131n olarak ba\u015far\u0131n\u0131za kald\u0131r\u0131yoruz!<\/p>\n","protected":false},"excerpt":{"rendered":"<p>PARANIN KONTROL\u00dcN\u00dc EL\u0130NE AL&#8230; HAYATININ KONTROL\u00dcN\u00dc EL\u0130NE AL!Finansal a\u00e7\u0131dan \u00f6zg\u00fcr olmada \u0131srar eden kad\u0131nlar i\u00e7in bir kitap\u2026Kendine bakmas\u0131 i\u00e7in kimseye \u2013ne bir erke\u011fe, ne ailesine, ne<span class=\"excerpt-hellip\"> [\u2026]<\/span><\/p>\n","protected":false},"featured_media":0,"template":"","meta":{"_monsterinsights_skip_tracking":false,"_monsterinsights_sitenote_active":false,"_monsterinsights_sitenote_note":"","_monsterinsights_sitenote_category":0},"product_brand":[],"product_cat":[13043,17647],"product_tag":[],"class_list":{"0":"post-763339","1":"product","2":"type-product","3":"status-publish","5":"product_cat-ekonomi","6":"product_cat-is-dunyasi","7":"pa_cilt-ciltsiz","8":"pa_tur-kitap","9":"pa_yayinevi-alfa-yayinlari","10":"pa_yazar-kim-kiyosaki","12":"first","13":"instock","14":"sale","15":"shipping-taxable","16":"purchasable","17":"product-type-simple"},"_links":{"self":[{"href":"https:\/\/roveyayinevi.com.tr\/index.php\/wp-json\/wp\/v2\/product\/763339","targetHints":{"allow":["GET"]}}],"collection":[{"href":"https:\/\/roveyayinevi.com.tr\/index.php\/wp-json\/wp\/v2\/product"}],"about":[{"href":"https:\/\/roveyayinevi.com.tr\/index.php\/wp-json\/wp\/v2\/types\/product"}],"wp:attachment":[{"href":"https:\/\/roveyayinevi.com.tr\/index.php\/wp-json\/wp\/v2\/media?parent=763339"}],"wp:term":[{"taxonomy":"product_brand","embeddable":true,"href":"https:\/\/roveyayinevi.com.tr\/index.php\/wp-json\/wp\/v2\/product_brand?post=763339"},{"taxonomy":"product_cat","embeddable":true,"href":"https:\/\/roveyayinevi.com.tr\/index.php\/wp-json\/wp\/v2\/product_cat?post=763339"},{"taxonomy":"product_tag","embeddable":true,"href":"https:\/\/roveyayinevi.com.tr\/index.php\/wp-json\/wp\/v2\/product_tag?post=763339"}],"curies":[{"name":"wp","href":"https:\/\/api.w.org\/{rel}","templated":true}]}}