{"id":763335,"date":"2025-08-28T10:37:29","date_gmt":"2025-08-28T07:37:29","guid":{"rendered":"https:\/\/roveyayinevi.com.tr\/index.php\/urun\/italyada-leziz-gunler\/"},"modified":"2026-04-15T03:28:40","modified_gmt":"2026-04-15T00:28:40","slug":"italyada-leziz-gunler","status":"publish","type":"product","link":"https:\/\/roveyayinevi.com.tr\/index.php\/urun\/italyada-leziz-gunler\/","title":{"rendered":"\u0130talya\u2019da Leziz G\u00fcnler"},"content":{"rendered":"<p>Osman Halit \u015eeneldir i\u00e7in yemek; ekonomi, felsefe, sanat, tarih, siyaset, k\u00fclt\u00fcr, sosyoloji, kimya, biyoloji, jeoloji ve \u00e7ok daha fazlas\u0131. Tarihte insanlar\u0131n ne yediklerini bilmenin toplumlar\u0131 ve d\u00f6nemleri anlamada \u00f6nemli oldu\u011funu d\u00fc\u015f\u00fcnen yazar, \u0130talya\u2019n\u0131n en lezzetli yemeklerinin pe\u015fine d\u00fc\u015f\u00fcyor. Kimi zaman Napoli\u2019de bir pizzac\u0131da, Roma\u2019da bir makarnac\u0131da, Sicilya\u2019da k\u00fc\u00e7\u00fck bir lokantada kimi zaman da Lombardiya\u2019da \u00fc\u00e7 Michelin y\u0131ld\u0131zl\u0131 bir restoranda, Puglia\u2019da bir konakta buluyor arad\u0131\u011f\u0131n\u0131. Bazen de yeme\u011fe ara verip \u0130talya\u2019n\u0131n tarihi yerlerinde, sanata doymu\u015f sokaklar\u0131nda gezdiriyor okuru. \u0130talya\u2019n\u0131n tarihini, sanat\u0131n\u0131, k\u00fclt\u00fcr\u00fcn\u00fc, en \u00e7ok da restoranlar\u0131n\u0131 ve yemeklerini \u00f6\u011frenmek i\u00e7in e\u015fsiz bir rehber sunuyor okura. \u0130ster \u0130talya seyahatinizde rehber olarak kullan\u0131n, ister koltu\u011funuzdan kalkmadan \u0130talya\u2019da biraz dola\u015fmak isteyin; bask\u0131n tatlar\u0131, do\u011fal malzemeleri ve \u015fa\u015f\u0131rt\u0131c\u0131 \u00e7e\u015fitlili\u011fiyle \u00fcnl\u00fc \u0130talyan yemekleriyle dolu bu kitap i\u015ftah\u0131n\u0131z\u0131 kabartacak. <\/p>\n","protected":false},"excerpt":{"rendered":"<p>Osman Halit \u015eeneldir i\u00e7in yemek; ekonomi, felsefe, sanat, tarih, siyaset, k\u00fclt\u00fcr, sosyoloji, kimya, biyoloji, jeoloji ve \u00e7ok daha fazlas\u0131. Tarihte insanlar\u0131n ne yediklerini bilmenin toplumlar\u0131 ve<span class=\"excerpt-hellip\"> [\u2026]<\/span><\/p>\n","protected":false},"featured_media":0,"template":"","meta":{"_monsterinsights_skip_tracking":false,"_monsterinsights_sitenote_active":false,"_monsterinsights_sitenote_note":"","_monsterinsights_sitenote_category":0},"product_brand":[],"product_cat":[22706,12457],"product_tag":[],"class_list":{"0":"post-763335","1":"product","2":"type-product","3":"status-publish","5":"product_cat-dunya-mutfagi","6":"product_cat-yemek-kitaplari","7":"pa_cilt-ciltsiz","8":"pa_tur-kitap","9":"pa_yayinevi-hep-kitap","10":"pa_yazar-osman-halit-seneldir","12":"first","13":"instock","14":"sale","15":"shipping-taxable","16":"purchasable","17":"product-type-simple"},"_links":{"self":[{"href":"https:\/\/roveyayinevi.com.tr\/index.php\/wp-json\/wp\/v2\/product\/763335","targetHints":{"allow":["GET"]}}],"collection":[{"href":"https:\/\/roveyayinevi.com.tr\/index.php\/wp-json\/wp\/v2\/product"}],"about":[{"href":"https:\/\/roveyayinevi.com.tr\/index.php\/wp-json\/wp\/v2\/types\/product"}],"wp:attachment":[{"href":"https:\/\/roveyayinevi.com.tr\/index.php\/wp-json\/wp\/v2\/media?parent=763335"}],"wp:term":[{"taxonomy":"product_brand","embeddable":true,"href":"https:\/\/roveyayinevi.com.tr\/index.php\/wp-json\/wp\/v2\/product_brand?post=763335"},{"taxonomy":"product_cat","embeddable":true,"href":"https:\/\/roveyayinevi.com.tr\/index.php\/wp-json\/wp\/v2\/product_cat?post=763335"},{"taxonomy":"product_tag","embeddable":true,"href":"https:\/\/roveyayinevi.com.tr\/index.php\/wp-json\/wp\/v2\/product_tag?post=763335"}],"curies":[{"name":"wp","href":"https:\/\/api.w.org\/{rel}","templated":true}]}}