{"id":763329,"date":"2025-08-28T10:37:18","date_gmt":"2025-08-28T07:37:18","guid":{"rendered":"https:\/\/roveyayinevi.com.tr\/index.php\/urun\/bir-nefes-yeter\/"},"modified":"2026-01-30T03:56:45","modified_gmt":"2026-01-30T00:56:45","slug":"bir-nefes-yeter","status":"publish","type":"product","link":"https:\/\/roveyayinevi.com.tr\/index.php\/urun\/bir-nefes-yeter\/","title":{"rendered":"Bir Nefes Yeter"},"content":{"rendered":"<p>Belki bir g\u00fcl\u00fc\u015f Ard\u0131ndan masum bir buse Y\u00fcrekler birlikte \u00e7arps\u0131n Usul\u00fcnce, Eller kenetlenmese de olur Solunan ayn\u0131 oksijense G\u00f6z bebeklerinde belirse resmim Kirpiklerin s\u00fcslese f\u0131r\u00e7a yerine Bak\u0131\u015flar anlatsa sevgileri Sus\u2026Nokta koy, sessiz ol \u00c7ok \u015fey istemedim ki Sadece bir nefes yeter<\/p>\n","protected":false},"excerpt":{"rendered":"<p>Belki bir g\u00fcl\u00fc\u015f Ard\u0131ndan masum bir buse Y\u00fcrekler birlikte \u00e7arps\u0131n Usul\u00fcnce, Eller kenetlenmese de olur Solunan ayn\u0131 oksijense G\u00f6z bebeklerinde belirse resmim Kirpiklerin s\u00fcslese f\u0131r\u00e7a yerine<span class=\"excerpt-hellip\"> [\u2026]<\/span><\/p>\n","protected":false},"featured_media":0,"template":"","meta":{"_monsterinsights_skip_tracking":false,"_monsterinsights_sitenote_active":false,"_monsterinsights_sitenote_note":"","_monsterinsights_sitenote_category":0},"product_brand":[],"product_cat":[12291,12509],"product_tag":[],"class_list":{"0":"post-763329","1":"product","2":"type-product","3":"status-publish","5":"product_cat-edebiyat","6":"product_cat-siir","7":"pa_cilt-ciltsiz","8":"pa_tur-kitap","9":"pa_yayinevi-vova-yayinlari","10":"pa_yazar-osman-guler","12":"first","13":"instock","14":"sale","15":"shipping-taxable","16":"purchasable","17":"product-type-simple"},"_links":{"self":[{"href":"https:\/\/roveyayinevi.com.tr\/index.php\/wp-json\/wp\/v2\/product\/763329","targetHints":{"allow":["GET"]}}],"collection":[{"href":"https:\/\/roveyayinevi.com.tr\/index.php\/wp-json\/wp\/v2\/product"}],"about":[{"href":"https:\/\/roveyayinevi.com.tr\/index.php\/wp-json\/wp\/v2\/types\/product"}],"wp:attachment":[{"href":"https:\/\/roveyayinevi.com.tr\/index.php\/wp-json\/wp\/v2\/media?parent=763329"}],"wp:term":[{"taxonomy":"product_brand","embeddable":true,"href":"https:\/\/roveyayinevi.com.tr\/index.php\/wp-json\/wp\/v2\/product_brand?post=763329"},{"taxonomy":"product_cat","embeddable":true,"href":"https:\/\/roveyayinevi.com.tr\/index.php\/wp-json\/wp\/v2\/product_cat?post=763329"},{"taxonomy":"product_tag","embeddable":true,"href":"https:\/\/roveyayinevi.com.tr\/index.php\/wp-json\/wp\/v2\/product_tag?post=763329"}],"curies":[{"name":"wp","href":"https:\/\/api.w.org\/{rel}","templated":true}]}}