{"id":763328,"date":"2025-08-28T10:37:17","date_gmt":"2025-08-28T07:37:17","guid":{"rendered":"https:\/\/roveyayinevi.com.tr\/index.php\/urun\/kendindeki-tanrisal-isigi-fark-et\/"},"modified":"2026-04-11T14:31:30","modified_gmt":"2026-04-11T11:31:30","slug":"kendindeki-tanrisal-isigi-fark-et","status":"publish","type":"product","link":"https:\/\/roveyayinevi.com.tr\/index.php\/urun\/kendindeki-tanrisal-isigi-fark-et\/","title":{"rendered":"Kendindeki Tanr\u0131sal I\u015f\u0131\u011f\u0131 Fark Et!"},"content":{"rendered":"<p>O, kendi nuruna \u015fekil verdi ve insan\u0131 yerk\u00fcrede de\u011fi\u015fik co\u011frafyalarda yerle\u015ftirdi. Hepsi de kendisi, kendi par\u00e7as\u0131 ve \u0131\u015f\u0131k huzmesiydi. \u0130nsan bu yarat\u0131l\u0131\u015f\u0131n\u0131 unuttu, \u0131\u015f\u0131k kendinde gizli kald\u0131. \u201cBen kimim, nereden geldim?\u201d diye aray\u0131\u015fa ge\u00e7enler, o \u0131\u015f\u0131\u011f\u0131n fark\u0131na varmaya ba\u015flad\u0131lar ve yola koyuldular. Yol; tanr\u0131sal bilin\u00e7 \u0131\u015f\u0131\u011f\u0131nda huzura yolculuk oldu. Bu yol sevgi yoludur. Ger\u00e7ek anlamda fark\u0131na varan, Yaradan\u2019\u0131 kendindeki \u0131\u015f\u0131kta arayan, isteyen ve iste\u011finde samimi olan bu yolculu\u011fu ba\u015far\u0131yla tamamlayabilir. \u015eunu her zaman hat\u0131rlay\u0131n ve hi\u00e7 unutmay\u0131n ki; Yaradan sizi kendindeki sevgi ile kendi nurundan yaratt\u0131 ve nuru anlayabilmeniz i\u00e7in de ak\u0131l bah\u015fetti! \u00d6ncelikle \u00f6z\u00fcn\u00fcz\u00fc olu\u015fturan nurunuzu size y\u00f6n tayin eden akl\u0131n\u0131zla fark edin ki olu\u015fumlar\u0131 rahatl\u0131kla anlayabilin. Zira bu anlay\u0131\u015fla ya\u015famdaki yans\u0131y\u0131\u015f\u0131n\u0131z sizin tanr\u0131sal \u0131\u015f\u0131\u011f\u0131n\u0131z\u0131n sergileni\u015fi olacakt\u0131r! <\/p>\n","protected":false},"excerpt":{"rendered":"<p>O, kendi nuruna \u015fekil verdi ve insan\u0131 yerk\u00fcrede de\u011fi\u015fik co\u011frafyalarda yerle\u015ftirdi. Hepsi de kendisi, kendi par\u00e7as\u0131 ve \u0131\u015f\u0131k huzmesiydi. \u0130nsan bu yarat\u0131l\u0131\u015f\u0131n\u0131 unuttu, \u0131\u015f\u0131k kendinde gizli<span class=\"excerpt-hellip\"> [\u2026]<\/span><\/p>\n","protected":false},"featured_media":0,"template":"","meta":{"_monsterinsights_skip_tracking":false,"_monsterinsights_sitenote_active":false,"_monsterinsights_sitenote_note":"","_monsterinsights_sitenote_category":0},"product_brand":[],"product_cat":[12364,12376],"product_tag":[],"class_list":{"0":"post-763328","1":"product","2":"type-product","3":"status-publish","5":"product_cat-genel-konular","6":"product_cat-kisisel-gelisim","7":"pa_cilt-ciltsiz","8":"pa_tur-kitap","9":"pa_yayinevi-doksan-dokuz-yayinlari","10":"pa_yazar-fuat-erkan","12":"first","13":"instock","14":"sale","15":"shipping-taxable","16":"purchasable","17":"product-type-simple"},"_links":{"self":[{"href":"https:\/\/roveyayinevi.com.tr\/index.php\/wp-json\/wp\/v2\/product\/763328","targetHints":{"allow":["GET"]}}],"collection":[{"href":"https:\/\/roveyayinevi.com.tr\/index.php\/wp-json\/wp\/v2\/product"}],"about":[{"href":"https:\/\/roveyayinevi.com.tr\/index.php\/wp-json\/wp\/v2\/types\/product"}],"wp:attachment":[{"href":"https:\/\/roveyayinevi.com.tr\/index.php\/wp-json\/wp\/v2\/media?parent=763328"}],"wp:term":[{"taxonomy":"product_brand","embeddable":true,"href":"https:\/\/roveyayinevi.com.tr\/index.php\/wp-json\/wp\/v2\/product_brand?post=763328"},{"taxonomy":"product_cat","embeddable":true,"href":"https:\/\/roveyayinevi.com.tr\/index.php\/wp-json\/wp\/v2\/product_cat?post=763328"},{"taxonomy":"product_tag","embeddable":true,"href":"https:\/\/roveyayinevi.com.tr\/index.php\/wp-json\/wp\/v2\/product_tag?post=763328"}],"curies":[{"name":"wp","href":"https:\/\/api.w.org\/{rel}","templated":true}]}}