{"id":763327,"date":"2025-08-28T10:37:16","date_gmt":"2025-08-28T07:37:16","guid":{"rendered":"https:\/\/roveyayinevi.com.tr\/index.php\/urun\/kulyutmaz\/"},"modified":"2026-04-15T03:28:40","modified_gmt":"2026-04-15T00:28:40","slug":"kulyutmaz","status":"publish","type":"product","link":"https:\/\/roveyayinevi.com.tr\/index.php\/urun\/kulyutmaz\/","title":{"rendered":"Ku\u0308lyutmaz"},"content":{"rendered":"<p>Kimlik av\u0131 doland\u0131r\u0131c\u0131l\u0131\u011f\u0131ndan Saadet zincirlerine, sahte bilimden sanat sahtecili\u011fine, satran\u00e7 hilecilerinden kripto doland\u0131r\u0131c\u0131lar\u0131na ve pazarlamac\u0131lardan sihirbazlara kadar d\u00fcnyam\u0131z aldatmacalarla dolu. K\u00fclyutmaz\u2019da \u00e7ok satan kitaplar\u0131n yazarlar\u0131 psikolog Daniel Simons ve Christopher Chabris bize kand\u0131r\u0131lmaktan nas\u0131l ka\u00e7\u0131naca\u011f\u0131m\u0131z\u0131 g\u00f6steriyor. Ayr\u0131ca, g\u00f6rd\u00fc\u011f\u00fcm\u00fcz\u00fc kabul etme ve kesinlik ile tutarl\u0131l\u0131\u011fa a\u015f\u0131r\u0131 de\u011fer verme e\u011filimimiz gibi, \u00e7o\u011fu zaman i\u015fimize yarayan ancak bizi savunmas\u0131z k\u0131lan temel d\u00fc\u015f\u00fcnme ve ak\u0131l y\u00fcr\u00fctme al\u0131\u015fkanl\u0131klar\u0131n\u0131 da tan\u0131ml\u0131yor. Yazarlar\u0131n kand\u0131r\u0131lma psikolojisi \u00fczerine yeni bak\u0131\u015f a\u00e7\u0131lar\u0131n\u0131 sunduklar\u0131 her b\u00f6l\u00fcmde, daha once hi\u00e7 duymad\u0131\u011f\u0131n\u0131z doland\u0131r\u0131c\u0131l\u0131klarla kar\u015f\u0131la\u015facak ve bunlarla nas\u0131l ba\u015fa \u00e7\u0131kaca\u011f\u0131n\u0131z\u0131 \u00f6\u011freneceksiniz. Bilgilendirici, ayd\u0131nlat\u0131c\u0131 ve e\u011flenceli bu kitapbizi her t\u00fcrl\u00fc \u015farlatandan koruyacak ve kendimizi d\u00fczenbazl\u0131klara kar\u015f\u0131 \u00e7ok daha g\u00fcven de hissetmemizi sa\u011flayacak. <\/p>\n","protected":false},"excerpt":{"rendered":"<p>Kimlik av\u0131 doland\u0131r\u0131c\u0131l\u0131\u011f\u0131ndan Saadet zincirlerine, sahte bilimden sanat sahtecili\u011fine, satran\u00e7 hilecilerinden kripto doland\u0131r\u0131c\u0131lar\u0131na ve pazarlamac\u0131lardan sihirbazlara kadar d\u00fcnyam\u0131z aldatmacalarla dolu. K\u00fclyutmaz\u2019da \u00e7ok satan kitaplar\u0131n yazarlar\u0131 psikolog<span class=\"excerpt-hellip\"> [\u2026]<\/span><\/p>\n","protected":false},"featured_media":0,"template":"","meta":{"_monsterinsights_skip_tracking":false,"_monsterinsights_sitenote_active":false,"_monsterinsights_sitenote_note":"","_monsterinsights_sitenote_category":0},"product_brand":[],"product_cat":[12357],"product_tag":[],"class_list":{"0":"post-763327","1":"product","2":"type-product","3":"status-publish","5":"product_cat-psikoloji","6":"pa_cilt-ciltsiz","7":"pa_tur-kitap","8":"pa_yayinevi-say-yayinlari","9":"pa_yazar-christopher-chabris-daniel-simons","11":"first","12":"instock","13":"sale","14":"shipping-taxable","15":"purchasable","16":"product-type-simple"},"_links":{"self":[{"href":"https:\/\/roveyayinevi.com.tr\/index.php\/wp-json\/wp\/v2\/product\/763327","targetHints":{"allow":["GET"]}}],"collection":[{"href":"https:\/\/roveyayinevi.com.tr\/index.php\/wp-json\/wp\/v2\/product"}],"about":[{"href":"https:\/\/roveyayinevi.com.tr\/index.php\/wp-json\/wp\/v2\/types\/product"}],"wp:attachment":[{"href":"https:\/\/roveyayinevi.com.tr\/index.php\/wp-json\/wp\/v2\/media?parent=763327"}],"wp:term":[{"taxonomy":"product_brand","embeddable":true,"href":"https:\/\/roveyayinevi.com.tr\/index.php\/wp-json\/wp\/v2\/product_brand?post=763327"},{"taxonomy":"product_cat","embeddable":true,"href":"https:\/\/roveyayinevi.com.tr\/index.php\/wp-json\/wp\/v2\/product_cat?post=763327"},{"taxonomy":"product_tag","embeddable":true,"href":"https:\/\/roveyayinevi.com.tr\/index.php\/wp-json\/wp\/v2\/product_tag?post=763327"}],"curies":[{"name":"wp","href":"https:\/\/api.w.org\/{rel}","templated":true}]}}