{"id":763320,"date":"2025-08-28T10:37:05","date_gmt":"2025-08-28T07:37:05","guid":{"rendered":"https:\/\/roveyayinevi.com.tr\/index.php\/urun\/ben-karanliktan-hic-korkmam\/"},"modified":"2026-04-15T03:28:40","modified_gmt":"2026-04-15T00:28:40","slug":"ben-karanliktan-hic-korkmam","status":"publish","type":"product","link":"https:\/\/roveyayinevi.com.tr\/index.php\/urun\/ben-karanliktan-hic-korkmam\/","title":{"rendered":"Ben Karanl\u0131ktan Hi\u00e7 Korkmam"},"content":{"rendered":"<p>Meyveler Sebzelere Kar\u015f\u0131 ve \u00c7ekirdek ile Yumurta&#8217;n\u0131n yazar\u0131ndan\u2026   Fare ormanda gezerken \u00f6yle e\u011flenmi\u015fti ki saatin ge\u00e7 oldu\u011funu bile fark etmedi. G\u00f6lgeler uzad\u0131, hava iyice karard\u0131. Fare korkmu\u015ftu. Tam o s\u0131rada yan\u0131 ba\u015f\u0131nda \u0131\u015f\u0131k sa\u00e7an bir ate\u015f b\u00f6ce\u011fi belirdi. Yakla\u015ft\u0131 farenin yan\u0131na ve \u015f\u00f6yle dedi: \u201cI\u015f\u0131l benim ad\u0131m, haydi gel yolunu ayd\u0131nlatay\u0131m!\u201d Fare, I\u015f\u0131l ile birlikte evine do\u011fru yola \u00e7\u0131k\u0131nca, karanl\u0131ktan hi\u00e7 mi hi\u00e7 (Ger\u00e7ekten mi!?) korkmayan di\u011fer orman sakinleri de onlara kat\u0131l\u0131yor. \u00dclkemizde \u00e7ok sevilen \u00f6d\u00fcll\u00fc yazar Alex Latimer&#8217;den korkular ve dayan\u0131\u015fma \u00fczerine komik ve benzersiz bir hik\u00e2ye. <\/p>\n","protected":false},"excerpt":{"rendered":"<p>Meyveler Sebzelere Kar\u015f\u0131 ve \u00c7ekirdek ile Yumurta&#8217;n\u0131n yazar\u0131ndan\u2026 Fare ormanda gezerken \u00f6yle e\u011flenmi\u015fti ki saatin ge\u00e7 oldu\u011funu bile fark etmedi. G\u00f6lgeler uzad\u0131, hava iyice karard\u0131. Fare<span class=\"excerpt-hellip\"> [\u2026]<\/span><\/p>\n","protected":false},"featured_media":0,"template":"","meta":{"_monsterinsights_skip_tracking":false,"_monsterinsights_sitenote_active":false,"_monsterinsights_sitenote_note":"","_monsterinsights_sitenote_category":0},"product_brand":[],"product_cat":[12274,12518],"product_tag":[],"class_list":{"0":"post-763320","1":"product","2":"type-product","3":"status-publish","5":"product_cat-cocuk-ve-genclik-kitaplari","6":"product_cat-okul-oncesi-kitaplar","7":"pa_cilt-ciltsiz","8":"pa_tur-kitap","9":"pa_yayinevi-domingo-yayinevi","10":"pa_yazar-alex-latimer","12":"first","13":"instock","14":"sale","15":"shipping-taxable","16":"purchasable","17":"product-type-simple"},"_links":{"self":[{"href":"https:\/\/roveyayinevi.com.tr\/index.php\/wp-json\/wp\/v2\/product\/763320","targetHints":{"allow":["GET"]}}],"collection":[{"href":"https:\/\/roveyayinevi.com.tr\/index.php\/wp-json\/wp\/v2\/product"}],"about":[{"href":"https:\/\/roveyayinevi.com.tr\/index.php\/wp-json\/wp\/v2\/types\/product"}],"wp:attachment":[{"href":"https:\/\/roveyayinevi.com.tr\/index.php\/wp-json\/wp\/v2\/media?parent=763320"}],"wp:term":[{"taxonomy":"product_brand","embeddable":true,"href":"https:\/\/roveyayinevi.com.tr\/index.php\/wp-json\/wp\/v2\/product_brand?post=763320"},{"taxonomy":"product_cat","embeddable":true,"href":"https:\/\/roveyayinevi.com.tr\/index.php\/wp-json\/wp\/v2\/product_cat?post=763320"},{"taxonomy":"product_tag","embeddable":true,"href":"https:\/\/roveyayinevi.com.tr\/index.php\/wp-json\/wp\/v2\/product_tag?post=763320"}],"curies":[{"name":"wp","href":"https:\/\/api.w.org\/{rel}","templated":true}]}}