{"id":763317,"date":"2025-08-28T10:37:00","date_gmt":"2025-08-28T07:37:00","guid":{"rendered":"https:\/\/roveyayinevi.com.tr\/index.php\/urun\/sen-ve-ben-2\/"},"modified":"2026-04-15T03:28:40","modified_gmt":"2026-04-15T00:28:40","slug":"sen-ve-ben-2","status":"publish","type":"product","link":"https:\/\/roveyayinevi.com.tr\/index.php\/urun\/sen-ve-ben-2\/","title":{"rendered":"Sen ve Ben"},"content":{"rendered":"<p>E\u011fer kalabal\u0131ktaysan ama yaln\u0131zsan, herkese \u00e7ok yak\u0131nsan ama bir o kadar da uzaksan ve g\u00fcl\u00fcms\u00fcyorsan i\u00e7inde derin, buruk bir bo\u015fluk varken. Yapacak \u00e7ok \u015feyin varsa fakat hepsini yapacak kadar vaktin olmad\u0131\u011f\u0131n\u0131 d\u00fc\u015f\u00fcnd\u00fc\u011f\u00fcnden her \u015feyi yar\u0131m b\u0131rak\u0131yorsan&#8230; Ben de senin gibiyim, belki de seninle duruyorum, yan\u0131nda ya da yan\u0131nda hissedece\u011fin bir yerde. \u015eimdi sana beni anlataca\u011f\u0131m ya da bendeki seni. \u015eimdi ben buraday\u0131m. \u0130ki elinin aras\u0131nda tuttu\u011fun kitapta de\u011fil, kafanday\u0131m, orada yaratt\u0131\u011f\u0131nda&#8230; O her nas\u0131lsa ve ne yap\u0131yorsa ben oraday\u0131m. Bu bir tesad\u00fcf de\u011fil, anlayacaks\u0131n. Benden alabileceklerini, sonras\u0131nda ald\u0131klar\u0131n\u0131 sadece sen bileceksin. Bu bir ba\u015flang\u0131\u00e7&#8230; Y\u00fcre\u011finin sesini duyuyorum, aray\u0131\u015f\u0131n\u0131 biliyorum. Bedenimi, ruhumu sonuna kadar a\u00e7t\u0131m. Ruhum benim liderim. Ya\u015fam\u0131n hesap defterini kapat\u0131p, izlemek yerine ya\u015famaya ba\u015flad\u0131\u011f\u0131n an neleri hissedece\u011fini hissetmek, benim varolu\u015fumun ta kendisi&#8230; Gel hadi anlataca\u011f\u0131m, sonra da gidece\u011fim. <\/p>\n","protected":false},"excerpt":{"rendered":"<p>E\u011fer kalabal\u0131ktaysan ama yaln\u0131zsan, herkese \u00e7ok yak\u0131nsan ama bir o kadar da uzaksan ve g\u00fcl\u00fcms\u00fcyorsan i\u00e7inde derin, buruk bir bo\u015fluk varken. Yapacak \u00e7ok \u015feyin varsa fakat<span class=\"excerpt-hellip\"> [\u2026]<\/span><\/p>\n","protected":false},"featured_media":0,"template":"","meta":{"_monsterinsights_skip_tracking":false,"_monsterinsights_sitenote_active":false,"_monsterinsights_sitenote_note":"","_monsterinsights_sitenote_category":0},"product_brand":[],"product_cat":[12364,12376],"product_tag":[],"class_list":{"0":"post-763317","1":"product","2":"type-product","3":"status-publish","5":"product_cat-genel-konular","6":"product_cat-kisisel-gelisim","7":"pa_cilt-ciltsiz","8":"pa_tur-kitap","9":"pa_yayinevi-ucuncu-goz","10":"pa_yazar-aret-vartanyan","12":"first","13":"instock","14":"sale","15":"shipping-taxable","16":"purchasable","17":"product-type-simple"},"_links":{"self":[{"href":"https:\/\/roveyayinevi.com.tr\/index.php\/wp-json\/wp\/v2\/product\/763317","targetHints":{"allow":["GET"]}}],"collection":[{"href":"https:\/\/roveyayinevi.com.tr\/index.php\/wp-json\/wp\/v2\/product"}],"about":[{"href":"https:\/\/roveyayinevi.com.tr\/index.php\/wp-json\/wp\/v2\/types\/product"}],"wp:attachment":[{"href":"https:\/\/roveyayinevi.com.tr\/index.php\/wp-json\/wp\/v2\/media?parent=763317"}],"wp:term":[{"taxonomy":"product_brand","embeddable":true,"href":"https:\/\/roveyayinevi.com.tr\/index.php\/wp-json\/wp\/v2\/product_brand?post=763317"},{"taxonomy":"product_cat","embeddable":true,"href":"https:\/\/roveyayinevi.com.tr\/index.php\/wp-json\/wp\/v2\/product_cat?post=763317"},{"taxonomy":"product_tag","embeddable":true,"href":"https:\/\/roveyayinevi.com.tr\/index.php\/wp-json\/wp\/v2\/product_tag?post=763317"}],"curies":[{"name":"wp","href":"https:\/\/api.w.org\/{rel}","templated":true}]}}