{"id":763313,"date":"2025-08-28T10:36:55","date_gmt":"2025-08-28T07:36:55","guid":{"rendered":"https:\/\/roveyayinevi.com.tr\/index.php\/urun\/300-soruda-cocugunuz-sizden-ne-bekliyor\/"},"modified":"2026-04-15T03:28:39","modified_gmt":"2026-04-15T00:28:39","slug":"300-soruda-cocugunuz-sizden-ne-bekliyor","status":"publish","type":"product","link":"https:\/\/roveyayinevi.com.tr\/index.php\/urun\/300-soruda-cocugunuz-sizden-ne-bekliyor\/","title":{"rendered":"300 Soruda \u00c7ocu\u011funuz Sizden Ne Bekliyor?"},"content":{"rendered":"<p>.  Yuvaya gitmeye haz\u0131r m\u0131? \u00b7  Hangi oyuncakla oynas\u0131n? \u00b7  Tuvalet e\u011fitimine ne zaman ve nas\u0131l ba\u015flayal\u0131m? \u00b7  Anneler ne zaman i\u015fe d\u00f6necek? \u00b7  Babalar ne zaman baba olduklar\u0131n\u0131 hissedecek? \u00b7  Hastalan\u0131rsa ne yapal\u0131m? \u00b7  Ne yedirelim, ne i\u00e7irelim, nas\u0131l bakal\u0131m? \u00b7  Okula haz\u0131r m\u0131? Akademik becerileri \u015fimdiden geli\u015fir mi? \u00b7  Ekran ba\u015f\u0131ndan nas\u0131l kalkar? \u00b7  Ruh sa\u011fl\u0131\u011f\u0131n\u0131n bozulup bozulmad\u0131\u011f\u0131n\u0131 nas\u0131l anlar\u0131m? \u00b7  Ruhsal a\u00e7\u0131dan dayan\u0131kl\u0131 k\u0131lmak i\u00e7in ne yapar\u0131m? \u00b7  T\u00fcm bunlar genetik mi?   300 Soruda \u00c7ocu\u011funuz Sizden Ne Bekliyor, ya\u015fam\u0131n ilk 6 y\u0131l\u0131nda \u00e7ocuklar\u0131n\u0131n ruhsal ve bedensel geli\u015fimini desteklemek isteyen anne babalar i\u00e7in haz\u0131rlanm\u0131\u015f bir rehber. Kitap, yap\u0131lmas\u0131 veya yap\u0131lmamas\u0131 gerekenler listelerinin \u00f6tesinde anne babalar\u0131 kendi deneyimleri \u00fczerine d\u00fc\u015f\u00fcnmeye davet ediyor. Ger\u00e7ek ya\u015fam \u00f6rnekleri ve uzman hekim g\u00f6r\u00fc\u015fleri ile zenginle\u015ftirilmi\u015f \u00fc\u00e7 y\u00fcz\u00fcn \u00fczerinde soruyu, anne babal\u0131\u011f\u0131n zorluklar\u0131n\u0131 g\u00f6z ard\u0131 etmeden, bilimsel bilgilerin \u0131\u015f\u0131\u011f\u0131nda yan\u0131tl\u0131yor. \u00c7ocuk hekimi \u015eule Yazgan, \u00e7ocuk\/ergen psikiyatrlar\u0131 Onur Tu\u011f\u00e7e Poyraz F\u0131nd\u0131k ve Yank\u0131 Yazgan bu kitapta bir araya geldiler. Sorular \u00fczerine beraberce d\u00fc\u015f\u00fcn\u00fcp tart\u0131\u015farak, kendi uzmanl\u0131klar\u0131na dayanarak bu kitab\u0131 yazd\u0131lar. Yararl\u0131 olmas\u0131 ve keyifle okuman\u0131z dile\u011fiyle. Ve 0-6 ya\u015f aras\u0131nda \u00e7ocu\u011fu olan anne-babalar\u0131n uzmanlara s\u0131k\u00e7a sordu\u011fu \u00fc\u00e7 y\u00fczden fazla soru. <\/p>\n","protected":false},"excerpt":{"rendered":"<p>. Yuvaya gitmeye haz\u0131r m\u0131? \u00b7 Hangi oyuncakla oynas\u0131n? \u00b7 Tuvalet e\u011fitimine ne zaman ve nas\u0131l ba\u015flayal\u0131m? \u00b7 Anneler ne zaman i\u015fe d\u00f6necek? \u00b7 Babalar ne<span class=\"excerpt-hellip\"> [\u2026]<\/span><\/p>\n","protected":false},"featured_media":0,"template":"","meta":{"_monsterinsights_skip_tracking":false,"_monsterinsights_sitenote_active":false,"_monsterinsights_sitenote_note":"","_monsterinsights_sitenote_category":0},"product_brand":[],"product_cat":[12357],"product_tag":[],"class_list":{"0":"post-763313","1":"product","2":"type-product","3":"status-publish","5":"product_cat-psikoloji","6":"pa_cilt-ciltsiz","7":"pa_tur-kitap","8":"pa_yayinevi-inkilap-kitabevi","9":"pa_yazar-yanki-yazgan-sule-yazgan-onur-tugce-poyraz-findik","11":"first","12":"instock","13":"sale","14":"shipping-taxable","15":"purchasable","16":"product-type-simple"},"_links":{"self":[{"href":"https:\/\/roveyayinevi.com.tr\/index.php\/wp-json\/wp\/v2\/product\/763313","targetHints":{"allow":["GET"]}}],"collection":[{"href":"https:\/\/roveyayinevi.com.tr\/index.php\/wp-json\/wp\/v2\/product"}],"about":[{"href":"https:\/\/roveyayinevi.com.tr\/index.php\/wp-json\/wp\/v2\/types\/product"}],"wp:attachment":[{"href":"https:\/\/roveyayinevi.com.tr\/index.php\/wp-json\/wp\/v2\/media?parent=763313"}],"wp:term":[{"taxonomy":"product_brand","embeddable":true,"href":"https:\/\/roveyayinevi.com.tr\/index.php\/wp-json\/wp\/v2\/product_brand?post=763313"},{"taxonomy":"product_cat","embeddable":true,"href":"https:\/\/roveyayinevi.com.tr\/index.php\/wp-json\/wp\/v2\/product_cat?post=763313"},{"taxonomy":"product_tag","embeddable":true,"href":"https:\/\/roveyayinevi.com.tr\/index.php\/wp-json\/wp\/v2\/product_tag?post=763313"}],"curies":[{"name":"wp","href":"https:\/\/api.w.org\/{rel}","templated":true}]}}