{"id":763312,"date":"2025-08-28T10:36:54","date_gmt":"2025-08-28T07:36:54","guid":{"rendered":"https:\/\/roveyayinevi.com.tr\/index.php\/urun\/32-alintida-felsefe-tarihi\/"},"modified":"2026-04-15T03:28:39","modified_gmt":"2026-04-15T00:28:39","slug":"32-alintida-felsefe-tarihi","status":"publish","type":"product","link":"https:\/\/roveyayinevi.com.tr\/index.php\/urun\/32-alintida-felsefe-tarihi\/","title":{"rendered":"32 Al\u0131nt\u0131da Felsefe Tarihi"},"content":{"rendered":"<p>Felsefe binlerce y\u0131ld\u0131r bizi ya\u015fam\u0131m\u0131z \u00fczerine tefekk\u00fcr etmeye, hakikati anlamaya, ele\u015ftirmeyi \u00f6\u011frenmeye ve en \u00f6nemlisi sorgulamaya y\u00f6neltmeyi ama\u00e7lam\u0131\u015ft\u0131r. Ancak felsefe metinlerinin ve kavramlar\u0131n\u0131n, bu alanda uzman olmayan biri i\u00e7in neredeyse anla\u015f\u0131lmaz olmas\u0131 insanlar\u0131 felsefeden uzak tutmakta ve felsefenin bu nedenle k\u00f6t\u00fc bir \u00fcne sahip olmas\u0131na neden olmaktad\u0131r. Her ne kadar b\u00f6yle bir zorlu\u011fu oldu\u011fu d\u00fc\u015f\u00fcn\u00fclse de felsefe biz fark\u0131nda olmadan hayatlar\u0131m\u0131z\u0131n bir par\u00e7as\u0131 haline gelmi\u015ftir. 32 Al\u0131nt\u0131da Felsefe Tarihi okurlar\u0131 zamanda bir yolculu\u011fa \u00e7\u0131kararak Herakleitos\u2019tan Aristoteles\u2019e, Thomas More\u2019dan Kant\u2019a, Nietzsche\u2019den Deleuze\u2019e kadar felsefe tarihinin yarat\u0131c\u0131lar\u0131n\u0131 onlardan yap\u0131lan al\u0131nt\u0131larla ele al\u0131yor. \u00dcnl\u00fc filozoflar\u0131n felsefeleri ve temel kavramlar\u0131 bu al\u0131nt\u0131lar temelinde basit\u00e7e ele al\u0131narak okur ile felsefe aras\u0131nda bir k\u00f6pr\u00fc kuruluyor. 32 Al\u0131nt\u0131da Felsefe Tarihi okurlar\u0131n\u0131 felsefe jargonuyla tan\u0131\u015ft\u0131rmakla kalmayacak, felsefenin sahip oldu\u011fu anla\u015f\u0131lmazl\u0131k kisvesinden s\u0131yr\u0131lmas\u0131nda \u00f6nemli bir rol oynayacakt\u0131r.<\/p>\n","protected":false},"excerpt":{"rendered":"<p>Felsefe binlerce y\u0131ld\u0131r bizi ya\u015fam\u0131m\u0131z \u00fczerine tefekk\u00fcr etmeye, hakikati anlamaya, ele\u015ftirmeyi \u00f6\u011frenmeye ve en \u00f6nemlisi sorgulamaya y\u00f6neltmeyi ama\u00e7lam\u0131\u015ft\u0131r. Ancak felsefe metinlerinin ve kavramlar\u0131n\u0131n, bu alanda uzman<span class=\"excerpt-hellip\"> [\u2026]<\/span><\/p>\n","protected":false},"featured_media":0,"template":"","meta":{"_monsterinsights_skip_tracking":false,"_monsterinsights_sitenote_active":false,"_monsterinsights_sitenote_note":"","_monsterinsights_sitenote_category":0},"product_brand":[],"product_cat":[12388,14717],"product_tag":[],"class_list":{"0":"post-763312","1":"product","2":"type-product","3":"status-publish","5":"product_cat-felsefe","6":"product_cat-felsefe-tarihi","7":"pa_cilt-ciltsiz","8":"pa_tur-kitap","9":"pa_yayinevi-inkilap-kitabevi","10":"pa_yazar-mathias-leboeuf","12":"first","13":"instock","14":"sale","15":"shipping-taxable","16":"purchasable","17":"product-type-simple"},"_links":{"self":[{"href":"https:\/\/roveyayinevi.com.tr\/index.php\/wp-json\/wp\/v2\/product\/763312","targetHints":{"allow":["GET"]}}],"collection":[{"href":"https:\/\/roveyayinevi.com.tr\/index.php\/wp-json\/wp\/v2\/product"}],"about":[{"href":"https:\/\/roveyayinevi.com.tr\/index.php\/wp-json\/wp\/v2\/types\/product"}],"wp:attachment":[{"href":"https:\/\/roveyayinevi.com.tr\/index.php\/wp-json\/wp\/v2\/media?parent=763312"}],"wp:term":[{"taxonomy":"product_brand","embeddable":true,"href":"https:\/\/roveyayinevi.com.tr\/index.php\/wp-json\/wp\/v2\/product_brand?post=763312"},{"taxonomy":"product_cat","embeddable":true,"href":"https:\/\/roveyayinevi.com.tr\/index.php\/wp-json\/wp\/v2\/product_cat?post=763312"},{"taxonomy":"product_tag","embeddable":true,"href":"https:\/\/roveyayinevi.com.tr\/index.php\/wp-json\/wp\/v2\/product_tag?post=763312"}],"curies":[{"name":"wp","href":"https:\/\/api.w.org\/{rel}","templated":true}]}}