{"id":763310,"date":"2025-08-28T10:36:51","date_gmt":"2025-08-28T07:36:51","guid":{"rendered":"https:\/\/roveyayinevi.com.tr\/index.php\/urun\/mezopotamya-saclarimda\/"},"modified":"2026-04-15T03:28:39","modified_gmt":"2026-04-15T00:28:39","slug":"mezopotamya-saclarimda","status":"publish","type":"product","link":"https:\/\/roveyayinevi.com.tr\/index.php\/urun\/mezopotamya-saclarimda\/","title":{"rendered":"Mezopotamya Sa\u00e7lar\u0131mda"},"content":{"rendered":"<p>Kim dokunsa bana bir s\u00f6z ile \u015fimdi d\u00f6k\u00fcl\u00fcr\u00fcm bu sayfalar gibi Uyudu\u011fum yere yabanc\u0131y\u0131m Y\u00fcz\u00fcn\u00fc ar\u0131yorum kapad\u0131\u011f\u0131mda g\u00f6zlerimi Bulsam bin y\u0131ll\u0131k \u00f6zlemi giderece\u011fim Sayfalar\u0131n aras\u0131nda kayboluyorum \u015fimdi Asur\u2019un yaln\u0131zl\u0131\u011f\u0131na ortak oluyorum \u0130\u015ftar Kap\u0131s\u0131\u2019nda durup seni bekliyorum Telakkisinin d\u0131\u015flad\u0131\u011f\u0131 kad\u0131nlar\u0131n ac\u0131s\u0131n\u0131 payla\u015f\u0131yorum Asma bah\u00e7elerine senden kalanlar\u0131 ekiyorum Elaml\u0131lar\u2019\u0131n sus \u015fehrinde kendimi unutuyorum Akadlar\u2019\u0131n tanr\u0131lar\u0131na senin ad\u0131n\u0131 veriyorum \u0130lk s\u00fcrg\u00fcn burada oldu diyorlar \u0130lk s\u00fcrg\u00fcne kar\u0131\u015f\u0131p ben de pay\u0131m\u0131 al\u0131yorum Hammurabi kanunlar\u0131 insan\u0131 \u00fc\u00e7e ay\u0131r\u0131yor, beni parampar\u00e7a ediyor burada Hangi sayfay\u0131 \u00e7evirsem sen oluyorsun Mezopotamya sa\u00e7lar\u0131mda Ben seni sakl\u0131yorum burada Buht\u00fcnnars\u2019\u0131n vicdana uzak oldu\u011fu kadar uzaks\u0131n sen de bana\u2026<\/p>\n","protected":false},"excerpt":{"rendered":"<p>Kim dokunsa bana bir s\u00f6z ile \u015fimdi d\u00f6k\u00fcl\u00fcr\u00fcm bu sayfalar gibi Uyudu\u011fum yere yabanc\u0131y\u0131m Y\u00fcz\u00fcn\u00fc ar\u0131yorum kapad\u0131\u011f\u0131mda g\u00f6zlerimi Bulsam bin y\u0131ll\u0131k \u00f6zlemi giderece\u011fim Sayfalar\u0131n aras\u0131nda kayboluyorum<span class=\"excerpt-hellip\"> [\u2026]<\/span><\/p>\n","protected":false},"featured_media":0,"template":"","meta":{"_monsterinsights_skip_tracking":false,"_monsterinsights_sitenote_active":false,"_monsterinsights_sitenote_note":"","_monsterinsights_sitenote_category":0},"product_brand":[],"product_cat":[12291,12509],"product_tag":[],"class_list":{"0":"post-763310","1":"product","2":"type-product","3":"status-publish","5":"product_cat-edebiyat","6":"product_cat-siir","7":"pa_cilt-ciltsiz","8":"pa_tur-kitap","9":"pa_yayinevi-luna-yayinlari","10":"pa_yazar-nigar-bayraktar","12":"first","13":"instock","14":"sale","15":"shipping-taxable","16":"purchasable","17":"product-type-simple"},"_links":{"self":[{"href":"https:\/\/roveyayinevi.com.tr\/index.php\/wp-json\/wp\/v2\/product\/763310","targetHints":{"allow":["GET"]}}],"collection":[{"href":"https:\/\/roveyayinevi.com.tr\/index.php\/wp-json\/wp\/v2\/product"}],"about":[{"href":"https:\/\/roveyayinevi.com.tr\/index.php\/wp-json\/wp\/v2\/types\/product"}],"wp:attachment":[{"href":"https:\/\/roveyayinevi.com.tr\/index.php\/wp-json\/wp\/v2\/media?parent=763310"}],"wp:term":[{"taxonomy":"product_brand","embeddable":true,"href":"https:\/\/roveyayinevi.com.tr\/index.php\/wp-json\/wp\/v2\/product_brand?post=763310"},{"taxonomy":"product_cat","embeddable":true,"href":"https:\/\/roveyayinevi.com.tr\/index.php\/wp-json\/wp\/v2\/product_cat?post=763310"},{"taxonomy":"product_tag","embeddable":true,"href":"https:\/\/roveyayinevi.com.tr\/index.php\/wp-json\/wp\/v2\/product_tag?post=763310"}],"curies":[{"name":"wp","href":"https:\/\/api.w.org\/{rel}","templated":true}]}}