{"id":763306,"date":"2025-08-28T10:36:45","date_gmt":"2025-08-28T07:36:45","guid":{"rendered":"https:\/\/roveyayinevi.com.tr\/index.php\/urun\/unutulan-yuzler\/"},"modified":"2026-04-15T03:28:39","modified_gmt":"2026-04-15T00:28:39","slug":"unutulan-yuzler","status":"publish","type":"product","link":"https:\/\/roveyayinevi.com.tr\/index.php\/urun\/unutulan-yuzler\/","title":{"rendered":"Unutulan Y\u00fczler"},"content":{"rendered":"<p>Bazen ge\u00e7 kal\u0131rs\u0131n bir \u00f6mre&#8230; Hik\u00e2ye biter, kendine d\u00f6nersin&#8230; Kald\u0131\u011f\u0131n yer, kanad\u0131\u011f\u0131n yerdir art\u0131k&#8230; Bilirsin, bir \u00f6mre bedel anlar vard\u0131r, Gelir &#8211; Ge\u00e7er&#8230;   Bir de bir \u00f6mre bedel an\u0131lar vard\u0131r&#8230; Sen gelip ge\u00e7ersin, o ge\u00e7mez&#8230;<\/p>\n","protected":false},"excerpt":{"rendered":"<p>Bazen ge\u00e7 kal\u0131rs\u0131n bir \u00f6mre&#8230; Hik\u00e2ye biter, kendine d\u00f6nersin&#8230; Kald\u0131\u011f\u0131n yer, kanad\u0131\u011f\u0131n yerdir art\u0131k&#8230; Bilirsin, bir \u00f6mre bedel anlar vard\u0131r, Gelir &#8211; Ge\u00e7er&#8230; Bir de bir<span class=\"excerpt-hellip\"> [\u2026]<\/span><\/p>\n","protected":false},"featured_media":0,"template":"","meta":{"_monsterinsights_skip_tracking":false,"_monsterinsights_sitenote_active":false,"_monsterinsights_sitenote_note":"","_monsterinsights_sitenote_category":0},"product_brand":[],"product_cat":[13072,12291],"product_tag":[],"class_list":{"0":"post-763306","1":"product","2":"type-product","3":"status-publish","5":"product_cat-arastirma-inceleme-referans","6":"product_cat-edebiyat","7":"pa_cilt-ciltsiz","8":"pa_tur-kitap","9":"pa_yayinevi-luna-yayinlari","10":"pa_yazar-ali-sahin","12":"first","13":"instock","14":"sale","15":"shipping-taxable","16":"purchasable","17":"product-type-simple"},"_links":{"self":[{"href":"https:\/\/roveyayinevi.com.tr\/index.php\/wp-json\/wp\/v2\/product\/763306","targetHints":{"allow":["GET"]}}],"collection":[{"href":"https:\/\/roveyayinevi.com.tr\/index.php\/wp-json\/wp\/v2\/product"}],"about":[{"href":"https:\/\/roveyayinevi.com.tr\/index.php\/wp-json\/wp\/v2\/types\/product"}],"wp:attachment":[{"href":"https:\/\/roveyayinevi.com.tr\/index.php\/wp-json\/wp\/v2\/media?parent=763306"}],"wp:term":[{"taxonomy":"product_brand","embeddable":true,"href":"https:\/\/roveyayinevi.com.tr\/index.php\/wp-json\/wp\/v2\/product_brand?post=763306"},{"taxonomy":"product_cat","embeddable":true,"href":"https:\/\/roveyayinevi.com.tr\/index.php\/wp-json\/wp\/v2\/product_cat?post=763306"},{"taxonomy":"product_tag","embeddable":true,"href":"https:\/\/roveyayinevi.com.tr\/index.php\/wp-json\/wp\/v2\/product_tag?post=763306"}],"curies":[{"name":"wp","href":"https:\/\/api.w.org\/{rel}","templated":true}]}}