{"id":763305,"date":"2025-08-28T10:36:43","date_gmt":"2025-08-28T07:36:43","guid":{"rendered":"https:\/\/roveyayinevi.com.tr\/index.php\/urun\/don-kisot-16\/"},"modified":"2026-04-15T03:28:39","modified_gmt":"2026-04-15T00:28:39","slug":"don-kisot-16","status":"publish","type":"product","link":"https:\/\/roveyayinevi.com.tr\/index.php\/urun\/don-kisot-16\/","title":{"rendered":"Don Ki\u015fot"},"content":{"rendered":"<p>Don Ki\u015fot&#8217;a SEN de OKU dokunu\u015fu&#8230; Mehmet Atilla, Miguel de Cervantes&#8217;in \u00f6l\u00fcms\u00fcz eseri Don Ki\u015fot&#8217;u, \u015f\u00f6valyelik ruhunu g\u00fcn\u00fcm\u00fcz \u00e7ocuklar\u0131 i\u00e7in yeniden canland\u0131rmak ad\u0131na bir kez daha s\u00f6zc\u00fcklere d\u00f6k\u00fcyor. Ahmet Uzun&#8217;un g\u00f6zleri ok\u015fayan kara kalem \u00e7izimleri e\u015fli\u011finde &#8221;SEN de OKU Klasikler&#8221; koleksiyonundaki yerini alan kitap; k\u00f6t\u00fclere ceza, iyilere \u00f6d\u00fcl i\u00e7in yollara d\u00fc\u015fen &#8221;son&#8221; \u015f\u00f6valye Don Ki\u015fot&#8217;un kahramanl\u0131klar\u0131n\u0131 konu ediniyor. \u00d6zg\u00fcn metnine sad\u0131k kal\u0131narak iki b\u00f6l\u00fcm \u015feklinde sunulan bu hi\u00e7 eskimeyen macera, devrini tamamlam\u0131\u015f bir Orta \u00c7a\u011f kurumu olan \u015f\u00f6valyeli\u011fi hicvederken s\u0131n\u0131flar aras\u0131ndaki ayr\u0131ma da ele\u015ftirel bir bak\u0131\u015f getiriyor.Bir \u015f\u00f6valye, verdi\u011fi s\u00f6z\u00fc yerine getirmek zorundad\u0131r. \u0130htiyar Bay Kesada, \u0130spanya&#8217;n\u0131n La Man\u00e7a b\u00f6lgesinde ya\u015fayan, ad\u0131 san\u0131 bilinmeyen bir asilzadedir. M\u00fctevaz\u0131 d\u00fcnyas\u0131n\u0131 kahramanl\u0131k hik\u00e2yeleriyle hareketlendirmeye bay\u0131lan yaln\u0131z adam, g\u00fcn\u00fcn birinde yine okuduklar\u0131ndan esinle olmad\u0131k hayallere kap\u0131l\u0131r: Kendini \u015f\u00f6valye ilan edip haks\u0131zl\u0131klara kar\u015f\u0131 sava\u015facak, ezilenleri koruyacak, zalimlere dersini verecektir! Bunun i\u00e7in \u00f6nce ad\u0131n\u0131 de\u011fi\u015ftirir, sonra s\u0131ska at\u0131 Rosinante&#8217;yi ve seyisi San\u00e7o Panza&#8217;y\u0131 da yan\u0131na katarak yollara d\u00fc\u015fer. Ama elbette ki Bay Kesada, yani Don Ki\u015fot i\u00e7in d\u00fc\u015flerdeki hesap ger\u00e7ek hayatta tutmayacak, ba\u015f\u0131na gelmeyen kalmayacakt\u0131r. Yel de\u011firmenlerine sald\u0131r\u0131p Aynal\u0131 \u015e\u00f6valye&#8217;ye ve hatta aslanlara g\u00fcn\u00fcn\u00fc g\u00f6sterecek olan iki kafadar, kilometreler boyunca uzanacak destans\u0131 bir hik\u00e2yenin ve as\u0131rlara yay\u0131lan bir ser\u00fcvenin en \u00f6nemli kahramanlar\u0131na d\u00f6n\u00fc\u015feceklerdir&#8230; Hayata maceraperest bir \u015f\u00f6valyenin heyecanl\u0131 g\u00f6zleriyle bakmaya davet eden Don Ki\u015fot; adalet, iyilik, merhamet de\u011ferleriyle ku\u015fan\u0131p kahramanl\u0131\u011f\u0131n kitab\u0131n\u0131 sil ba\u015ftan yaz\u0131yor. Modern Avrupa&#8217;n\u0131n ilk roman\u0131 olarak kabul edilen bu e\u015fsiz klasik, hayal g\u00fcc\u00fcn\u00fcn ger\u00e7eklik alg\u0131m\u0131z\u0131 ne denli \u00e7e\u015fitlendirebilece\u011fini g\u00f6steren epik bir metin olma \u00f6zelli\u011fini de s\u00fcrd\u00fcr\u00fcyor. <\/p>\n","protected":false},"excerpt":{"rendered":"<p>Don Ki\u015fot&#8217;a SEN de OKU dokunu\u015fu&#8230; Mehmet Atilla, Miguel de Cervantes&#8217;in \u00f6l\u00fcms\u00fcz eseri Don Ki\u015fot&#8217;u, \u015f\u00f6valyelik ruhunu g\u00fcn\u00fcm\u00fcz \u00e7ocuklar\u0131 i\u00e7in yeniden canland\u0131rmak ad\u0131na bir kez daha<span class=\"excerpt-hellip\"> [\u2026]<\/span><\/p>\n","protected":false},"featured_media":0,"template":"","meta":{"_monsterinsights_skip_tracking":false,"_monsterinsights_sitenote_active":false,"_monsterinsights_sitenote_note":"","_monsterinsights_sitenote_category":0},"product_brand":[],"product_cat":[12274,12284],"product_tag":[],"class_list":{"0":"post-763305","1":"product","2":"type-product","3":"status-publish","5":"product_cat-cocuk-ve-genclik-kitaplari","6":"product_cat-hikayeler","7":"pa_cilt-ciltsiz","8":"pa_tur-kitap","9":"pa_yayinevi-tudem-yayinlari","10":"pa_yazar-cervantes","12":"first","13":"instock","14":"sale","15":"shipping-taxable","16":"purchasable","17":"product-type-simple"},"_links":{"self":[{"href":"https:\/\/roveyayinevi.com.tr\/index.php\/wp-json\/wp\/v2\/product\/763305","targetHints":{"allow":["GET"]}}],"collection":[{"href":"https:\/\/roveyayinevi.com.tr\/index.php\/wp-json\/wp\/v2\/product"}],"about":[{"href":"https:\/\/roveyayinevi.com.tr\/index.php\/wp-json\/wp\/v2\/types\/product"}],"wp:attachment":[{"href":"https:\/\/roveyayinevi.com.tr\/index.php\/wp-json\/wp\/v2\/media?parent=763305"}],"wp:term":[{"taxonomy":"product_brand","embeddable":true,"href":"https:\/\/roveyayinevi.com.tr\/index.php\/wp-json\/wp\/v2\/product_brand?post=763305"},{"taxonomy":"product_cat","embeddable":true,"href":"https:\/\/roveyayinevi.com.tr\/index.php\/wp-json\/wp\/v2\/product_cat?post=763305"},{"taxonomy":"product_tag","embeddable":true,"href":"https:\/\/roveyayinevi.com.tr\/index.php\/wp-json\/wp\/v2\/product_tag?post=763305"}],"curies":[{"name":"wp","href":"https:\/\/api.w.org\/{rel}","templated":true}]}}