{"id":763301,"date":"2025-08-28T10:36:37","date_gmt":"2025-08-28T07:36:37","guid":{"rendered":"https:\/\/roveyayinevi.com.tr\/index.php\/urun\/saglikli-kadin-mutlu-anne\/"},"modified":"2026-04-15T03:28:39","modified_gmt":"2026-04-15T00:28:39","slug":"saglikli-kadin-mutlu-anne","status":"publish","type":"product","link":"https:\/\/roveyayinevi.com.tr\/index.php\/urun\/saglikli-kadin-mutlu-anne\/","title":{"rendered":"Sa\u011fl\u0131kl\u0131 Kad\u0131n Mutlu Anne"},"content":{"rendered":"<p>Kad\u0131nlar, toplumun temeli ve k\u00f6kleridir. Kad\u0131n\u0131n sa\u011fl\u0131\u011f\u0131, toplumun sa\u011fl\u0131\u011f\u0131 demektir. Her insan\u0131n fiziksel ve hatta zihinsel sa\u011fl\u0131\u011f\u0131 anne rahminde \u015fekillenir. Beslenme ve ya\u015fam tarz\u0131n\u0131n yan\u0131 s\u0131ra annenin hayata bak\u0131\u015f\u0131 bile rahimdeki bebe\u011fi veya bebe\u011fe verilen s\u00fct\u00fc etkiler. Kad\u0131nlar, kendi sa\u011fl\u0131\u011f\u0131na \u00f6zen g\u00f6stermenin \u00f6nemini herkesten \u00f6nce anlamal\u0131d\u0131r ki, bunu erkekler de \u00f6\u011frenebilsin. B\u00f6ylece aile ve toplum, sa\u011fl\u0131k ve mutluluk i\u00e7inde ya\u015fayabilsin. Bu kitap, kad\u0131n sa\u011fl\u0131\u011f\u0131 konusuna geleneksel t\u0131p a\u00e7\u0131s\u0131ndan yakla\u015fmakta ve \u00f6nerilerde bulunmaktad\u0131r. Bu \u00f6neriler, sa\u011fl\u0131kl\u0131 ve mutlu bir ya\u015fam s\u00fcrecinde en b\u00fcy\u00fck destek\u00e7iniz olacakt\u0131r. <\/p>\n","protected":false},"excerpt":{"rendered":"<p>Kad\u0131nlar, toplumun temeli ve k\u00f6kleridir. Kad\u0131n\u0131n sa\u011fl\u0131\u011f\u0131, toplumun sa\u011fl\u0131\u011f\u0131 demektir. Her insan\u0131n fiziksel ve hatta zihinsel sa\u011fl\u0131\u011f\u0131 anne rahminde \u015fekillenir. Beslenme ve ya\u015fam tarz\u0131n\u0131n yan\u0131 s\u0131ra<span class=\"excerpt-hellip\"> [\u2026]<\/span><\/p>\n","protected":false},"featured_media":0,"template":"","meta":{"_monsterinsights_skip_tracking":false,"_monsterinsights_sitenote_active":false,"_monsterinsights_sitenote_note":"","_monsterinsights_sitenote_category":0},"product_brand":[],"product_cat":[13366,13365],"product_tag":[],"class_list":{"0":"post-763301","1":"product","2":"type-product","3":"status-publish","5":"product_cat-diger-saglik","6":"product_cat-saglik","7":"pa_cilt-ciltsiz","8":"pa_tur-kitap","9":"pa_yayinevi-cinaralti-yayinlari","10":"pa_yazar-farzollah-gholizadeh-fariba-bayrami","12":"first","13":"instock","14":"sale","15":"shipping-taxable","16":"purchasable","17":"product-type-simple"},"_links":{"self":[{"href":"https:\/\/roveyayinevi.com.tr\/index.php\/wp-json\/wp\/v2\/product\/763301","targetHints":{"allow":["GET"]}}],"collection":[{"href":"https:\/\/roveyayinevi.com.tr\/index.php\/wp-json\/wp\/v2\/product"}],"about":[{"href":"https:\/\/roveyayinevi.com.tr\/index.php\/wp-json\/wp\/v2\/types\/product"}],"wp:attachment":[{"href":"https:\/\/roveyayinevi.com.tr\/index.php\/wp-json\/wp\/v2\/media?parent=763301"}],"wp:term":[{"taxonomy":"product_brand","embeddable":true,"href":"https:\/\/roveyayinevi.com.tr\/index.php\/wp-json\/wp\/v2\/product_brand?post=763301"},{"taxonomy":"product_cat","embeddable":true,"href":"https:\/\/roveyayinevi.com.tr\/index.php\/wp-json\/wp\/v2\/product_cat?post=763301"},{"taxonomy":"product_tag","embeddable":true,"href":"https:\/\/roveyayinevi.com.tr\/index.php\/wp-json\/wp\/v2\/product_tag?post=763301"}],"curies":[{"name":"wp","href":"https:\/\/api.w.org\/{rel}","templated":true}]}}