{"id":763298,"date":"2025-08-28T10:36:33","date_gmt":"2025-08-28T07:36:33","guid":{"rendered":"https:\/\/roveyayinevi.com.tr\/index.php\/urun\/afet-ve-kriz-durumlarinda-saglik-hizmetleri-yonetimi\/"},"modified":"2026-04-15T03:28:39","modified_gmt":"2026-04-15T00:28:39","slug":"afet-ve-kriz-durumlarinda-saglik-hizmetleri-yonetimi","status":"publish","type":"product","link":"https:\/\/roveyayinevi.com.tr\/index.php\/urun\/afet-ve-kriz-durumlarinda-saglik-hizmetleri-yonetimi\/","title":{"rendered":"Afet ve Kriz Durumlar\u0131nda Sa\u011fl\u0131k Hizmetleri Y\u00f6netimi"},"content":{"rendered":"<p>\u0130\u00e7indekiler :   1. Afetlere Genel Bak\u0131\u015f ve Kavramsal \u00c7er\u00e7eve   2. Afet Y\u00f6netimi S\u00fcreci ve A\u015famalar\u0131   3. Afet ve Acil Durum Y\u00f6netimi Yap\u0131lanmas\u0131   4. Afetlerde Acil Sa\u011fl\u0131k Hizmetleri Mevzuat\u0131 ve \u00d6rg\u00fctlenmesi   5. Afet An\u0131nda Sa\u011fl\u0131k Hizmetlerinin Organizasyonu ve Olay Yeri Y\u00f6netimi   6. Hastane Afet ve Acil Durum Plan\u0131 (HAP)   7. Kimyasal, Biyolojik, Radyolojik ve N\u00fckleer Olaylarda Kriz Y\u00f6netimi   8. Afet ve Krizlerde Sa\u011fl\u0131k Y\u00f6neticisinin\/Liderin Rol\u00fc   9. Afetlerde \u0130nsan Kaynaklar\u0131 Y\u00f6netimi   10.Ulusal ve Uluslararas\u0131 \u0130nsani Sa\u011fl\u0131k Yard\u0131mlar\u0131n\u0131n Y\u00f6netimi   11.Afetlerde Haberle\u015fme ve \u0130leti\u015fim Y\u00f6netimi   12.Afetlerde Adli S\u00fcre\u00e7 ve Kimliklendirme   13.Afetlerde Halk Sa\u011fl\u0131\u011f\u0131 Hizmetlerinin Y\u00f6netimi   14.Afetlerde Ruh Sa\u011fl\u0131\u011f\u0131 ve Psikososyal Destek Hizmetleri   15.T\u0131p E\u011fitiminde Afet ve Acil Durum Y\u00f6netiminin Yeri <\/p>\n","protected":false},"excerpt":{"rendered":"<p>\u0130\u00e7indekiler : 1. Afetlere Genel Bak\u0131\u015f ve Kavramsal \u00c7er\u00e7eve 2. Afet Y\u00f6netimi S\u00fcreci ve A\u015famalar\u0131 3. Afet ve Acil Durum Y\u00f6netimi Yap\u0131lanmas\u0131 4. Afetlerde Acil Sa\u011fl\u0131k<span class=\"excerpt-hellip\"> [\u2026]<\/span><\/p>\n","protected":false},"featured_media":0,"template":"","meta":{"_monsterinsights_skip_tracking":false,"_monsterinsights_sitenote_active":false,"_monsterinsights_sitenote_note":"","_monsterinsights_sitenote_category":0},"product_brand":[],"product_cat":[13366,13365],"product_tag":[],"class_list":{"0":"post-763298","1":"product","2":"type-product","3":"status-publish","5":"product_cat-diger-saglik","6":"product_cat-saglik","7":"pa_cilt-ciltsiz","8":"pa_tur-kitap","9":"pa_yayinevi-gazi-kitabevi","10":"pa_yazar-kolektif","12":"first","13":"instock","14":"sale","15":"shipping-taxable","16":"purchasable","17":"product-type-simple"},"_links":{"self":[{"href":"https:\/\/roveyayinevi.com.tr\/index.php\/wp-json\/wp\/v2\/product\/763298","targetHints":{"allow":["GET"]}}],"collection":[{"href":"https:\/\/roveyayinevi.com.tr\/index.php\/wp-json\/wp\/v2\/product"}],"about":[{"href":"https:\/\/roveyayinevi.com.tr\/index.php\/wp-json\/wp\/v2\/types\/product"}],"wp:attachment":[{"href":"https:\/\/roveyayinevi.com.tr\/index.php\/wp-json\/wp\/v2\/media?parent=763298"}],"wp:term":[{"taxonomy":"product_brand","embeddable":true,"href":"https:\/\/roveyayinevi.com.tr\/index.php\/wp-json\/wp\/v2\/product_brand?post=763298"},{"taxonomy":"product_cat","embeddable":true,"href":"https:\/\/roveyayinevi.com.tr\/index.php\/wp-json\/wp\/v2\/product_cat?post=763298"},{"taxonomy":"product_tag","embeddable":true,"href":"https:\/\/roveyayinevi.com.tr\/index.php\/wp-json\/wp\/v2\/product_tag?post=763298"}],"curies":[{"name":"wp","href":"https:\/\/api.w.org\/{rel}","templated":true}]}}