{"id":763292,"date":"2025-08-28T10:36:26","date_gmt":"2025-08-28T07:36:26","guid":{"rendered":"https:\/\/roveyayinevi.com.tr\/index.php\/urun\/tematik-tasavvuf-literatur-seckisi-1\/"},"modified":"2026-04-15T03:28:39","modified_gmt":"2026-04-15T00:28:39","slug":"tematik-tasavvuf-literatur-seckisi-1","status":"publish","type":"product","link":"https:\/\/roveyayinevi.com.tr\/index.php\/urun\/tematik-tasavvuf-literatur-seckisi-1\/","title":{"rendered":"Tematik Tasavvuf Literat\u00fcr Se\u00e7kisi 1"},"content":{"rendered":"<p>\u00dclkemizde lisans\u00fcst\u00fc e\u011fitime ba\u015flayan \u00f6\u011frencilerin tezlerini s\u00fcresinde tamamlama oran\u0131, genelde y\u00fczde ellinin alt\u0131nda kalmaktad\u0131r. Bunun temel sebeplerinden biri, y\u00f6ntem a\u00e7\u0131s\u0131ndan yeterli donan\u0131ma sahip olunmamas\u0131d\u0131r. Ara\u015ft\u0131rmac\u0131 aday\u0131, akademik metin yaz\u0131m\u0131yla genelde tez s\u00fcrecinde kar\u015f\u0131la\u015fmaktad\u0131r. Bu durumda aday, mevcut verileri akademik kriterlere uygun bir metne d\u00f6n\u00fc\u015ft\u00fcrememe, ara\u015ft\u0131rma yapmaktan vazge\u00e7me gibi sorunlarla kar\u015f\u0131la\u015fabilmektedir. S\u00fcresinde bitirilen \u00e7al\u0131\u015fmalar\u0131n yay\u0131nlanma oranlar\u0131 ise daha d\u00fc\u015f\u00fck d\u00fczeydedir. Bunda da metnin niteli\u011fi \u00f6nemli bir etmendir. Y\u00f6ntem ediniminin bir y\u00fcz\u00fc teoriye, di\u011fer y\u00f6n\u00fc prati\u011fe dayal\u0131d\u0131r. 2021 y\u0131l\u0131nda Ankara \u00dcniversitesi Bilimsel Ara\u015ft\u0131rma Projeleri Koordinat\u00f6rl\u00fc\u011f\u00fcnce desteklenen ve edit\u00f6ryal tarzda haz\u0131rlanan \u201cSosyal Bilimlerde Disiplinleraras\u0131 \u00c7al\u0131\u015fman\u0131n \u0130mk\u00e2n\u0131: Tasavvuf \u00d6rne\u011fi\u201d ba\u015fl\u0131kl\u0131 \u00e7al\u0131\u015fma, genelde sosyal bilimler \u00f6zelde ise \u0130lahiyat ve tasavvuf alan\u0131nda y\u00f6ntemin teorik y\u00f6n\u00fcn\u00fc konu edinmektedir. Elinizdeki kitapta ise bir ara\u015ft\u0131rman\u0131n akademik metin haline nas\u0131l getirilebilece\u011fine dair uygulamal\u0131 e\u011fitim modeli sunulmaktad\u0131r. <\/p>\n","protected":false},"excerpt":{"rendered":"<p>\u00dclkemizde lisans\u00fcst\u00fc e\u011fitime ba\u015flayan \u00f6\u011frencilerin tezlerini s\u00fcresinde tamamlama oran\u0131, genelde y\u00fczde ellinin alt\u0131nda kalmaktad\u0131r. Bunun temel sebeplerinden biri, y\u00f6ntem a\u00e7\u0131s\u0131ndan yeterli donan\u0131ma sahip olunmamas\u0131d\u0131r. Ara\u015ft\u0131rmac\u0131 aday\u0131,<span class=\"excerpt-hellip\"> [\u2026]<\/span><\/p>\n","protected":false},"featured_media":0,"template":"","meta":{"_monsterinsights_skip_tracking":false,"_monsterinsights_sitenote_active":false,"_monsterinsights_sitenote_note":"","_monsterinsights_sitenote_category":0},"product_brand":[],"product_cat":[12718,12719,15238],"product_tag":[],"class_list":{"0":"post-763292","1":"product","2":"type-product","3":"status-publish","5":"product_cat-din","6":"product_cat-islam","7":"product_cat-tasavvuf","8":"pa_cilt-ciltsiz","9":"pa_tur-kitap","10":"pa_yayinevi-ankara-universitesi-yayinevi","11":"pa_yazar-kolektif","13":"first","14":"instock","15":"sale","16":"shipping-taxable","17":"purchasable","18":"product-type-simple"},"_links":{"self":[{"href":"https:\/\/roveyayinevi.com.tr\/index.php\/wp-json\/wp\/v2\/product\/763292","targetHints":{"allow":["GET"]}}],"collection":[{"href":"https:\/\/roveyayinevi.com.tr\/index.php\/wp-json\/wp\/v2\/product"}],"about":[{"href":"https:\/\/roveyayinevi.com.tr\/index.php\/wp-json\/wp\/v2\/types\/product"}],"wp:attachment":[{"href":"https:\/\/roveyayinevi.com.tr\/index.php\/wp-json\/wp\/v2\/media?parent=763292"}],"wp:term":[{"taxonomy":"product_brand","embeddable":true,"href":"https:\/\/roveyayinevi.com.tr\/index.php\/wp-json\/wp\/v2\/product_brand?post=763292"},{"taxonomy":"product_cat","embeddable":true,"href":"https:\/\/roveyayinevi.com.tr\/index.php\/wp-json\/wp\/v2\/product_cat?post=763292"},{"taxonomy":"product_tag","embeddable":true,"href":"https:\/\/roveyayinevi.com.tr\/index.php\/wp-json\/wp\/v2\/product_tag?post=763292"}],"curies":[{"name":"wp","href":"https:\/\/api.w.org\/{rel}","templated":true}]}}