{"id":763291,"date":"2025-08-28T10:36:26","date_gmt":"2025-08-28T07:36:26","guid":{"rendered":"https:\/\/roveyayinevi.com.tr\/index.php\/urun\/ankara-arastirmalari-dergisi-cilt-12-sayi-1\/"},"modified":"2026-04-15T03:28:39","modified_gmt":"2026-04-15T00:28:39","slug":"ankara-arastirmalari-dergisi-cilt-12-sayi-1","status":"publish","type":"product","link":"https:\/\/roveyayinevi.com.tr\/index.php\/urun\/ankara-arastirmalari-dergisi-cilt-12-sayi-1\/","title":{"rendered":"Ankara Ara\u015ft\u0131rmalar\u0131 Dergisi Cilt 12 Say\u0131 1"},"content":{"rendered":"<p>Ankara\u2019y\u0131 disiplinleraras\u0131 ara\u015ft\u0131rmalarla inceleyen Ankara Ara\u015ft\u0131ramalar\u0131 Dergisi\u2019nin 23. say\u0131s\u0131nda, mimarl\u0131k tarihi, sanat tarihi ve a\u011f\u0131rl\u0131kl\u0131 olarak da sosyoloji ve antropoloji alan\u0131nda ger\u00e7ekle\u015ftirilmi\u015f bilimsel \u00e7al\u0131\u015fmalar okuyucuya sunulmaktad\u0131r. Say\u0131n\u0131n ilk makalesi 1930&#8217;larda Ankara&#8217;ya gelerek Kale Mahallesi&#8217;ne  yerle\u015fen  Romanlar\u0131n demografik yap\u0131s\u0131n\u0131 ve bu yap\u0131y\u0131 etkileyen ekonomik ve sosyal \u00f6zelliklerini ortaya koyarak politika \u00f6ncelik alanlar\u0131n\u0131 belirlemektedir. \u0130kinci makalede bu Ankara\u2019daki g\u00f6\u00e7menlerin yeni ya\u015famlar\u0131na adapte olu\u015flar\u0131 ve buradaki kal\u0131c\u0131l\u0131klar\u0131n\u0131 s\u00fcrd\u00fcrme \u00e7abalar\u0131nda yeme\u011fin ve etnik yemek sunan restoranlar\u0131n rol\u00fc incelenmektedir.  Dergide yer alan \u00fc\u00e7\u00fcnc\u00fc makalede Yenimahalle il\u00e7esinde, 2011 y\u0131l\u0131nda ilk etab\u0131 tamamlanan kentsel d\u00f6n\u00fc\u015f\u00fcm alan\u0131 olan Mehmet Akif Ersoy Mahallesi incelenmekte; bir zamanlar gecekonduda ya\u015fayan ve b\u00f6lgeye yerle\u015fen yeni sakinlerinin g\u00f6z\u00fcnden bu d\u00f6n\u00fc\u015f\u00fcm\u00fcn sonu\u00e7lar\u0131 g\u00f6zler \u00f6n\u00fcne serilmektedir.   Bir di\u011fer makale ise ekonominin adil ve kolektif \u00fcretim, payla\u015f\u0131m ve y\u00f6netim prensipleri anlam\u0131na gelen dayan\u0131\u015fma ekonomisi kavram\u0131 \u00e7er\u00e7evesinde, Ankara&#8217;da g\u0131da zincirleri \u00fczerine \u00e7al\u0131\u015fan taban \u00f6rg\u00fctlenmelerini analiz etmektedir. \u00c7al\u0131\u015fma, bu \u00f6rg\u00fctlenmelerin alternatif g\u0131da \u00fcretimi pratiklerini geli\u015ftirerek, kent ve kentliler ile kent ve k\u0131rsal alanlar aras\u0131ndaki ba\u011flant\u0131lar \u00fczerinde g\u00fc\u00e7l\u00fc bir etkiye sahip olma yolunda ilerledi\u011fini  ortaya koymaktad\u0131r. Derginin mimarl\u0131k tarihi alan\u0131nda yaz\u0131lan makalelerinin  ilkinde, An\u0131tkabir&#8217;in  proje yar\u0131\u015fmas\u0131 s\u00fcreci  ve \u0130talyanlar\u0131n bu s\u00fcrece g\u00f6sterdikleri b\u00fcy\u00fck ilgi; ikincisinde ise \u00c7ankaya ve Ke\u00e7i\u00f6ren il\u00e7elerinin yerel y\u00f6netimler taraf\u0131ndan kom\u00fcnite in\u015fas\u0131nda kullan\u0131lan mimari tipolojilerinden \u00c7ankaya Evi ve Mahalle Kona\u011f\u0131  kar\u015f\u0131la\u015ft\u0131rmal\u0131 olarak tart\u0131\u015f\u0131lmaktad\u0131r. Son makale ise 1930-1960 tarihli Ankara telefon rehberleri \u00fczerinden ba\u015fkentte faaliyet g\u00f6stermi\u015f mobilya i\u015fletmelerinin d\u00f6k\u00fcm\u00fcn\u00fc \u00e7\u0131kararak, bu i\u015fletmelerin reklamlar\u0131n\u0131 ve dolay\u0131s\u0131yla 30&#8217;lu, 40&#8217;l\u0131 ve 50&#8217;li y\u0131llar\u0131n Ankara&#8217;s\u0131n\u0131n dekorasyon a\u00e7\u0131s\u0131ndan be\u011feni ve s\u00f6ylemlerini ortaya koymaktad\u0131r.   <\/p>\n","protected":false},"excerpt":{"rendered":"<p>Ankara\u2019y\u0131 disiplinleraras\u0131 ara\u015ft\u0131rmalarla inceleyen Ankara Ara\u015ft\u0131ramalar\u0131 Dergisi\u2019nin 23. say\u0131s\u0131nda, mimarl\u0131k tarihi, sanat tarihi ve a\u011f\u0131rl\u0131kl\u0131 olarak da sosyoloji ve antropoloji alan\u0131nda ger\u00e7ekle\u015ftirilmi\u015f bilimsel \u00e7al\u0131\u015fmalar okuyucuya sunulmaktad\u0131r.<span class=\"excerpt-hellip\"> [\u2026]<\/span><\/p>\n","protected":false},"featured_media":0,"template":"","meta":{"_monsterinsights_skip_tracking":false,"_monsterinsights_sitenote_active":false,"_monsterinsights_sitenote_note":"","_monsterinsights_sitenote_category":0},"product_brand":[],"product_cat":[13527],"product_tag":[],"class_list":{"0":"post-763291","1":"product","2":"type-product","3":"status-publish","5":"product_cat-sureli-yayinlar","6":"pa_cilt-ciltsiz","7":"pa_tur-dergi","8":"pa_yayinevi-vekam-koc-universitesi-vehbi-koc-ankara-arastirmalari-uygulama-ve-arastirma-merkezi","9":"pa_yazar-kolektif","11":"first","12":"instock","13":"sale","14":"shipping-taxable","15":"purchasable","16":"product-type-simple"},"_links":{"self":[{"href":"https:\/\/roveyayinevi.com.tr\/index.php\/wp-json\/wp\/v2\/product\/763291","targetHints":{"allow":["GET"]}}],"collection":[{"href":"https:\/\/roveyayinevi.com.tr\/index.php\/wp-json\/wp\/v2\/product"}],"about":[{"href":"https:\/\/roveyayinevi.com.tr\/index.php\/wp-json\/wp\/v2\/types\/product"}],"wp:attachment":[{"href":"https:\/\/roveyayinevi.com.tr\/index.php\/wp-json\/wp\/v2\/media?parent=763291"}],"wp:term":[{"taxonomy":"product_brand","embeddable":true,"href":"https:\/\/roveyayinevi.com.tr\/index.php\/wp-json\/wp\/v2\/product_brand?post=763291"},{"taxonomy":"product_cat","embeddable":true,"href":"https:\/\/roveyayinevi.com.tr\/index.php\/wp-json\/wp\/v2\/product_cat?post=763291"},{"taxonomy":"product_tag","embeddable":true,"href":"https:\/\/roveyayinevi.com.tr\/index.php\/wp-json\/wp\/v2\/product_tag?post=763291"}],"curies":[{"name":"wp","href":"https:\/\/api.w.org\/{rel}","templated":true}]}}