{"id":763290,"date":"2025-08-28T10:36:24","date_gmt":"2025-08-28T07:36:24","guid":{"rendered":"https:\/\/roveyayinevi.com.tr\/index.php\/urun\/mini-bilim-3-bitkilerin-dunyasina-yolculuk\/"},"modified":"2026-04-15T03:28:39","modified_gmt":"2026-04-15T00:28:39","slug":"mini-bilim-3-bitkilerin-dunyasina-yolculuk","status":"publish","type":"product","link":"https:\/\/roveyayinevi.com.tr\/index.php\/urun\/mini-bilim-3-bitkilerin-dunyasina-yolculuk\/","title":{"rendered":"Mini Bilim 3 \u2013 Bitkilerin D\u00fcnyas\u0131na Yolculuk"},"content":{"rendered":"<p>Bir tohum bir va\u015fa\u011f\u0131n postuna tutunursa ne olur? Peki \u00e7i\u00e7ek a\u00e7an a\u011fa\u00e7lar\u0131n yard\u0131mc\u0131lar\u0131 kimlerdir? \u201cMini Bilim\u201d serisinin \u00fc\u00e7\u00fcnc\u00fc kitab\u0131 Mini Bilim: Bitkilerin D\u00fcnyas\u0131na Yolculuk do\u011fa, bitkiler, a\u011fa\u00e7lar, hayvanlar, b\u00f6cekler, canl\u0131lar\u0131n do\u011faya katk\u0131lar\u0131yla ilgili merak uyand\u0131ran sorular ve yan\u0131tlar i\u00e7eriyor. Minik ara\u015ft\u0131rmac\u0131 \u015e\u0131p bu yeni maceras\u0131nda bitkilerin d\u00fcnyas\u0131nda heyecan verici bir ke\u015fif yolcu\u011funa \u00e7\u0131k\u0131yor. Laura Ertimo\u2019nun \u00e7ocuklar\u0131 bilimle tan\u0131\u015ft\u0131rmak i\u00e7in karma\u015f\u0131k konular\u0131 samimi bir dille anlatt\u0131\u011f\u0131 bu muhte\u015fem kitaba ilgi \u00e7ekici resimleriyle Sanna Peliccioni e\u015flik ediyor. <\/p>\n","protected":false},"excerpt":{"rendered":"<p>Bir tohum bir va\u015fa\u011f\u0131n postuna tutunursa ne olur? Peki \u00e7i\u00e7ek a\u00e7an a\u011fa\u00e7lar\u0131n yard\u0131mc\u0131lar\u0131 kimlerdir? \u201cMini Bilim\u201d serisinin \u00fc\u00e7\u00fcnc\u00fc kitab\u0131 Mini Bilim: Bitkilerin D\u00fcnyas\u0131na Yolculuk do\u011fa, bitkiler,<span class=\"excerpt-hellip\"> [\u2026]<\/span><\/p>\n","protected":false},"featured_media":0,"template":"","meta":{"_monsterinsights_skip_tracking":false,"_monsterinsights_sitenote_active":false,"_monsterinsights_sitenote_note":"","_monsterinsights_sitenote_category":0},"product_brand":[],"product_cat":[13829,12274],"product_tag":[],"class_list":{"0":"post-763290","1":"product","2":"type-product","3":"status-publish","5":"product_cat-bilimsel-kitaplar","6":"product_cat-cocuk-ve-genclik-kitaplari","7":"pa_cilt-ciltsiz","8":"pa_tur-kitap","9":"pa_yayinevi-yapi-kredi-yayinlari","10":"pa_yazar-laura-ertimo","12":"first","13":"instock","14":"sale","15":"shipping-taxable","16":"purchasable","17":"product-type-simple"},"_links":{"self":[{"href":"https:\/\/roveyayinevi.com.tr\/index.php\/wp-json\/wp\/v2\/product\/763290","targetHints":{"allow":["GET"]}}],"collection":[{"href":"https:\/\/roveyayinevi.com.tr\/index.php\/wp-json\/wp\/v2\/product"}],"about":[{"href":"https:\/\/roveyayinevi.com.tr\/index.php\/wp-json\/wp\/v2\/types\/product"}],"wp:attachment":[{"href":"https:\/\/roveyayinevi.com.tr\/index.php\/wp-json\/wp\/v2\/media?parent=763290"}],"wp:term":[{"taxonomy":"product_brand","embeddable":true,"href":"https:\/\/roveyayinevi.com.tr\/index.php\/wp-json\/wp\/v2\/product_brand?post=763290"},{"taxonomy":"product_cat","embeddable":true,"href":"https:\/\/roveyayinevi.com.tr\/index.php\/wp-json\/wp\/v2\/product_cat?post=763290"},{"taxonomy":"product_tag","embeddable":true,"href":"https:\/\/roveyayinevi.com.tr\/index.php\/wp-json\/wp\/v2\/product_tag?post=763290"}],"curies":[{"name":"wp","href":"https:\/\/api.w.org\/{rel}","templated":true}]}}