{"id":763288,"date":"2025-08-28T10:36:21","date_gmt":"2025-08-28T07:36:21","guid":{"rendered":"https:\/\/roveyayinevi.com.tr\/index.php\/urun\/cocuklugumun-karpuzu\/"},"modified":"2026-04-15T03:28:39","modified_gmt":"2026-04-15T00:28:39","slug":"cocuklugumun-karpuzu","status":"publish","type":"product","link":"https:\/\/roveyayinevi.com.tr\/index.php\/urun\/cocuklugumun-karpuzu\/","title":{"rendered":"\u00c7ocuklu\u011fumun Karpuzu"},"content":{"rendered":"<p>Karpuz deyip ge\u00e7meyin! Ece Zeber\u2019in yaz\u0131p resimledi\u011fi \u00c7ocuklu\u011fumun Karpuzu ninesinin hat\u0131ralar\u0131ndaki karpuz tad\u0131n\u0131n pe\u015fine d\u00fc\u015fen torunun tatl\u0131 m\u0131 tatl\u0131 hik\u00e2yesini anlat\u0131yor&#8230; <\/p>\n","protected":false},"excerpt":{"rendered":"<p>Karpuz deyip ge\u00e7meyin! Ece Zeber\u2019in yaz\u0131p resimledi\u011fi \u00c7ocuklu\u011fumun Karpuzu ninesinin hat\u0131ralar\u0131ndaki karpuz tad\u0131n\u0131n pe\u015fine d\u00fc\u015fen torunun tatl\u0131 m\u0131 tatl\u0131 hik\u00e2yesini anlat\u0131yor&#8230;<\/p>\n","protected":false},"featured_media":0,"template":"","meta":{"_monsterinsights_skip_tracking":false,"_monsterinsights_sitenote_active":false,"_monsterinsights_sitenote_note":"","_monsterinsights_sitenote_category":0},"product_brand":[],"product_cat":[12274,12284],"product_tag":[],"class_list":{"0":"post-763288","1":"product","2":"type-product","3":"status-publish","5":"product_cat-cocuk-ve-genclik-kitaplari","6":"product_cat-hikayeler","7":"pa_cilt-ciltsiz","8":"pa_tur-kitap","9":"pa_yayinevi-yapi-kredi-yayinlari","10":"pa_yazar-ece-zeber","12":"first","13":"instock","14":"sale","15":"shipping-taxable","16":"purchasable","17":"product-type-simple"},"_links":{"self":[{"href":"https:\/\/roveyayinevi.com.tr\/index.php\/wp-json\/wp\/v2\/product\/763288","targetHints":{"allow":["GET"]}}],"collection":[{"href":"https:\/\/roveyayinevi.com.tr\/index.php\/wp-json\/wp\/v2\/product"}],"about":[{"href":"https:\/\/roveyayinevi.com.tr\/index.php\/wp-json\/wp\/v2\/types\/product"}],"wp:attachment":[{"href":"https:\/\/roveyayinevi.com.tr\/index.php\/wp-json\/wp\/v2\/media?parent=763288"}],"wp:term":[{"taxonomy":"product_brand","embeddable":true,"href":"https:\/\/roveyayinevi.com.tr\/index.php\/wp-json\/wp\/v2\/product_brand?post=763288"},{"taxonomy":"product_cat","embeddable":true,"href":"https:\/\/roveyayinevi.com.tr\/index.php\/wp-json\/wp\/v2\/product_cat?post=763288"},{"taxonomy":"product_tag","embeddable":true,"href":"https:\/\/roveyayinevi.com.tr\/index.php\/wp-json\/wp\/v2\/product_tag?post=763288"}],"curies":[{"name":"wp","href":"https:\/\/api.w.org\/{rel}","templated":true}]}}