{"id":763287,"date":"2025-08-28T10:36:19","date_gmt":"2025-08-28T07:36:19","guid":{"rendered":"https:\/\/roveyayinevi.com.tr\/index.php\/urun\/mezar-kazanlar\/"},"modified":"2026-04-15T03:28:39","modified_gmt":"2026-04-15T00:28:39","slug":"mezar-kazanlar","status":"publish","type":"product","link":"https:\/\/roveyayinevi.com.tr\/index.php\/urun\/mezar-kazanlar\/","title":{"rendered":"Mezar Kazanlar"},"content":{"rendered":"<p>Mezar Kazanlar Faulkner\u2019\u0131n II. D\u00fcnya Sava\u015f\u0131 sonras\u0131nda, 1949\u2019da Nobel \u00d6d\u00fcl\u00fc\u2019n\u00fc kazanmas\u0131ndan \u00f6nce yay\u0131mlanan ilk roman\u0131. Roman, bir yan\u0131yla Faulkner\u2019\u0131n okurla A\u011fustos I\u015f\u0131\u011f\u0131\u2019nda tan\u0131\u015ft\u0131rd\u0131\u011f\u0131 ve maceralar\u0131n\u0131 \u0130ki Hamlede Zafer\u2019de s\u00fcrd\u00fcrd\u00fc\u011f\u00fc, \u00d6ld\u00fcrmeyeceksin ilkesinin, Karde\u015f karde\u015fi \u00f6ld\u00fcrmemeli\u2019ye, ard\u0131ndan da Hi\u00e7 kimseyi \u00f6ld\u00fcrmeyeceksin\u2019e d\u00f6n\u00fc\u015fmesi gerekti\u011fini d\u00fc\u015f\u00fcnen, iyi e\u011fitimli, orta ya\u015fl\u0131 savc\u0131 Gavin Stevens\u2019\u0131n ba\u015fta g\u00f6n\u00fcls\u00fczce y\u00fcr\u00fctt\u00fc\u011f\u00fc iki cinayet soru\u015fturmas\u0131na odaklan\u0131yor. Di\u011fer yandan, savc\u0131 Stevens\u2019la birlikte 16 ya\u015f\u0131ndaki ye\u011feni \u201cChick\u201din d\u00fcn\u00fc ve bug\u00fcn\u00fcn\u00fc bir araya getiren anlat\u0131m\u0131yla okudu\u011fumuz roman, hem ye\u011fenin b\u00fcy\u00fcme, day\u0131ya ve di\u011fer yeti\u015fkinlere kendini ispat hik\u00e2yesi hem de Faulkner\u2019\u0131n k\u00f6kle\u015fmi\u015f meseleleri \u00e7\u00f6z\u00fcme kavu\u015fturmak i\u00e7in neden orta ya\u015fl\u0131 erkeklere de\u011fil de, kad\u0131nlara ve gen\u00e7lere ba\u015fvurmam\u0131z gerekti\u011fine ili\u015fkin incelikli uyar\u0131s\u0131 niteli\u011finde.   Siyahi bir \u201cola\u011fan \u015f\u00fcpheli\u201dye y\u00f6nelik lin\u00e7-adalet gelgitindeki Mezar Kazanlar, Faulkner\u2019\u0131n kadim konusu G\u00fcney-Kuzey \u00fczerinden ABD\u2019nin \u0131rk ayr\u0131mc\u0131l\u0131\u011f\u0131 kadar, ayr\u0131mc\u0131l\u0131\u011f\u0131n ge\u00e7mi\u015fi ve g\u00fcnceliyle de y\u00fczle\u015fmenin roman\u0131.   Yazmaya de\u011fer tek konu insan kalbinin kendisiyle olan \u00e7at\u0131\u015fmas\u0131ndan ileri gelen sorunlard\u0131r ve yazar\u0131n \u00e7ekti\u011fi \u0131st\u0131rab\u0131, d\u00f6kt\u00fc\u011f\u00fc al\u0131n terini yaln\u0131zca bunlar hak eder.                                                                               William Faulkner, Nobel s\u00f6ylevi   Mezar Kazanlar\u2019\u0131 bir dedektiflik \u00f6yk\u00fcs\u00fc, G\u00fcney\u2019deki zenci sorunu ve bu sorun ba\u011flam\u0131nda beyaz bir \u00e7ocu\u011fun olgunla\u015fma s\u00fcrecini anlatan bir kitap, \u201cadalet ve insanl\u0131k u\u011fruna\u201d bir sava\u015f\u0131m ve Faulkner\u2019\u0131n kendi ifadesiyle \u2018insan kalbinin kendisiyle olan \u00e7at\u0131\u015fmas\u0131\u2019 diye tan\u0131mlayabiliriz.                                                                                                                \u00dcnal Ayt\u00fcr   <\/p>\n","protected":false},"excerpt":{"rendered":"<p>Mezar Kazanlar Faulkner\u2019\u0131n II. D\u00fcnya Sava\u015f\u0131 sonras\u0131nda, 1949\u2019da Nobel \u00d6d\u00fcl\u00fc\u2019n\u00fc kazanmas\u0131ndan \u00f6nce yay\u0131mlanan ilk roman\u0131. Roman, bir yan\u0131yla Faulkner\u2019\u0131n okurla A\u011fustos I\u015f\u0131\u011f\u0131\u2019nda tan\u0131\u015ft\u0131rd\u0131\u011f\u0131 ve maceralar\u0131n\u0131 \u0130ki<span class=\"excerpt-hellip\"> [\u2026]<\/span><\/p>\n","protected":false},"featured_media":0,"template":"","meta":{"_monsterinsights_skip_tracking":false,"_monsterinsights_sitenote_active":false,"_monsterinsights_sitenote_note":"","_monsterinsights_sitenote_category":0},"product_brand":[],"product_cat":[12291,12711],"product_tag":[],"class_list":{"0":"post-763287","1":"product","2":"type-product","3":"status-publish","5":"product_cat-edebiyat","6":"product_cat-roman-oyku","7":"pa_cilt-ciltsiz","8":"pa_tur-kitap","9":"pa_yayinevi-yapi-kredi-yayinlari","10":"pa_yazar-william-faulkner","12":"first","13":"instock","14":"sale","15":"shipping-taxable","16":"purchasable","17":"product-type-simple"},"_links":{"self":[{"href":"https:\/\/roveyayinevi.com.tr\/index.php\/wp-json\/wp\/v2\/product\/763287","targetHints":{"allow":["GET"]}}],"collection":[{"href":"https:\/\/roveyayinevi.com.tr\/index.php\/wp-json\/wp\/v2\/product"}],"about":[{"href":"https:\/\/roveyayinevi.com.tr\/index.php\/wp-json\/wp\/v2\/types\/product"}],"wp:attachment":[{"href":"https:\/\/roveyayinevi.com.tr\/index.php\/wp-json\/wp\/v2\/media?parent=763287"}],"wp:term":[{"taxonomy":"product_brand","embeddable":true,"href":"https:\/\/roveyayinevi.com.tr\/index.php\/wp-json\/wp\/v2\/product_brand?post=763287"},{"taxonomy":"product_cat","embeddable":true,"href":"https:\/\/roveyayinevi.com.tr\/index.php\/wp-json\/wp\/v2\/product_cat?post=763287"},{"taxonomy":"product_tag","embeddable":true,"href":"https:\/\/roveyayinevi.com.tr\/index.php\/wp-json\/wp\/v2\/product_tag?post=763287"}],"curies":[{"name":"wp","href":"https:\/\/api.w.org\/{rel}","templated":true}]}}