{"id":763286,"date":"2025-08-28T10:36:17","date_gmt":"2025-08-28T07:36:17","guid":{"rendered":"https:\/\/roveyayinevi.com.tr\/index.php\/urun\/akiften-emanetler\/"},"modified":"2026-04-15T03:28:39","modified_gmt":"2026-04-15T00:28:39","slug":"akiften-emanetler","status":"publish","type":"product","link":"https:\/\/roveyayinevi.com.tr\/index.php\/urun\/akiften-emanetler\/","title":{"rendered":"Akif\u2019ten Emanetler"},"content":{"rendered":"<p>\u00c2kif \u2019ten Emanetler\u2019de, Mehmed \u00c2kif Ersoy\u2019un 1936\u2019da M\u0131s\u0131r\u2019dan ayr\u0131l\u0131rken yak\u0131n dostu M\u00fcderris \u0130hsan Efendi\u2019ye emanet etti\u011fi ba\u015fta Kuran Meali olmak \u00fczere baz\u0131 evrak, \u015fiir m\u00fcsveddeleri ve mektuplar\u0131 g\u00fcn y\u00fcz\u00fcne \u00e7\u0131karken \u015fairin M\u0131s\u0131r\u2019daki hayat\u0131n\u0131n bilinmeyen y\u00f6nlerine de \u0131\u015f\u0131k tutuluyor. \u00dc\u00e7 b\u00f6l\u00fcmden olu\u015fan kitapta ilk olarak Mehmed \u00c2kif\u2019in hayat\u0131n\u0131n son on y\u0131l\u0131 boyunca \u00fczerinde \u00e7al\u0131\u015ft\u0131\u011f\u0131 Kuran Meali\u2019nin yaz\u0131l\u0131 oldu\u011fu defter inceleniyor. Ard\u0131ndan Safahat\u2019\u0131n yedinci kitab\u0131 olan G\u00f6lgeler\u2019in yaz\u0131ld\u0131\u011f\u0131 defterler ve m\u00fcsveddeler ele al\u0131nd\u0131ktan sonra \u00fc\u00e7\u00fcnc\u00fc b\u00f6l\u00fcmde dostlar\u0131n\u0131n \u015faire g\u00f6nderdi\u011fi mektuplara yer veriliyor. Mehmed \u00c2kif\u2019in M\u00fcderris \u0130hsan Efendi\u2019ye b\u0131rakt\u0131\u011f\u0131 emanetler ve kendisi hakk\u0131nda yay\u0131mlanan birinci el kaynaklar \u00fczerinden \u015fairin M\u0131s\u0131r\u2019daki y\u0131llar\u0131n\u0131n incelendi\u011fi kitap, edebiyat tarih\u00e7ileri i\u00e7in de\u011ferli bir kaynak niteli\u011fi ta\u015f\u0131yor. \u015eairin ailesine ve dostlar\u0131na ait zengin bir foto\u011fraf ar\u015fivini de i\u00e7eren bir kitap \u00c2kif \u2019ten Emanetler. <\/p>\n","protected":false},"excerpt":{"rendered":"<p>\u00c2kif \u2019ten Emanetler\u2019de, Mehmed \u00c2kif Ersoy\u2019un 1936\u2019da M\u0131s\u0131r\u2019dan ayr\u0131l\u0131rken yak\u0131n dostu M\u00fcderris \u0130hsan Efendi\u2019ye emanet etti\u011fi ba\u015fta Kuran Meali olmak \u00fczere baz\u0131 evrak, \u015fiir m\u00fcsveddeleri ve<span class=\"excerpt-hellip\"> [\u2026]<\/span><\/p>\n","protected":false},"featured_media":0,"template":"","meta":{"_monsterinsights_skip_tracking":false,"_monsterinsights_sitenote_active":false,"_monsterinsights_sitenote_note":"","_monsterinsights_sitenote_category":0},"product_brand":[],"product_cat":[13072,12291],"product_tag":[],"class_list":{"0":"post-763286","1":"product","2":"type-product","3":"status-publish","5":"product_cat-arastirma-inceleme-referans","6":"product_cat-edebiyat","7":"pa_cilt-ciltsiz","8":"pa_tur-kitap","9":"pa_yayinevi-yapi-kredi-yayinlari","10":"pa_yazar-ekmeleddin-ihsanoglu-fatma-m-sen","12":"first","13":"instock","14":"sale","15":"shipping-taxable","16":"purchasable","17":"product-type-simple"},"_links":{"self":[{"href":"https:\/\/roveyayinevi.com.tr\/index.php\/wp-json\/wp\/v2\/product\/763286","targetHints":{"allow":["GET"]}}],"collection":[{"href":"https:\/\/roveyayinevi.com.tr\/index.php\/wp-json\/wp\/v2\/product"}],"about":[{"href":"https:\/\/roveyayinevi.com.tr\/index.php\/wp-json\/wp\/v2\/types\/product"}],"wp:attachment":[{"href":"https:\/\/roveyayinevi.com.tr\/index.php\/wp-json\/wp\/v2\/media?parent=763286"}],"wp:term":[{"taxonomy":"product_brand","embeddable":true,"href":"https:\/\/roveyayinevi.com.tr\/index.php\/wp-json\/wp\/v2\/product_brand?post=763286"},{"taxonomy":"product_cat","embeddable":true,"href":"https:\/\/roveyayinevi.com.tr\/index.php\/wp-json\/wp\/v2\/product_cat?post=763286"},{"taxonomy":"product_tag","embeddable":true,"href":"https:\/\/roveyayinevi.com.tr\/index.php\/wp-json\/wp\/v2\/product_tag?post=763286"}],"curies":[{"name":"wp","href":"https:\/\/api.w.org\/{rel}","templated":true}]}}