{"id":763280,"date":"2025-08-28T10:36:06","date_gmt":"2025-08-28T07:36:06","guid":{"rendered":"https:\/\/roveyayinevi.com.tr\/index.php\/urun\/ipin-ucu-2\/"},"modified":"2026-04-15T03:28:39","modified_gmt":"2026-04-15T00:28:39","slug":"ipin-ucu-2","status":"publish","type":"product","link":"https:\/\/roveyayinevi.com.tr\/index.php\/urun\/ipin-ucu-2\/","title":{"rendered":"\u0130pin Ucu"},"content":{"rendered":"<p>Gere\u011fi d\u00fc\u015f\u00fcn\u00fcld\u00fc: San\u0131\u011f\u0131n mahkememizde yarg\u0131lanmas\u0131na olanak bulunmad\u0131\u011f\u0131 kan\u0131s\u0131na var\u0131ld\u0131\u011f\u0131ndan usul yasas\u0131n\u0131n 4820. maddesi uyar\u0131nca g\u00f6revsizlik karar\u0131 verildi. Bu nedenle dosyan\u0131n yeterli uzunlukta bir ipe ba\u011flanarak g\u00f6revli mahkemeye sunulmak \u00fczere a\u015fa\u011f\u0131ya sark\u0131t\u0131lmas\u0131 i\u00e7in kap\u0131 d\u0131\u015f\u0131nda bekleyen m\u00fcba\u015fire gerekli talimat verildi. (I\u015f\u0131k karar\u0131r.)   V\u00fcs\u2019at O. Bener\u2019in \u201csosyo-g\u00fcld\u00fcr\u00fc\u201d olarak tan\u0131mlad\u0131\u011f\u0131 \u0130pin Ucu, b\u00f6l\u00fcnm\u00fc\u015fl\u00fc\u011f\u00fc, yabanc\u0131la\u015fmay\u0131 toplumsal ve bireysel d\u00fczlemde veren benzersiz bir oyun. Hesapla\u015fmay\u0131 cisimle\u015ftiren ana karakter iki ki\u015fidir ve hem kendisiyle hem d\u00fczenle dalgas\u0131n\u0131 ge\u00e7er: \u201cKendimi de \u00f6ld\u00fcrd\u00fcm. Kiminle kavga edece\u011fim \u015fimdi ben?\u201d Zaten insan\u0131 \u015fekillendiren yap\u0131lar aras\u0131nda ilerler b\u00f6l\u00fcmler; e\u011fitim, din ve hukuk d\u00fczenine dokunarak ipin ucuna ula\u015f\u0131r.   Abdi \u0130pek\u00e7i Tiyatro Arma\u011fan\u0131\u2019n\u0131 kazanan ve \u0130stanbul Devlet Tiyatrosu\u2019nca sahnelenen \u0130pin Ucu, zengin diliyle a\u00e7t\u0131\u011f\u0131 \u00f6l\u00fcm-ya\u015fam-\u00f6zg\u00fcrl\u00fck d\u00fc\u011f\u00fcmleri \u00fczerinden hem okuma hem seyir zevki ya\u015fatan s\u0131rad\u0131\u015f\u0131 bir yap\u0131t.   \u201cY\u00fczeyde yans\u0131yan ayr\u0131nt\u0131lar\u0131yla birlikte ele al\u0131nd\u0131\u011f\u0131nda ise \u2018\u0130pin Ucu\u2019, d\u00fc\u015f\u00fcnce \u00f6zg\u00fcrl\u00fc\u011f\u00fcn\u00fc ko\u015fula ba\u011flamaks\u0131z\u0131n benimseyememi\u015f bir d\u00fczende, var olma nedeni \u2018d\u00fc\u015f\u00fcnmek\u2019 olan ki\u015finin, tarihsel-toplumsal-ekonomik konumu i\u00e7inde ya\u015fad\u0131\u011f\u0131 \u00e7\u0131kmaz i\u00e7in tiyatroda yak\u0131lm\u0131\u015f a\u011f\u0131tlar\u0131n bir anlamda en y\u00fcre\u011fe oturan\u0131, bir anlamda da en g\u00fcld\u00fcr\u00fcc\u00fc olan\u0131d\u0131r.\u201d \u2013Ay\u015feg\u00fcl Y\u00fcksel<\/p>\n","protected":false},"excerpt":{"rendered":"<p>Gere\u011fi d\u00fc\u015f\u00fcn\u00fcld\u00fc: San\u0131\u011f\u0131n mahkememizde yarg\u0131lanmas\u0131na olanak bulunmad\u0131\u011f\u0131 kan\u0131s\u0131na var\u0131ld\u0131\u011f\u0131ndan usul yasas\u0131n\u0131n 4820. maddesi uyar\u0131nca g\u00f6revsizlik karar\u0131 verildi. Bu nedenle dosyan\u0131n yeterli uzunlukta bir ipe ba\u011flanarak g\u00f6revli<span class=\"excerpt-hellip\"> [\u2026]<\/span><\/p>\n","protected":false},"featured_media":0,"template":"","meta":{"_monsterinsights_skip_tracking":false,"_monsterinsights_sitenote_active":false,"_monsterinsights_sitenote_note":"","_monsterinsights_sitenote_category":0},"product_brand":[],"product_cat":[12291,15566],"product_tag":[],"class_list":{"0":"post-763280","1":"product","2":"type-product","3":"status-publish","5":"product_cat-edebiyat","6":"product_cat-oyun","7":"pa_cilt-ciltsiz","8":"pa_tur-kitap","9":"pa_yayinevi-everest-yayinlari","10":"pa_yazar-vusat-o-bener","12":"first","13":"instock","14":"sale","15":"shipping-taxable","16":"purchasable","17":"product-type-simple"},"_links":{"self":[{"href":"https:\/\/roveyayinevi.com.tr\/index.php\/wp-json\/wp\/v2\/product\/763280","targetHints":{"allow":["GET"]}}],"collection":[{"href":"https:\/\/roveyayinevi.com.tr\/index.php\/wp-json\/wp\/v2\/product"}],"about":[{"href":"https:\/\/roveyayinevi.com.tr\/index.php\/wp-json\/wp\/v2\/types\/product"}],"wp:attachment":[{"href":"https:\/\/roveyayinevi.com.tr\/index.php\/wp-json\/wp\/v2\/media?parent=763280"}],"wp:term":[{"taxonomy":"product_brand","embeddable":true,"href":"https:\/\/roveyayinevi.com.tr\/index.php\/wp-json\/wp\/v2\/product_brand?post=763280"},{"taxonomy":"product_cat","embeddable":true,"href":"https:\/\/roveyayinevi.com.tr\/index.php\/wp-json\/wp\/v2\/product_cat?post=763280"},{"taxonomy":"product_tag","embeddable":true,"href":"https:\/\/roveyayinevi.com.tr\/index.php\/wp-json\/wp\/v2\/product_tag?post=763280"}],"curies":[{"name":"wp","href":"https:\/\/api.w.org\/{rel}","templated":true}]}}