{"id":763278,"date":"2025-08-28T10:36:02","date_gmt":"2025-08-28T07:36:02","guid":{"rendered":"https:\/\/roveyayinevi.com.tr\/index.php\/urun\/guneste-gecmis-ciltli\/"},"modified":"2026-04-15T03:28:39","modified_gmt":"2026-04-15T00:28:39","slug":"guneste-gecmis-ciltli","status":"publish","type":"product","link":"https:\/\/roveyayinevi.com.tr\/index.php\/urun\/guneste-gecmis-ciltli\/","title":{"rendered":"G\u00fcne\u015fte Ge\u00e7mi\u015f (Ciltli)"},"content":{"rendered":"<p>\u00dcnl\u00fc ressam\u0131n zorluklar i\u00e7inde yeti\u015fip bir d\u00fcnya sanat\u00e7\u0131s\u0131 olmas\u0131n\u0131n s\u00fcr\u00fckleyici \u00f6yk\u00fcs\u00fc&#8230; Anadolu\u2019nun \u00fccra bir k\u00f6y\u00fcnde 1944 y\u0131l\u0131nda do\u011fan, suluboya f\u0131r\u00e7as\u0131 bile alamad\u0131\u011f\u0131ndan kendine sincap k\u0131l\u0131ndan f\u0131r\u00e7a yapmak zorunda kalan azimli bir gen\u00e7&#8230; T\u00fcrkiye ve Almanya\u2019daki akademik e\u011fitiminden sonra, serbest sanat\u00e7\u0131 olarak 1977 y\u0131l\u0131nda yerle\u015fti\u011fi Almanya\u2019da, kendisini T\u00fcrkiye ve Avrupa\u2019da kabul ettiren bir d\u00fcnya sanat\u00e7\u0131s\u0131&#8230; S\u00fcr\u00fckleyici ve heyecan verici bir hik\u00e2ye\u2026Mehmet G\u00fcler\u2019in hik\u00e2yesi sadece otobiyografik bir ser\u00fcven de\u011fil, hayallerini ger\u00e7ekle\u015ftirmek isteyen herkese kendi vizyonlar\u0131na g\u00fcvenmeleri i\u00e7in de bir \u00e7a\u011fr\u0131d\u0131r.<\/p>\n","protected":false},"excerpt":{"rendered":"<p>\u00dcnl\u00fc ressam\u0131n zorluklar i\u00e7inde yeti\u015fip bir d\u00fcnya sanat\u00e7\u0131s\u0131 olmas\u0131n\u0131n s\u00fcr\u00fckleyici \u00f6yk\u00fcs\u00fc&#8230; Anadolu\u2019nun \u00fccra bir k\u00f6y\u00fcnde 1944 y\u0131l\u0131nda do\u011fan, suluboya f\u0131r\u00e7as\u0131 bile alamad\u0131\u011f\u0131ndan kendine sincap k\u0131l\u0131ndan f\u0131r\u00e7a<span class=\"excerpt-hellip\"> [\u2026]<\/span><\/p>\n","protected":false},"featured_media":0,"template":"","meta":{"_monsterinsights_skip_tracking":false,"_monsterinsights_sitenote_active":false,"_monsterinsights_sitenote_note":"","_monsterinsights_sitenote_category":0},"product_brand":[],"product_cat":[14009,12291],"product_tag":[],"class_list":{"0":"post-763278","1":"product","2":"type-product","3":"status-publish","5":"product_cat-biyografi-otobiyografi-edebiyat","6":"product_cat-edebiyat","7":"pa_cilt-ciltli","8":"pa_tur-kitap","9":"pa_yayinevi-remzi-kitabevi","10":"pa_yazar-mehmet-guler","12":"first","13":"instock","14":"sale","15":"shipping-taxable","16":"purchasable","17":"product-type-simple"},"_links":{"self":[{"href":"https:\/\/roveyayinevi.com.tr\/index.php\/wp-json\/wp\/v2\/product\/763278","targetHints":{"allow":["GET"]}}],"collection":[{"href":"https:\/\/roveyayinevi.com.tr\/index.php\/wp-json\/wp\/v2\/product"}],"about":[{"href":"https:\/\/roveyayinevi.com.tr\/index.php\/wp-json\/wp\/v2\/types\/product"}],"wp:attachment":[{"href":"https:\/\/roveyayinevi.com.tr\/index.php\/wp-json\/wp\/v2\/media?parent=763278"}],"wp:term":[{"taxonomy":"product_brand","embeddable":true,"href":"https:\/\/roveyayinevi.com.tr\/index.php\/wp-json\/wp\/v2\/product_brand?post=763278"},{"taxonomy":"product_cat","embeddable":true,"href":"https:\/\/roveyayinevi.com.tr\/index.php\/wp-json\/wp\/v2\/product_cat?post=763278"},{"taxonomy":"product_tag","embeddable":true,"href":"https:\/\/roveyayinevi.com.tr\/index.php\/wp-json\/wp\/v2\/product_tag?post=763278"}],"curies":[{"name":"wp","href":"https:\/\/api.w.org\/{rel}","templated":true}]}}