{"id":763272,"date":"2025-08-28T10:35:50","date_gmt":"2025-08-28T07:35:50","guid":{"rendered":"https:\/\/roveyayinevi.com.tr\/index.php\/urun\/medici-iii-mustakbel-kralice-catherine-de-medici\/"},"modified":"2026-04-15T03:28:38","modified_gmt":"2026-04-15T00:28:38","slug":"medici-iii-mustakbel-kralice-catherine-de-medici","status":"publish","type":"product","link":"https:\/\/roveyayinevi.com.tr\/index.php\/urun\/medici-iii-mustakbel-kralice-catherine-de-medici\/","title":{"rendered":"Medici III &#8211; M\u00fcstakbel Krali\u00e7e Catherine De\u2019 Medici"},"content":{"rendered":"<p>\u201cFRANSA TACI LANETL\u0130YD\u0130 VE \u00d6L\u00dcM KADAR S\u0130MS\u0130YAH,KAN KADAR KIPKIRMIZI B\u0130R BEDEL \u00d6DEMEDEN ONUG\u0130YMESINE ASLA \u0130Z\u0130N VER\u0130LMEYECEKT\u0130.\u201dS\u0130YAS\u0130 KOMPLOLAR, U\u011eURSUZ KEHANETLER VEB\u0130TMEYEN SAVA\u015eLAR&#8230;   Paris, 1536. Fransa veliaht\u0131 II. Fran\u00e7ois \u00f6ld\u00fcr\u00fclm\u00fc\u015ft\u00fcr ve t\u00fcmsaray bu cinayetten s\u0131radaki v\u00e2ris II. Henri\u2019nin kar\u0131s\u0131 Catherinede\u2019 Medici\u2019yi sorumlu tutmaktad\u0131r. G\u00fc\u00e7l\u00fc karakteri ve sert duru\u015fuyla Catherine, Frans\u0131zlar\u0131n g\u00f6z\u00fcnde sonsuza kadar bir yabanc\u0131, Medici Hanedan\u0131&#8217;ndan bir \u0130talyan\u2019d\u0131r. Onu koruyan tek ki\u015fi Fransa kral\u0131d\u0131r ve gelinine en k\u0131sa s\u00fcrede bir \u00e7ocuk do\u011furup konumunu g\u00fc\u00e7lendirmesini s\u00f6ylemektedir. \u00c7aresiz kalan Catherine, bir v\u00e2ris do\u011furmak i\u00e7in beklenmedikbir m\u00fcttefikten yard\u0131m al\u0131r: Y\u0131llard\u0131r kay\u0131p olan g\u00f6kbilimci ve s\u00f6zde k\u00e2hin Nostradamus. Pek \u00e7oklar\u0131 taraf\u0131ndan bir \u015farlatan olarakg\u00f6r\u00fclen bu adam, kehanetleriyle Catherine\u2019in kaderini \u00e7izmesii\u00e7in tek umududur.Ancak b\u00f6yle bir g\u00fc\u00e7, beraberinde pi\u015fmanl\u0131klar\u0131 da getirecektir&#8230;  Matteo Strukul, g\u00fc\u00e7, entrika ve tutkunun i\u00e7 i\u00e7e ge\u00e7ti\u011fi bu hik\u00e2yede tarihin en etkileyici kad\u0131nlar\u0131ndan biri olan Catherine de\u2019Medici\u2019nin hayat\u0131na odaklanarak a\u015fk\u0131n en saf h\u00e2linin ve iktidar\u0131n karanl\u0131k oyunlar\u0131n\u0131n i\u00e7 y\u00fcz\u00fcn\u00fc ortaya koyuyor ve \u00fc\u00e7lemeye m\u00fckemmel bir son veriyor.<\/p>\n","protected":false},"excerpt":{"rendered":"<p>\u201cFRANSA TACI LANETL\u0130YD\u0130 VE \u00d6L\u00dcM KADAR S\u0130MS\u0130YAH,KAN KADAR KIPKIRMIZI B\u0130R BEDEL \u00d6DEMEDEN ONUG\u0130YMESINE ASLA \u0130Z\u0130N VER\u0130LMEYECEKT\u0130.\u201dS\u0130YAS\u0130 KOMPLOLAR, U\u011eURSUZ KEHANETLER VEB\u0130TMEYEN SAVA\u015eLAR&#8230; Paris, 1536. Fransa veliaht\u0131 II.<span class=\"excerpt-hellip\"> [\u2026]<\/span><\/p>\n","protected":false},"featured_media":0,"template":"","meta":{"_monsterinsights_skip_tracking":false,"_monsterinsights_sitenote_active":false,"_monsterinsights_sitenote_note":"","_monsterinsights_sitenote_category":0},"product_brand":[],"product_cat":[12291,12745],"product_tag":[],"class_list":{"0":"post-763272","1":"product","2":"type-product","3":"status-publish","5":"product_cat-edebiyat","6":"product_cat-tarihi-roman","7":"pa_cilt-ciltsiz","8":"pa_tur-kitap","9":"pa_yayinevi-epsilon-yayinlari","10":"pa_yazar-matteo-strukul","12":"first","13":"instock","14":"sale","15":"shipping-taxable","16":"purchasable","17":"product-type-simple"},"_links":{"self":[{"href":"https:\/\/roveyayinevi.com.tr\/index.php\/wp-json\/wp\/v2\/product\/763272","targetHints":{"allow":["GET"]}}],"collection":[{"href":"https:\/\/roveyayinevi.com.tr\/index.php\/wp-json\/wp\/v2\/product"}],"about":[{"href":"https:\/\/roveyayinevi.com.tr\/index.php\/wp-json\/wp\/v2\/types\/product"}],"wp:attachment":[{"href":"https:\/\/roveyayinevi.com.tr\/index.php\/wp-json\/wp\/v2\/media?parent=763272"}],"wp:term":[{"taxonomy":"product_brand","embeddable":true,"href":"https:\/\/roveyayinevi.com.tr\/index.php\/wp-json\/wp\/v2\/product_brand?post=763272"},{"taxonomy":"product_cat","embeddable":true,"href":"https:\/\/roveyayinevi.com.tr\/index.php\/wp-json\/wp\/v2\/product_cat?post=763272"},{"taxonomy":"product_tag","embeddable":true,"href":"https:\/\/roveyayinevi.com.tr\/index.php\/wp-json\/wp\/v2\/product_tag?post=763272"}],"curies":[{"name":"wp","href":"https:\/\/api.w.org\/{rel}","templated":true}]}}