{"id":763270,"date":"2025-08-28T10:35:47","date_gmt":"2025-08-28T07:35:47","guid":{"rendered":"https:\/\/roveyayinevi.com.tr\/index.php\/urun\/nasil-zengin-olunur\/"},"modified":"2026-04-15T03:28:38","modified_gmt":"2026-04-15T00:28:38","slug":"nasil-zengin-olunur","status":"publish","type":"product","link":"https:\/\/roveyayinevi.com.tr\/index.php\/urun\/nasil-zengin-olunur\/","title":{"rendered":"Nas\u0131l Zengin Olunur?"},"content":{"rendered":"<p>Su\u00e7lu hissetmek yok.Bahaneler yok.Gereksiz laflar yok. Yaln\u0131zca i\u015finize yarayacak 6 haftal\u0131k bir program var. Ramit Sethi, zengin olmak i\u00e7in yapabilece\u011finiz en \u00f6nemli \u015feyinerkenden yat\u0131r\u0131m yapmaya ba\u015flamak oldu\u011funu s\u00f6yl\u00fcyor. Pekiama tam olarak nereden ba\u015flayacaks\u0131n\u0131z? Nas\u0131l istedi\u011finiz \u015feyleri\u00e7in para harcarken bir yandan da daha fazla tasarruf edeceksiniz?S\u00f6z konusu para oldu\u011funda sizin de akl\u0131n\u0131za \u015fu sorular mutlakatak\u0131l\u0131yordur:Bor\u00e7lar\u0131m\u0131 umdu\u011fumdan da erken nas\u0131l \u00f6derim?Param\u0131n tam olarak istedi\u011fim yerlere gitti\u011finden emin olmak i\u00e7in \u00f6demelerimi nas\u0131l otomatik h\u00e2le getirebilirim?Gecikme faizinden kurtulman\u0131n yolu var m\u0131?\u0130\u015fverenimle maa\u015f zamm\u0131m\u0131 nas\u0131l konu\u015fabilirim?D\u00fc\u011f\u00fcn yapmak, ev ya da araba sat\u0131n almak, \u00e7ocu\u011fumun giderlerini kar\u015f\u0131lamak nas\u0131l daha stressiz bir h\u00e2le gelebilir?  2023 y\u0131l\u0131nda belgesel dizi olarak Netflix\u2019e de uyarlanan Nas\u0131lZengin Olunur? kitab\u0131yla insanlara ki\u015fisel ve finansal tavsiyelerde bulunan Ramit Sethi, i\u015fte tam da bu sorular\u0131n, hatta dahafazlas\u0131n\u0131n yan\u0131t\u0131n\u0131 size 6 haftal\u0131k bir programla veriyor. Bu program sayesinde daha zengin bir hayata sahip olman\u0131z\u0131 sa\u011flayacakad\u0131mlar\u0131 tek tek \u00f6\u011frenerek hayat\u0131n\u0131za uyarlayabileceksiniz.<\/p>\n","protected":false},"excerpt":{"rendered":"<p>Su\u00e7lu hissetmek yok.Bahaneler yok.Gereksiz laflar yok. Yaln\u0131zca i\u015finize yarayacak 6 haftal\u0131k bir program var. Ramit Sethi, zengin olmak i\u00e7in yapabilece\u011finiz en \u00f6nemli \u015feyinerkenden yat\u0131r\u0131m yapmaya ba\u015flamak<span class=\"excerpt-hellip\"> [\u2026]<\/span><\/p>\n","protected":false},"featured_media":0,"template":"","meta":{"_monsterinsights_skip_tracking":false,"_monsterinsights_sitenote_active":false,"_monsterinsights_sitenote_note":"","_monsterinsights_sitenote_category":0},"product_brand":[],"product_cat":[13043,19008],"product_tag":[],"class_list":{"0":"post-763270","1":"product","2":"type-product","3":"status-publish","5":"product_cat-ekonomi","6":"product_cat-yonetim","7":"pa_cilt-ciltsiz","8":"pa_tur-kitap","9":"pa_yayinevi-epsilon-yayinlari","10":"pa_yazar-ramit-sethi","12":"first","13":"instock","14":"sale","15":"shipping-taxable","16":"purchasable","17":"product-type-simple"},"_links":{"self":[{"href":"https:\/\/roveyayinevi.com.tr\/index.php\/wp-json\/wp\/v2\/product\/763270","targetHints":{"allow":["GET"]}}],"collection":[{"href":"https:\/\/roveyayinevi.com.tr\/index.php\/wp-json\/wp\/v2\/product"}],"about":[{"href":"https:\/\/roveyayinevi.com.tr\/index.php\/wp-json\/wp\/v2\/types\/product"}],"wp:attachment":[{"href":"https:\/\/roveyayinevi.com.tr\/index.php\/wp-json\/wp\/v2\/media?parent=763270"}],"wp:term":[{"taxonomy":"product_brand","embeddable":true,"href":"https:\/\/roveyayinevi.com.tr\/index.php\/wp-json\/wp\/v2\/product_brand?post=763270"},{"taxonomy":"product_cat","embeddable":true,"href":"https:\/\/roveyayinevi.com.tr\/index.php\/wp-json\/wp\/v2\/product_cat?post=763270"},{"taxonomy":"product_tag","embeddable":true,"href":"https:\/\/roveyayinevi.com.tr\/index.php\/wp-json\/wp\/v2\/product_tag?post=763270"}],"curies":[{"name":"wp","href":"https:\/\/api.w.org\/{rel}","templated":true}]}}