{"id":763268,"date":"2025-08-28T10:35:43","date_gmt":"2025-08-28T07:35:43","guid":{"rendered":"https:\/\/roveyayinevi.com.tr\/index.php\/urun\/dokun-hisset-bul-kutup-hayvanlari-boardbook\/"},"modified":"2026-04-15T03:28:38","modified_gmt":"2026-04-15T00:28:38","slug":"dokun-hisset-bul-kutup-hayvanlari-boardbook","status":"publish","type":"product","link":"https:\/\/roveyayinevi.com.tr\/index.php\/urun\/dokun-hisset-bul-kutup-hayvanlari-boardbook\/","title":{"rendered":"Dokun &amp; Hisset &amp; Bul Kutup Hayvanlar\u0131  (Boardbook)"},"content":{"rendered":"<p>Kutuplarda saklanan birileri var. \u0130nteraktif ve e\u011flenceli hikayeye e\u015flik et! Dokun, hisset karlar \u00fclkesini ke\u015ffet!<\/p>\n","protected":false},"excerpt":{"rendered":"<p>Kutuplarda saklanan birileri var. \u0130nteraktif ve e\u011flenceli hikayeye e\u015flik et! Dokun, hisset karlar \u00fclkesini ke\u015ffet!<\/p>\n","protected":false},"featured_media":0,"template":"","meta":{"_monsterinsights_skip_tracking":false,"_monsterinsights_sitenote_active":false,"_monsterinsights_sitenote_note":"","_monsterinsights_sitenote_category":0},"product_brand":[],"product_cat":[12274,12518],"product_tag":[],"class_list":{"0":"post-763268","1":"product","2":"type-product","3":"status-publish","5":"product_cat-cocuk-ve-genclik-kitaplari","6":"product_cat-okul-oncesi-kitaplar","7":"pa_cilt-ciltli","8":"pa_tur-kitap","9":"pa_yayinevi-ucan-fil-yayinlari","10":"pa_yazar-rebecca-weerasekera","12":"first","13":"instock","14":"sale","15":"shipping-taxable","16":"purchasable","17":"product-type-simple"},"_links":{"self":[{"href":"https:\/\/roveyayinevi.com.tr\/index.php\/wp-json\/wp\/v2\/product\/763268","targetHints":{"allow":["GET"]}}],"collection":[{"href":"https:\/\/roveyayinevi.com.tr\/index.php\/wp-json\/wp\/v2\/product"}],"about":[{"href":"https:\/\/roveyayinevi.com.tr\/index.php\/wp-json\/wp\/v2\/types\/product"}],"wp:attachment":[{"href":"https:\/\/roveyayinevi.com.tr\/index.php\/wp-json\/wp\/v2\/media?parent=763268"}],"wp:term":[{"taxonomy":"product_brand","embeddable":true,"href":"https:\/\/roveyayinevi.com.tr\/index.php\/wp-json\/wp\/v2\/product_brand?post=763268"},{"taxonomy":"product_cat","embeddable":true,"href":"https:\/\/roveyayinevi.com.tr\/index.php\/wp-json\/wp\/v2\/product_cat?post=763268"},{"taxonomy":"product_tag","embeddable":true,"href":"https:\/\/roveyayinevi.com.tr\/index.php\/wp-json\/wp\/v2\/product_tag?post=763268"}],"curies":[{"name":"wp","href":"https:\/\/api.w.org\/{rel}","templated":true}]}}