{"id":763267,"date":"2025-08-28T10:35:42","date_gmt":"2025-08-28T07:35:42","guid":{"rendered":"https:\/\/roveyayinevi.com.tr\/index.php\/urun\/gorevimiz-sehirde-bahcecilik\/"},"modified":"2026-04-15T03:28:38","modified_gmt":"2026-04-15T00:28:38","slug":"gorevimiz-sehirde-bahcecilik","status":"publish","type":"product","link":"https:\/\/roveyayinevi.com.tr\/index.php\/urun\/gorevimiz-sehirde-bahcecilik\/","title":{"rendered":"G\u00f6revimiz \u015eehirde Bah\u00e7ecilik"},"content":{"rendered":"<p>Do\u011fay\u0131 \u015fehirle bulu\u015fturmak sizin elinizde! Bah\u00e7eniz yok diye bitkilerle ilgilenmek hayal olmas\u0131n. Y\u00fcksek binalar\u0131n ortas\u0131nda \u00e7i\u00e7ek ve sebze yeti\u015ftirmek hi\u00e7 de san\u0131ld\u0131\u011f\u0131 kadar zor de\u011fil. \u0130ster pencere kenar\u0131nda, ister balkonda, ister a\u011fa\u00e7lar\u0131n alt\u0131nda, ister evin bah\u00e7esinde ufak dokunu\u015flarla \u015fehirleri ye\u015fillendirmek m\u00fcmk\u00fcn. Bitkilerin hem beden hem de ruh sa\u011fl\u0131\u011f\u0131na faydalar\u0131 tart\u0131\u015f\u0131lmaz. Son y\u0131llarda say\u0131lar\u0131 h\u0131zla artan mahalle ve apartman bostanlar\u0131, \u00e7i\u00e7eklendirilmi\u015f balkonlar ve ye\u015fil duvarlar gibi insan eliyle yarat\u0131lan k\u00fc\u00e7\u00fck huzur ortamlar\u0131 bunun en belirgin g\u00f6stergesi.   Elbette ki sizsiz olmaz! \u015eehirlerdeki ya\u015fam kalitesini iyile\u015ftiren t\u00fcm bu g\u00fczellikleri koruyup devaml\u0131l\u0131\u011f\u0131n\u0131 sa\u011flayabilmek i\u00e7in \u00fczerinize baz\u0131 sorumluluklar d\u00fc\u015f\u00fcyor&#8230; Bah\u00e7ecilik nerelerde yap\u0131l\u0131r? Hangi mevsimde hangi \u00e7i\u00e7ek, meyve-sebze ekilir?  Ar\u0131lar, kelebekler ve di\u011fer tozla\u015ft\u0131r\u0131c\u0131lar bah\u00e7enize ne gibi katk\u0131lar sunar? Do\u011fan\u0131n ve biyo\u00e7e\u015fitlili\u011fin korunmas\u0131na vurgu yapan G\u00f6revimiz \u015eehirde Bah\u00e7ecilik, gelecek nesillere \u00e7ok daha ya\u015fanabilir \u015fehirler b\u0131rakabilmek ad\u0131na okurlar\u0131 ger\u00e7ek birer do\u011fasever bah\u00e7\u0131vana d\u00f6n\u00fc\u015fmeye \u00e7a\u011f\u0131r\u0131yor. \u00c7ocuklara \u00e7evre bilinci kazand\u0131rma amac\u0131yla haz\u0131rlanan \u201cGezegenimizi Koruyal\u0131m!\u201d serisinin bah\u00e7ecili\u011fin ABC&#8217;sini \u00f6\u011fretmeyi hedefleyen bu halkas\u0131, e\u011flenceli oyunlar ve resimler e\u015fli\u011finde herkesi kendi k\u00fc\u00e7\u00fck bah\u00e7esini kurmaya heveslendiriyor.  Sihirli tohumlardan fotosentezin gizemli d\u00fcnyas\u0131na bitki \u00e2leminin s\u0131rlar\u0131n\u0131 kula\u011f\u0131n\u0131za f\u0131s\u0131ldayan kitap, bah\u00e7ecili\u011fe ba\u015flamak i\u00e7in ihtiya\u00e7 duyaca\u011f\u0131n\u0131z t\u00fcm ipu\u00e7lar\u0131n\u0131 payla\u015f\u0131yor. Geriye sadece, do\u011fan\u0131n g\u00fcc\u00fcne inan\u0131p kollar\u0131 s\u0131vamak kal\u0131yor! Unutmay\u0131n, bah\u00e7e olu\u015fturmak zaman ve sab\u0131r ister. Tecr\u00fcbe kazand\u0131k\u00e7a do\u011fay\u0131 ve biyo\u00e7e\u015fitlili\u011fi savunan g\u00f6z\u00fc pek bir el\u00e7i olarak an\u0131lman\u0131z i\u015ften bile de\u011fil.  O h\u00e2lde harekete ge\u00e7mek i\u00e7in daha ne bekliyorsunuz?<\/p>\n","protected":false},"excerpt":{"rendered":"<p>Do\u011fay\u0131 \u015fehirle bulu\u015fturmak sizin elinizde! Bah\u00e7eniz yok diye bitkilerle ilgilenmek hayal olmas\u0131n. Y\u00fcksek binalar\u0131n ortas\u0131nda \u00e7i\u00e7ek ve sebze yeti\u015ftirmek hi\u00e7 de san\u0131ld\u0131\u011f\u0131 kadar zor de\u011fil. \u0130ster<span class=\"excerpt-hellip\"> [\u2026]<\/span><\/p>\n","protected":false},"featured_media":0,"template":"","meta":{"_monsterinsights_skip_tracking":false,"_monsterinsights_sitenote_active":false,"_monsterinsights_sitenote_note":"","_monsterinsights_sitenote_category":0},"product_brand":[],"product_cat":[12274,14573],"product_tag":[],"class_list":{"0":"post-763267","1":"product","2":"type-product","3":"status-publish","5":"product_cat-cocuk-ve-genclik-kitaplari","6":"product_cat-referans-kitaplar-cocuk-ve-genclik-kitaplari","7":"pa_cilt-ciltsiz","8":"pa_tur-kitap","9":"pa_yayinevi-tudem-yayinlari","10":"pa_yazar-frederique-basset","12":"first","13":"instock","14":"sale","15":"shipping-taxable","16":"purchasable","17":"product-type-simple"},"_links":{"self":[{"href":"https:\/\/roveyayinevi.com.tr\/index.php\/wp-json\/wp\/v2\/product\/763267","targetHints":{"allow":["GET"]}}],"collection":[{"href":"https:\/\/roveyayinevi.com.tr\/index.php\/wp-json\/wp\/v2\/product"}],"about":[{"href":"https:\/\/roveyayinevi.com.tr\/index.php\/wp-json\/wp\/v2\/types\/product"}],"wp:attachment":[{"href":"https:\/\/roveyayinevi.com.tr\/index.php\/wp-json\/wp\/v2\/media?parent=763267"}],"wp:term":[{"taxonomy":"product_brand","embeddable":true,"href":"https:\/\/roveyayinevi.com.tr\/index.php\/wp-json\/wp\/v2\/product_brand?post=763267"},{"taxonomy":"product_cat","embeddable":true,"href":"https:\/\/roveyayinevi.com.tr\/index.php\/wp-json\/wp\/v2\/product_cat?post=763267"},{"taxonomy":"product_tag","embeddable":true,"href":"https:\/\/roveyayinevi.com.tr\/index.php\/wp-json\/wp\/v2\/product_tag?post=763267"}],"curies":[{"name":"wp","href":"https:\/\/api.w.org\/{rel}","templated":true}]}}