{"id":763266,"date":"2025-08-28T10:35:41","date_gmt":"2025-08-28T07:35:41","guid":{"rendered":"https:\/\/roveyayinevi.com.tr\/index.php\/urun\/disdunyamiza-bakis\/"},"modified":"2026-04-15T03:28:38","modified_gmt":"2026-04-15T00:28:38","slug":"disdunyamiza-bakis","status":"publish","type":"product","link":"https:\/\/roveyayinevi.com.tr\/index.php\/urun\/disdunyamiza-bakis\/","title":{"rendered":"D\u0131\u015fd\u00fcnyam\u0131za Bak\u0131\u015f"},"content":{"rendered":"<p>BUG\u00dcN ARTIK SADECE B\u0130REYSEL \u0130NSANIN PS\u0130KOLOJ\u0130S\u0130N\u0130 DE\u011e\u0130L B\u00dcY\u00dcK GRUPLARIN B\u0130RB\u0130RLER\u0130YLE NASIL \u0130L\u0130\u015eK\u0130 KURDU\u011eUNU DA \u0130NCELEMEM\u0130Z GEREK\u0130YOR. De\u011fi\u015fim, 21. y\u00fczy\u0131lda benzeri g\u00f6r\u00fclmemi\u015f bir h\u0131z ve \u00f6l\u00e7ekte ger\u00e7ekle\u015fmeye devam ediyor. Yapay zek\u00e2, ileti\u015fim ve seyahat teknolojilerindeki inan\u0131lmaz ilerlemelerle birlikte sava\u015flar, \u00e7at\u0131\u015fmalar ve yeni gerilimlerin e\u015fi\u011finde ya\u015famaya devam ediyoruz. Peki psikanalitik a\u00e7\u0131dan d\u00fcnyadaki b\u00fcy\u00fck gruplar\u0131n motivasyonlar\u0131 bize neler anlat\u0131yor? Bireysel psikolojinin yank\u0131lar\u0131n\u0131 bar\u0131nd\u0131rsa da b\u00fcy\u00fck gruplar\u0131 anlamak i\u00e7in beyin ve bir \u00e7ift g\u00f6z yeterli mi? \u201c\u00d6teki\u201dnin sald\u0131r\u0131s\u0131 alt\u0131nda olan milyonlarca insan\u0131n yolculu\u011fu sosyal, k\u00fclt\u00fcrel, politik ve ideolojik a\u00e7\u0131dan nas\u0131l s\u00fcre\u00e7lere evriliyor? Etnik \u00e7at\u0131\u015fmalar, ulusal kimlikler, toplumsal travma gibi konularda say\u0131s\u0131z makale, konferans ve kitaba imza atan Prof. Dr. Vam\u0131k Volkan, bu kitapla d\u00fcnyan\u0131n i\u00e7inde bulundu\u011fu iklimi b\u00fcy\u00fck grup psikolojisi \u00fczerinden inceleyerek daha bar\u0131\u015f\u00e7\u0131l bir d\u00fcnyay\u0131 korumaya ve s\u00fcrd\u00fcrmeye bir \u00e7a\u011fr\u0131da bulunuyor. <\/p>\n","protected":false},"excerpt":{"rendered":"<p>BUG\u00dcN ARTIK SADECE B\u0130REYSEL \u0130NSANIN PS\u0130KOLOJ\u0130S\u0130N\u0130 DE\u011e\u0130L B\u00dcY\u00dcK GRUPLARIN B\u0130RB\u0130RLER\u0130YLE NASIL \u0130L\u0130\u015eK\u0130 KURDU\u011eUNU DA \u0130NCELEMEM\u0130Z GEREK\u0130YOR. De\u011fi\u015fim, 21. y\u00fczy\u0131lda benzeri g\u00f6r\u00fclmemi\u015f bir h\u0131z ve \u00f6l\u00e7ekte ger\u00e7ekle\u015fmeye<span class=\"excerpt-hellip\"> [\u2026]<\/span><\/p>\n","protected":false},"featured_media":0,"template":"","meta":{"_monsterinsights_skip_tracking":false,"_monsterinsights_sitenote_active":false,"_monsterinsights_sitenote_note":"","_monsterinsights_sitenote_category":0},"product_brand":[],"product_cat":[12357],"product_tag":[],"class_list":{"0":"post-763266","1":"product","2":"type-product","3":"status-publish","5":"product_cat-psikoloji","6":"pa_cilt-ciltsiz","7":"pa_tur-kitap","8":"pa_yayinevi-beyaz-baykus-yayinlari","9":"pa_yazar-vamik-d-volkan","11":"first","12":"instock","13":"sale","14":"shipping-taxable","15":"purchasable","16":"product-type-simple"},"_links":{"self":[{"href":"https:\/\/roveyayinevi.com.tr\/index.php\/wp-json\/wp\/v2\/product\/763266","targetHints":{"allow":["GET"]}}],"collection":[{"href":"https:\/\/roveyayinevi.com.tr\/index.php\/wp-json\/wp\/v2\/product"}],"about":[{"href":"https:\/\/roveyayinevi.com.tr\/index.php\/wp-json\/wp\/v2\/types\/product"}],"wp:attachment":[{"href":"https:\/\/roveyayinevi.com.tr\/index.php\/wp-json\/wp\/v2\/media?parent=763266"}],"wp:term":[{"taxonomy":"product_brand","embeddable":true,"href":"https:\/\/roveyayinevi.com.tr\/index.php\/wp-json\/wp\/v2\/product_brand?post=763266"},{"taxonomy":"product_cat","embeddable":true,"href":"https:\/\/roveyayinevi.com.tr\/index.php\/wp-json\/wp\/v2\/product_cat?post=763266"},{"taxonomy":"product_tag","embeddable":true,"href":"https:\/\/roveyayinevi.com.tr\/index.php\/wp-json\/wp\/v2\/product_tag?post=763266"}],"curies":[{"name":"wp","href":"https:\/\/api.w.org\/{rel}","templated":true}]}}