{"id":763262,"date":"2025-08-28T10:35:35","date_gmt":"2025-08-28T07:35:35","guid":{"rendered":"https:\/\/roveyayinevi.com.tr\/index.php\/urun\/goklerin-kara-seytani\/"},"modified":"2026-04-15T03:28:38","modified_gmt":"2026-04-15T00:28:38","slug":"goklerin-kara-seytani","status":"publish","type":"product","link":"https:\/\/roveyayinevi.com.tr\/index.php\/urun\/goklerin-kara-seytani\/","title":{"rendered":"G\u00f6klerin Kara \u015eeytan\u0131"},"content":{"rendered":"<p>Erich Hartmann, 352 u\u00e7akla tarihin en \u00e7ok u\u00e7ak d\u00fc\u015f\u00fcren pilotu olma rekorunu elinde bulunduruyor. Bu, belki de insanl\u0131\u011f\u0131n gelecekte dahi k\u0131ramayaca\u011f\u0131 bir rekor. Hartmann ise bu say\u0131ya yaln\u0131zca 30 ay gibi bir s\u00fcrede ula\u015fmay\u0131 ba\u015fard\u0131. Hartmann, 1940 Ekim\u2019inde ilk g\u00f6rev yeri olan Neukuhren\u2019e giderken Elmasl\u0131 ve K\u0131l\u0131\u00e7l\u0131 \u015e\u00f6valye Ha\u00e7\u0131 kazanaca\u011f\u0131n\u0131 veya kendisini \u201cAslar\u0131n As\u0131\u201d yapacak bir sava\u015f deneyimi ya\u015fayaca\u011f\u0131n\u0131 tahmin etmiyordu.  Sava\u015f ba\u015flam\u0131\u015ft\u0131 ve annesinin a\u015f\u0131lad\u0131\u011f\u0131 u\u00e7u\u015f tutkusunu tatmin etmek istiyordu. Gerisini ise tarih yazacakt\u0131. Mensubu oldu\u011fu Jagdgeschwader 52 yani 52\u2019nci Avc\u0131 Kanad\u0131\u2019n\u0131n rekabet\u00e7i ortam\u0131nda pi\u015fecek, kendi taktiklerini geli\u015ftirecek ve Rus semalar\u0131na h\u00e2kim olma m\u00fccadelesi verecekti. Taktikleri o kadar ba\u015far\u0131l\u0131yd\u0131 ki, \u00e7o\u011fu Sovyet pilotu kendisini g\u00f6remeden u\u00e7a\u011f\u0131n\u0131 d\u00fc\u015fer halde buluyordu. U\u00e7a\u011f\u0131n\u0131n burnuna boyad\u0131\u011f\u0131 siyah lale deseninden dolay\u0131 Sovyetler kendisine \u201cKara \u015eeytan\u201d lakab\u0131n\u0131 vermi\u015flerdi. G\u00f6klerin Kara \u015eeytan\u0131, tarihin en \u00e7ok u\u00e7ak d\u00fc\u015f\u00fcren Luftwaffe&#8217;nin efsanevi pilotu Erich Hartmann\u2019\u0131n \u00e7arp\u0131c\u0131 hayat\u0131n\u0131 g\u00f6zler \u00f6n\u00fcne seriyor. Hartmann&#8217;\u0131n sava\u015f sonras\u0131 an\u0131lar\u0131, Sovyetler Birli\u011fi&#8217;nde esir kamp\u0131nda ge\u00e7irdi\u011fi y\u0131llar ve nihayetinde Almanya&#8217;ya d\u00f6n\u00fc\u015f\u00fc, okuyucuyu tarihin karanl\u0131k ve karma\u015f\u0131k d\u00f6nemlerine g\u00f6t\u00fcrecek. Sava\u015f\u0131n deh\u015fetini, insan ruhunun en zorlu ko\u015fullar kar\u015f\u0131s\u0131nda dayan\u0131kl\u0131l\u0131\u011f\u0131n\u0131 ve sava\u015f\u0131n bireyler \u00fczerindeki derin etkilerini t\u00fcm \u00e7\u0131plakl\u0131\u011f\u0131yla g\u00f6steren G\u00f6klerin Kara \u015eeytan\u0131, \u0130kinci D\u00fcnya Sava\u015f\u0131 ve havac\u0131l\u0131k tarihine ilgi duyan herkes i\u00e7in m\u00fckemmel bir kaynak. <\/p>\n","protected":false},"excerpt":{"rendered":"<p>Erich Hartmann, 352 u\u00e7akla tarihin en \u00e7ok u\u00e7ak d\u00fc\u015f\u00fcren pilotu olma rekorunu elinde bulunduruyor. Bu, belki de insanl\u0131\u011f\u0131n gelecekte dahi k\u0131ramayaca\u011f\u0131 bir rekor. Hartmann ise bu<span class=\"excerpt-hellip\"> [\u2026]<\/span><\/p>\n","protected":false},"featured_media":0,"template":"","meta":{"_monsterinsights_skip_tracking":false,"_monsterinsights_sitenote_active":false,"_monsterinsights_sitenote_note":"","_monsterinsights_sitenote_category":0},"product_brand":[],"product_cat":[13946,12304],"product_tag":[],"class_list":{"0":"post-763262","1":"product","2":"type-product","3":"status-publish","5":"product_cat-biyografi-otobiyografi","6":"product_cat-tarih","7":"pa_cilt-ciltsiz","8":"pa_tur-kitap","9":"pa_yayinevi-kronik-kitap","10":"pa_yazar-raymond-f-toliver-trevor-j-constable","12":"first","13":"instock","14":"sale","15":"shipping-taxable","16":"purchasable","17":"product-type-simple"},"_links":{"self":[{"href":"https:\/\/roveyayinevi.com.tr\/index.php\/wp-json\/wp\/v2\/product\/763262","targetHints":{"allow":["GET"]}}],"collection":[{"href":"https:\/\/roveyayinevi.com.tr\/index.php\/wp-json\/wp\/v2\/product"}],"about":[{"href":"https:\/\/roveyayinevi.com.tr\/index.php\/wp-json\/wp\/v2\/types\/product"}],"wp:attachment":[{"href":"https:\/\/roveyayinevi.com.tr\/index.php\/wp-json\/wp\/v2\/media?parent=763262"}],"wp:term":[{"taxonomy":"product_brand","embeddable":true,"href":"https:\/\/roveyayinevi.com.tr\/index.php\/wp-json\/wp\/v2\/product_brand?post=763262"},{"taxonomy":"product_cat","embeddable":true,"href":"https:\/\/roveyayinevi.com.tr\/index.php\/wp-json\/wp\/v2\/product_cat?post=763262"},{"taxonomy":"product_tag","embeddable":true,"href":"https:\/\/roveyayinevi.com.tr\/index.php\/wp-json\/wp\/v2\/product_tag?post=763262"}],"curies":[{"name":"wp","href":"https:\/\/api.w.org\/{rel}","templated":true}]}}