{"id":763260,"date":"2025-08-28T10:35:33","date_gmt":"2025-08-28T07:35:33","guid":{"rendered":"https:\/\/roveyayinevi.com.tr\/index.php\/urun\/kurtulma-sanati\/"},"modified":"2026-04-12T03:20:40","modified_gmt":"2026-04-12T00:20:40","slug":"kurtulma-sanati","status":"publish","type":"product","link":"https:\/\/roveyayinevi.com.tr\/index.php\/urun\/kurtulma-sanati\/","title":{"rendered":"Kurtulma Sanat\u0131"},"content":{"rendered":"<p>\u0130nsanl\u0131\u011f\u0131n tarihinden beri atalar\u0131m\u0131zdan ba\u015flayarak hep halka \u00fcst\u00fcne halka ekleyerek b\u00fcy\u00fctt\u00fc\u011f\u00fcm\u00fcz, k\u00fclt\u00fcrel kodlarla DNA\u2019lar\u0131m\u0131za kadar i\u015fledi\u011fimiz, zaman zaman fark\u0131nda oldu\u011fumuz zaman zaman hi\u00e7 fark etmeden yerine getirmeye devam etti\u011fimiz gereklilikleri bir zincir olarak dolad\u0131k bileklerimize. G\u00f6zlerimizi onlarla a\u00e7\u0131yor, uykuya omuzlar\u0131m\u0131zdaki a\u011f\u0131rl\u0131klar\u0131yla ge\u00e7iyoruz. Ba\u015far\u0131l\u0131 olmal\u0131y\u0131m. \u015eu ya\u015fta evlenmeliyim. \u015e\u00f6yle davranmal\u0131y\u0131m ki sevilebileyim. \u0130ki ev, bir araba almal\u0131y\u0131m. \u00c7ocuklar\u0131m \u015f\u00f6yle yeti\u015fmeli, b\u00f6yle birer yeti\u015fkin olmal\u0131. Her alanda m\u00fckemmel olmal\u0131y\u0131m. \u00d6yle ya, bizler hayatlar\u0131n\u0131 zindana \u00e7evirmek konusunda u\u0308stu\u0308n yeteneklere sahip varl\u0131klar\u0131z. Hatta iki ayak u\u0308zerinde yu\u0308ru\u0308yebilme becerisinden sonra en ba\u015far\u0131l\u0131 oldu\u011fumuz konulardan biri bu. Ah mu\u0308kemmelin pe\u015finde ko\u015fan yorgun insan, hata yapman\u0131n en bu\u0308yu\u0308k lu\u0308kslerimizden biri oldu\u011funu ne zaman unuttuk? Hata yapmak, mu\u0308kemmel olmamak herkes kadar senin de hakk\u0131n. Neden kullanmazs\u0131n sana do\u011fu\u015ftan verilmi\u015f bu hakk\u0131? Elbette bir anda gelmedik bu h\u00e2le, \u00f6yle ya \u201cHayat bizi b\u00f6yle yapt\u0131.\u201d Dr. \u00f6\u011fretim \u00fcyesi ve psikiyatri uzman\u0131 O\u011fuzhan Herdi\u2019nin kaleminden Kurtulma Sanat\u0131, sizleri hayatta s\u0131rt\u0131m\u0131za y\u00fcklendi\u011fimiz gerekliliklerin fark\u0131na varma yolculu\u011funa davet ediyor. Bu yolculuk hi\u00e7 bitmeyecek. Sizler bu kitab\u0131 bitirdikten sonra da hayat devam edecek, gu\u0308ne\u015f do\u011fup batacak ve her an bir \u015feyler deneyimlemeye devam edeceksiniz. H\u00e2liyle kar\u015f\u0131n\u0131za, hayat\u0131n\u0131za gereklilik olarak katmaya de\u011fer g\u00f6rece\u011finiz, \u201cBu zincir buraya yak\u0131\u015fmaz m\u0131 ya!\u201d diye u\u0308zerinize tutup deneyece\u011finiz -meli, -mal\u0131\u2019lar ya da bir ba\u015fkas\u0131 taraf\u0131ndan zorunluluk ad\u0131 alt\u0131nda size dayat\u0131lan \u015feyler \u00e7\u0131kacak. Ancak art\u0131k kar\u015f\u0131n\u0131za \u00e7\u0131kan t\u00fcm bu gereklilik ve zorundal\u0131klara bugu\u0308n bakt\u0131\u011f\u0131n\u0131zdan daha farkl\u0131 bakmaya ba\u015flayacaks\u0131n\u0131z. <\/p>\n","protected":false},"excerpt":{"rendered":"<p>\u0130nsanl\u0131\u011f\u0131n tarihinden beri atalar\u0131m\u0131zdan ba\u015flayarak hep halka \u00fcst\u00fcne halka ekleyerek b\u00fcy\u00fctt\u00fc\u011f\u00fcm\u00fcz, k\u00fclt\u00fcrel kodlarla DNA\u2019lar\u0131m\u0131za kadar i\u015fledi\u011fimiz, zaman zaman fark\u0131nda oldu\u011fumuz zaman zaman hi\u00e7 fark etmeden yerine<span class=\"excerpt-hellip\"> [\u2026]<\/span><\/p>\n","protected":false},"featured_media":0,"template":"","meta":{"_monsterinsights_skip_tracking":false,"_monsterinsights_sitenote_active":false,"_monsterinsights_sitenote_note":"","_monsterinsights_sitenote_category":0},"product_brand":[],"product_cat":[12364,12376],"product_tag":[],"class_list":{"0":"post-763260","1":"product","2":"type-product","3":"status-publish","5":"product_cat-genel-konular","6":"product_cat-kisisel-gelisim","7":"pa_cilt-ciltsiz","8":"pa_tur-kitap","9":"pa_yayinevi-kronik-kitap","10":"pa_yazar-oguzhan-herdi","12":"first","13":"instock","14":"sale","15":"shipping-taxable","16":"purchasable","17":"product-type-simple"},"_links":{"self":[{"href":"https:\/\/roveyayinevi.com.tr\/index.php\/wp-json\/wp\/v2\/product\/763260","targetHints":{"allow":["GET"]}}],"collection":[{"href":"https:\/\/roveyayinevi.com.tr\/index.php\/wp-json\/wp\/v2\/product"}],"about":[{"href":"https:\/\/roveyayinevi.com.tr\/index.php\/wp-json\/wp\/v2\/types\/product"}],"wp:attachment":[{"href":"https:\/\/roveyayinevi.com.tr\/index.php\/wp-json\/wp\/v2\/media?parent=763260"}],"wp:term":[{"taxonomy":"product_brand","embeddable":true,"href":"https:\/\/roveyayinevi.com.tr\/index.php\/wp-json\/wp\/v2\/product_brand?post=763260"},{"taxonomy":"product_cat","embeddable":true,"href":"https:\/\/roveyayinevi.com.tr\/index.php\/wp-json\/wp\/v2\/product_cat?post=763260"},{"taxonomy":"product_tag","embeddable":true,"href":"https:\/\/roveyayinevi.com.tr\/index.php\/wp-json\/wp\/v2\/product_tag?post=763260"}],"curies":[{"name":"wp","href":"https:\/\/api.w.org\/{rel}","templated":true}]}}