{"id":763259,"date":"2025-08-28T10:35:31","date_gmt":"2025-08-28T07:35:31","guid":{"rendered":"https:\/\/roveyayinevi.com.tr\/index.php\/urun\/imparatorlugun-ajanlari\/"},"modified":"2026-04-15T03:28:38","modified_gmt":"2026-04-15T00:28:38","slug":"imparatorlugun-ajanlari","status":"publish","type":"product","link":"https:\/\/roveyayinevi.com.tr\/index.php\/urun\/imparatorlugun-ajanlari\/","title":{"rendered":"\u0130mparatorlu\u011fun Ajanlar\u0131"},"content":{"rendered":"<p>\u00c7\u0130FT TARAFLI AJANLARIN PAPALIK, VENED\u0130KL\u0130LER, \u0130SPANYOLLAR VE OSMANLILAR ARASINDA HAYRANLIK UYANDIRAN H\u0130K\u00c2YES\u0130   \u201cFernand Braudel\u2019den bu yana 16. y\u00fczy\u0131l Akdeniz d\u00fcnyas\u0131na b\u00f6yle bak\u0131lmam\u0131\u015ft\u0131\u2026\u201d Osmanl\u0131 \u0130mparatorlu\u011fu\u2019nun Balkanlar\u2019daki fetihleri uzun y\u0131llard\u0131r bu b\u00f6lgede menfaatleri bulunan Venedik Cumhuriyeti\u2019ni rahats\u0131z etmeye ba\u015flam\u0131\u015ft\u0131. Osmanl\u0131\u2019n\u0131n Arnavutluk\u2019un k\u0131y\u0131 \u015feridindeki \u015fehirlerini almas\u0131, Akdeniz\u2019de faaliyetler y\u00fcr\u00fctmesi Venediklileri b\u00fcy\u00fck bir \u00e7\u00f6k\u00fc\u015fe s\u00fcr\u00fckl\u00fcyordu. Bir yandan da Papal\u0131k T\u00fcrklerin ilerleyi\u015fi kar\u015f\u0131s\u0131nda durmak ad\u0131na birlikler kurmaya, ordu toplamaya \u00e7abal\u0131yordu. B\u00fct\u00fcn bu karma\u015f\u0131kl\u0131\u011f\u0131n ortas\u0131nda korsanlar, casuslar, din adamlar\u0131, terc\u00fcmanlar, \u015f\u00f6valyeler ve tacirler g\u00f6revlerini yerine getirmeye, hassas dengeler \u00fczerinde i\u015flerini g\u00f6rmeye \u00e7al\u0131\u015f\u0131yorlard\u0131. Peki nas\u0131l ve ne pahas\u0131na? Usta tarih\u00e7i Noel Malcolm bu kitab\u0131nda, Balkanlar ve Akdeniz havzas\u0131ndaki g\u00fc\u00e7 m\u00fccadelesinin 1550\u2019lerden Uzun T\u00fcrk Sava\u015f\u0131\u2019na (1593-1606) kadarki d\u00f6nemine odaklan\u0131yor. Sebep olduklar\u0131 b\u00fcy\u00fck etkilerin fark\u0131nda olmaks\u0131z\u0131n casuslar, silah\u015forlar, din adamlar\u0131, ya\u011fma yapan korsanlar, padi\u015fah\u0131n huzuruna \u00e7\u0131kan dragomanlar ve daha nicesi 16. y\u00fczy\u0131l\u0131n iktidar sava\u015f\u0131nda b\u00fcy\u00fck roller oynad\u0131lar. Bazen Osmanl\u0131 \u0130mparatorlu\u011fu\u2019na bazen Avrupal\u0131 g\u00fc\u00e7lere bazense iki tarafa da ayn\u0131 anda \u00e7al\u0131\u015ft\u0131lar. Malcolm titiz ve mahir kalemiyle bu insanlar\u0131n kendi k\u00fc\u00e7\u00fck hayatlar\u0131n\u0131, ufak hesaplar\u0131n\u0131, h\u0131rslar\u0131n\u0131 ve b\u00fcy\u00fck resme etkilerini ele al\u0131yor. \u0130mparatorlu\u011fun Ajanlar\u0131, imparatorluklar, k\u00fclt\u00fcrler ve dinler aras\u0131ndaki belirsiz s\u0131n\u0131rlar \u00fczerindeki k\u00fc\u00e7\u00fck ya\u015famlar\u0131n Osmanl\u0131 ve H\u0131ristiyan d\u00fcnyalar\u0131na d\u00fc\u015f\u00fcrd\u00fckleri g\u00f6lgeleri b\u00fcy\u00fck bir ustal\u0131kla inceliyor. Y\u0131llar s\u00fcren ar\u015fiv dedektifli\u011finin \u00fcr\u00fcn\u00fc olan \u0130mparatorlu\u011fun Ajanlar\u0131: 16. Y\u00fczy\u0131l Akdeniz d\u00fcnyas\u0131nda \u015e\u00f6valyeler, Korsanlar, Cizvitler ve Casuslar pek \u00e7ok tarihsel kli\u015feye kar\u015f\u0131 panzehir g\u00f6revi g\u00f6rerek sizleri, ki\u015fisel ba\u011fl\u0131l\u0131klar\u0131n ve dini koalisyonlar\u0131n s\u00fcrekli de\u011fi\u015fti\u011fi, ulus devletlerden \u00e7ok \u00f6nceki bir d\u00f6neme g\u00f6t\u00fcrecek. <\/p>\n","protected":false},"excerpt":{"rendered":"<p>\u00c7\u0130FT TARAFLI AJANLARIN PAPALIK, VENED\u0130KL\u0130LER, \u0130SPANYOLLAR VE OSMANLILAR ARASINDA HAYRANLIK UYANDIRAN H\u0130K\u00c2YES\u0130 \u201cFernand Braudel\u2019den bu yana 16. y\u00fczy\u0131l Akdeniz d\u00fcnyas\u0131na b\u00f6yle bak\u0131lmam\u0131\u015ft\u0131\u2026\u201d Osmanl\u0131 \u0130mparatorlu\u011fu\u2019nun Balkanlar\u2019daki fetihleri<span class=\"excerpt-hellip\"> [\u2026]<\/span><\/p>\n","protected":false},"featured_media":0,"template":"","meta":{"_monsterinsights_skip_tracking":false,"_monsterinsights_sitenote_active":false,"_monsterinsights_sitenote_note":"","_monsterinsights_sitenote_category":0},"product_brand":[],"product_cat":[13517,12304],"product_tag":[],"class_list":{"0":"post-763259","1":"product","2":"type-product","3":"status-publish","5":"product_cat-osmanli-tarihi","6":"product_cat-tarih","7":"pa_cilt-ciltsiz","8":"pa_tur-kitap","9":"pa_yayinevi-kronik-kitap","10":"pa_yazar-noel-malcolm","12":"first","13":"instock","14":"sale","15":"shipping-taxable","16":"purchasable","17":"product-type-simple"},"_links":{"self":[{"href":"https:\/\/roveyayinevi.com.tr\/index.php\/wp-json\/wp\/v2\/product\/763259","targetHints":{"allow":["GET"]}}],"collection":[{"href":"https:\/\/roveyayinevi.com.tr\/index.php\/wp-json\/wp\/v2\/product"}],"about":[{"href":"https:\/\/roveyayinevi.com.tr\/index.php\/wp-json\/wp\/v2\/types\/product"}],"wp:attachment":[{"href":"https:\/\/roveyayinevi.com.tr\/index.php\/wp-json\/wp\/v2\/media?parent=763259"}],"wp:term":[{"taxonomy":"product_brand","embeddable":true,"href":"https:\/\/roveyayinevi.com.tr\/index.php\/wp-json\/wp\/v2\/product_brand?post=763259"},{"taxonomy":"product_cat","embeddable":true,"href":"https:\/\/roveyayinevi.com.tr\/index.php\/wp-json\/wp\/v2\/product_cat?post=763259"},{"taxonomy":"product_tag","embeddable":true,"href":"https:\/\/roveyayinevi.com.tr\/index.php\/wp-json\/wp\/v2\/product_tag?post=763259"}],"curies":[{"name":"wp","href":"https:\/\/api.w.org\/{rel}","templated":true}]}}