{"id":763257,"date":"2025-08-28T10:35:29","date_gmt":"2025-08-28T07:35:29","guid":{"rendered":"https:\/\/roveyayinevi.com.tr\/index.php\/urun\/esir-sehirlerin-eserleri\/"},"modified":"2026-04-15T03:28:38","modified_gmt":"2026-04-15T00:28:38","slug":"esir-sehirlerin-eserleri","status":"publish","type":"product","link":"https:\/\/roveyayinevi.com.tr\/index.php\/urun\/esir-sehirlerin-eserleri\/","title":{"rendered":"Esir \u015eehirlerin Eserleri"},"content":{"rendered":"<p>\u0130\u015fgal Y\u0131llar\u0131ndaEski Eser Ka\u00e7ak\u00e7\u0131l\u0131\u011f\u0131 30 Ekim 1918 tarihinde imzalanan Mondros M\u00fctarekesi\u2019nden sonra Osmanl\u0131 topraklar\u0131nda i\u015fgaller ba\u015flad\u0131. Ancak bu i\u015fgallerin pek bilinmeyen ve \u00e7ok \u00fczerinde durulmayan bir yan\u0131 daha var; \u201ceski eser ka\u00e7ak\u00e7\u0131l\u0131\u011f\u0131\u201d. Osmanl\u0131 Devleti topraklar\u0131ndaki i\u015fgaller s\u0131ras\u0131nda Yunanlar, Frans\u0131zlar, \u0130ngilizler, Amerikal\u0131lar ve \u0130talyanlar, yo\u011fun bir \u015fekilde tarih\u00ee eser ka\u00e7akl\u0131\u011f\u0131 yapt\u0131lar. \u00c7anakkale, Antalya, \u0130stanbul, Adana, \u0130zmir, Ayd\u0131n, Bodrum, Antep, Isparta, Konya gibi neredeyse i\u015fgal edilen b\u00fct\u00fcn \u015fehirlerde tarih\u00ee eser arama \u00e7al\u0131\u015fmalar\u0131 yap\u0131ld\u0131 ve ka\u00e7ak arkeolojik kaz\u0131larda elde edilen eserler, birer sava\u015f esiri gibi ait olduklar\u0131 topraklardan kopar\u0131l\u0131p i\u015fgalci devletlerin merkezlerine ta\u015f\u0131nd\u0131. Elinizdeki kitap 1918-1923 y\u0131llar\u0131 aras\u0131nda Osmanl\u0131 Devleti topraklar\u0131ndaki eski eser ka\u00e7ak\u00e7\u0131l\u0131\u011f\u0131n\u0131 incelerken \u015fu sorular\u0131n da cevab\u0131n\u0131 aramaktad\u0131r: Osmanl\u0131 Devleti\u2019nde m\u00fczecilik faaliyetleri ne zaman ba\u015flad\u0131? \u0130\u015fgal kuvvetleri hangi eserleri, nas\u0131l ka\u00e7\u0131rd\u0131? Ka\u00e7\u0131r\u0131lan bu eserler g\u00fcn\u00fcm\u00fczde d\u00fcnyan\u0131n hangi m\u00fczelerinde ya da \u00f6zel koleksiyonlar\u0131ndad\u0131r? Eski eser ka\u00e7ak\u00e7\u0131l\u0131\u011f\u0131 i\u00e7in hangi arkeolojik kaz\u0131lar yap\u0131ld\u0131? \u0130\u015fgal kuvvetleri arkeolojiyi i\u015fgal politikalar\u0131n\u0131n bir par\u00e7as\u0131 olarak m\u0131 g\u00f6rd\u00fc? Arkeolojik kaz\u0131lar, i\u015fgallere me\u015fru bir zemin olu\u015fturmak i\u00e7in kullan\u0131ld\u0131 m\u0131? Osmanl\u0131 Devleti ve 1920\u2019den sonra da B\u00fcy\u00fck Millet Meclisi H\u00fck\u00fcmeti eski eser ka\u00e7ak\u00e7\u0131l\u0131\u011f\u0131n\u0131 \u00f6nlemek i\u00e7in ne gibi faaliyetler y\u00fcr\u00fctt\u00fc? B\u00fcrokrat olarak yurtd\u0131\u015f\u0131na ka\u00e7\u0131r\u0131lan eserlerin T\u00fcrkiye\u2019ye getirilmesi konusunda da g\u00f6rev yapm\u0131\u015f olan Dr. Yahya Co\u015fkun, yaln\u0131zca bu konuya e\u011filen bu kapsamdaki ilk \u00e7al\u0131\u015fma olma \u00f6zelli\u011fini ta\u015f\u0131yan \u201cEsir \u015eehirlerin Eserleri: Anadolu\u2019nun \u0130\u015fgalinde Eski Eser Ka\u00e7ak\u00e7\u0131l\u0131\u011f\u0131 (1918-1923)\u201d kitab\u0131nda ilk kez yay\u0131mlanan belgelerle Osmanl\u0131 Devleti\u2019nin son d\u00f6neminde m\u00fczecili\u011fi, arkeolojik kaz\u0131lar\u0131, eski eserlerle ilgili \u00e7al\u0131\u015fmalar\u0131 ve tabii ka\u00e7ak\u00e7\u0131l\u0131k faaliyetlerini de g\u00f6zler \u00f6n\u00fcne seriyor. <\/p>\n","protected":false},"excerpt":{"rendered":"<p>\u0130\u015fgal Y\u0131llar\u0131ndaEski Eser Ka\u00e7ak\u00e7\u0131l\u0131\u011f\u0131 30 Ekim 1918 tarihinde imzalanan Mondros M\u00fctarekesi\u2019nden sonra Osmanl\u0131 topraklar\u0131nda i\u015fgaller ba\u015flad\u0131. Ancak bu i\u015fgallerin pek bilinmeyen ve \u00e7ok \u00fczerinde durulmayan bir<span class=\"excerpt-hellip\"> [\u2026]<\/span><\/p>\n","protected":false},"featured_media":0,"template":"","meta":{"_monsterinsights_skip_tracking":false,"_monsterinsights_sitenote_active":false,"_monsterinsights_sitenote_note":"","_monsterinsights_sitenote_category":0},"product_brand":[],"product_cat":[12304],"product_tag":[],"class_list":{"0":"post-763257","1":"product","2":"type-product","3":"status-publish","5":"product_cat-tarih","6":"pa_cilt-ciltsiz","7":"pa_tur-kitap","8":"pa_yayinevi-kronik-kitap","9":"pa_yazar-yahya-coskun","11":"first","12":"instock","13":"sale","14":"shipping-taxable","15":"purchasable","16":"product-type-simple"},"_links":{"self":[{"href":"https:\/\/roveyayinevi.com.tr\/index.php\/wp-json\/wp\/v2\/product\/763257","targetHints":{"allow":["GET"]}}],"collection":[{"href":"https:\/\/roveyayinevi.com.tr\/index.php\/wp-json\/wp\/v2\/product"}],"about":[{"href":"https:\/\/roveyayinevi.com.tr\/index.php\/wp-json\/wp\/v2\/types\/product"}],"wp:attachment":[{"href":"https:\/\/roveyayinevi.com.tr\/index.php\/wp-json\/wp\/v2\/media?parent=763257"}],"wp:term":[{"taxonomy":"product_brand","embeddable":true,"href":"https:\/\/roveyayinevi.com.tr\/index.php\/wp-json\/wp\/v2\/product_brand?post=763257"},{"taxonomy":"product_cat","embeddable":true,"href":"https:\/\/roveyayinevi.com.tr\/index.php\/wp-json\/wp\/v2\/product_cat?post=763257"},{"taxonomy":"product_tag","embeddable":true,"href":"https:\/\/roveyayinevi.com.tr\/index.php\/wp-json\/wp\/v2\/product_tag?post=763257"}],"curies":[{"name":"wp","href":"https:\/\/api.w.org\/{rel}","templated":true}]}}