{"id":763256,"date":"2025-08-28T10:35:28","date_gmt":"2025-08-28T07:35:28","guid":{"rendered":"https:\/\/roveyayinevi.com.tr\/index.php\/urun\/osmanlilar-ve-baburluler\/"},"modified":"2026-04-08T03:25:19","modified_gmt":"2026-04-08T00:25:19","slug":"osmanlilar-ve-baburluler","status":"publish","type":"product","link":"https:\/\/roveyayinevi.com.tr\/index.php\/urun\/osmanlilar-ve-baburluler\/","title":{"rendered":"Osmanl\u0131lar ve Bab\u00fcrl\u00fcler"},"content":{"rendered":"<p>DO\u011eU\u2019NUN \u0130K\u0130 B\u00dcY\u00dcK \u0130MPARATORLU\u011eU Birbirinden binlerce kilometre uzak mesafede iki b\u00fcy\u00fck imparatorluk&#8230; Osmanl\u0131 ve B\u00e2b\u00fcrl\u00fc \u0130mparatorluklar\u0131, erken modern d\u00fcnyada geni\u015f topraklar\u0131, \u00e7ok k\u00fclt\u00fcrl\u00fc yap\u0131lar\u0131 ve g\u00fc\u00e7l\u00fc ordular\u0131yla d\u00fcnya tarihine damgas\u0131n\u0131 vurdular. Fatih Sultan Mehmet\u2019ten B\u00e2b\u00fcr \u015eah\u2019a, Kanuni Sultan S\u00fcleyman\u2019dan Ekber \u015eah\u2019a bir\u00e7ok \u00f6nemli h\u00fck\u00fcmdar taraf\u0131ndan y\u00f6netildiler, Sultan Ahmet Camii\u2019nden Tac Mahal\u2019e benzersiz mimarileriyle \u00f6n plana \u00e7\u0131kt\u0131lar.   Osmanl\u0131 ve B\u00e2b\u00fcrl\u00fc \u0130mparatorluklar\u0131 nas\u0131l bu kadar uzun s\u00fcre h\u00fck\u00fcm s\u00fcrd\u00fc? Osmanl\u0131 ve B\u00e2b\u00fcrl\u00fc sultanlar\u0131n\u0131n benzerlikleri ve farkl\u0131l\u0131klar\u0131 nelerdi? Osmanl\u0131lar ve B\u00e2b\u00fcrl\u00fcler birbirlerine nas\u0131l bak\u0131yordu? Bu b\u00fcy\u00fck medeniyetlerin halklar\u0131 hangi sosyal ve ekonomik ko\u015fullar alt\u0131nda ya\u015fad\u0131? gibi sorular\u0131n ve daha fazlas\u0131n\u0131n cevab\u0131n\u0131 bu kitapta bulacaks\u0131n\u0131z.   Suraiya Faroqhi, titizlikle kaleme ald\u0131\u011f\u0131 Osmanl\u0131lar ve B\u00e2b\u00fcrl\u00fcler\u2019de bu iki b\u00fcy\u00fck imparatorlu\u011fun sosyal yap\u0131lar\u0131n\u0131, y\u00f6netim bi\u00e7imlerini ve k\u00fclt\u00fcrel etkile\u015fimlerini derinlemesine inceliyor. Faroqhi; Osmanl\u0131 ve B\u00e2b\u00fcrl\u00fc \u0130mparatorluklar\u0131n\u0131n idari yap\u0131lar\u0131, merkeziyet\u00e7i politikalar\u0131, askeri g\u00fc\u00e7leri ve b\u00fcrokratik sistemlerinin kar\u015f\u0131la\u015ft\u0131rmal\u0131 bir analizini sunarken imparatorluklar\u0131n ekonomik altyap\u0131lar\u0131n\u0131, ticaret a\u011flar\u0131n\u0131 ve vergi sistemlerini detayland\u0131r\u0131larak, bu yap\u0131lar\u0131n halk\u0131n g\u00fcnl\u00fck ya\u015fam\u0131na nas\u0131l etki etti\u011fini ortaya koyuyor. Kitapta, Osmanl\u0131 ve B\u00e2b\u00fcrl\u00fc saraylar\u0131nda geli\u015fen mimari, edebi ve sanatsal faaliyetler ile bu k\u00fclt\u00fcrel unsurlar\u0131n toplum \u00fczerindeki etkileri geni\u015f bir perspektiften anlat\u0131l\u0131rken Osmanl\u0131 ve B\u00e2b\u00fcrl\u00fc \u0130mparatorluklar\u0131n\u0131n birbirlerine bak\u0131\u015f a\u00e7\u0131lar\u0131 ve aralar\u0131ndaki diplomatik ili\u015fkiler de mercek alt\u0131na al\u0131n\u0131yor. Faroqhi, bu b\u00fcy\u00fck medeniyetlerin inceliklerini ve n\u00fcanslar\u0131n\u0131 anlamak i\u00e7in gerekli olan arka plan\u0131 ve derinli\u011fi sunarak, okuyucular\u0131 tarih\u00ee bir yolculu\u011fa \u00e7\u0131kar\u0131yor.   Osmanl\u0131lar ve B\u00e2b\u00fcrl\u00fcler, Osmanl\u0131 ve B\u00e2b\u00fcrl\u00fc tarihine ilgi duyan herkes i\u00e7in e\u015fsiz bir rehber olacak. Suraiya Faroqhi\u2019n\u0131n usta kaleminden bu iki b\u00fcy\u00fck imparatorlu\u011fun tarihine dair yeni bak\u0131\u015f a\u00e7\u0131lar\u0131 ve yorumlar bulacaks\u0131n\u0131z.<\/p>\n","protected":false},"excerpt":{"rendered":"<p>DO\u011eU\u2019NUN \u0130K\u0130 B\u00dcY\u00dcK \u0130MPARATORLU\u011eU Birbirinden binlerce kilometre uzak mesafede iki b\u00fcy\u00fck imparatorluk&#8230; Osmanl\u0131 ve B\u00e2b\u00fcrl\u00fc \u0130mparatorluklar\u0131, erken modern d\u00fcnyada geni\u015f topraklar\u0131, \u00e7ok k\u00fclt\u00fcrl\u00fc yap\u0131lar\u0131 ve g\u00fc\u00e7l\u00fc<span class=\"excerpt-hellip\"> [\u2026]<\/span><\/p>\n","protected":false},"featured_media":0,"template":"","meta":{"_monsterinsights_skip_tracking":false,"_monsterinsights_sitenote_active":false,"_monsterinsights_sitenote_note":"","_monsterinsights_sitenote_category":0},"product_brand":[],"product_cat":[13517,12304],"product_tag":[],"class_list":{"0":"post-763256","1":"product","2":"type-product","3":"status-publish","5":"product_cat-osmanli-tarihi","6":"product_cat-tarih","7":"pa_cilt-ciltsiz","8":"pa_tur-kitap","9":"pa_yayinevi-kronik-kitap","10":"pa_yazar-suraiya-faroqhi","12":"first","13":"instock","14":"sale","15":"shipping-taxable","16":"purchasable","17":"product-type-simple"},"_links":{"self":[{"href":"https:\/\/roveyayinevi.com.tr\/index.php\/wp-json\/wp\/v2\/product\/763256","targetHints":{"allow":["GET"]}}],"collection":[{"href":"https:\/\/roveyayinevi.com.tr\/index.php\/wp-json\/wp\/v2\/product"}],"about":[{"href":"https:\/\/roveyayinevi.com.tr\/index.php\/wp-json\/wp\/v2\/types\/product"}],"wp:attachment":[{"href":"https:\/\/roveyayinevi.com.tr\/index.php\/wp-json\/wp\/v2\/media?parent=763256"}],"wp:term":[{"taxonomy":"product_brand","embeddable":true,"href":"https:\/\/roveyayinevi.com.tr\/index.php\/wp-json\/wp\/v2\/product_brand?post=763256"},{"taxonomy":"product_cat","embeddable":true,"href":"https:\/\/roveyayinevi.com.tr\/index.php\/wp-json\/wp\/v2\/product_cat?post=763256"},{"taxonomy":"product_tag","embeddable":true,"href":"https:\/\/roveyayinevi.com.tr\/index.php\/wp-json\/wp\/v2\/product_tag?post=763256"}],"curies":[{"name":"wp","href":"https:\/\/api.w.org\/{rel}","templated":true}]}}