{"id":763255,"date":"2025-08-28T10:35:26","date_gmt":"2025-08-28T07:35:26","guid":{"rendered":"https:\/\/roveyayinevi.com.tr\/index.php\/urun\/atom-bombasinin-gizli-tarihi\/"},"modified":"2026-04-15T03:28:38","modified_gmt":"2026-04-15T00:28:38","slug":"atom-bombasinin-gizli-tarihi","status":"publish","type":"product","link":"https:\/\/roveyayinevi.com.tr\/index.php\/urun\/atom-bombasinin-gizli-tarihi\/","title":{"rendered":"Atom Bombas\u0131n\u0131n Gizli Tarihi"},"content":{"rendered":"<p>\u0130K\u0130 Y\u00dcZL\u00dc OYUNCULAR, K\u00d6T\u00dcC\u00dcL KARARLAR VE \u00dcZ\u00dcC\u00dc SONU\u00c7LAR\u2026 ATOM BOMBASININ KAPILAR ARDINDA KALAN G\u0130ZL\u0130 TAR\u0130H\u0130 Atom bombas\u0131n\u0131n gerek\u00e7esi basitti: Hitler&#8217;i yenecek ve \u0130kinci D\u00fcnya Sava\u015f\u0131&#8217;n\u0131 daha h\u0131zl\u0131 bitirerek milyonlarca insan\u0131n hayat\u0131n\u0131 kurtaracakt\u0131. Ama ger\u00e7ek bamba\u015fkayd\u0131. Atom Bombas\u0131n\u0131n Gizli Tarihi, bu felaket silah\u0131n\u0131n neden yap\u0131ld\u0131\u011f\u0131na dair geleneksel hik\u00e2yeyi yerle bir ediyor. Peter Watson&#8217;\u0131n ke\u015ffetti\u011fi yeni belgelere g\u00f6re, \u0130ngilizler Almanlar\u0131n bomba geli\u015ftiremedi\u011fini biliyordu ve bunu Amerikal\u0131 dostlar\u0131yla payla\u015fmam\u0131\u015flard\u0131. Amerikal\u0131lar ise Sovyetlerin, bombay\u0131 \u00fcretme ve kullanma planlar\u0131na ne \u00f6l\u00e7\u00fcde n\u00fcfuz ettikleri konusunda \u0130ngilizleri kand\u0131rd\u0131lar. \u00dcstelik, bombay\u0131 yapmak \u00fczere i\u015fe al\u0131nan bilim insanlar\u0131n\u0131n hi\u00e7biri bomban\u0131n amac\u0131n\u0131n gizlice de\u011fi\u015ftirildi\u011fini bilmiyordu. Esas karanl\u0131k s\u0131r ise Rusya\u2019n\u0131n g\u00f6z\u00fcn\u00fc korkutmakt\u0131: Atom bombas\u0131 Pasifik&#8217;teki sava\u015f\u0131 kesin olarak sona erdirmek i\u00e7in de\u011fil, h\u00e2l\u00e2 ABD ve \u0130ngiltere&#8217;nin askeri m\u00fcttefiki olan Stalin&#8217;in Sovyetler Birli\u011fi\u2019ni uyarmak i\u00e7in at\u0131lm\u0131\u015ft\u0131. Bu bomba s\u0131cak bir sava\u015f\u0131 aniden sona erdirmedi; aksine So\u011fuk Sava\u015f&#8217;\u0131n ba\u015flamas\u0131 i\u00e7in gerekli ko\u015fullar\u0131 haz\u0131rlad\u0131. Yirminci y\u00fczy\u0131l\u0131n b\u00fcy\u00fck entelekt\u00fcel tarih\u00e7isi Peter Watson yeni kitab\u0131 Atom Bombas\u0131n\u0131n Gizli Tarihi\u2019nde n\u00fckleer silah yapma fikrinin nas\u0131l ortaya \u00e7\u0131kt\u0131\u011f\u0131n\u0131, asl\u0131nda sava\u015f\u0131 bitirmek i\u00e7in gerekli olmayan atom bombas\u0131n\u0131 yapma ve kullanma karar\u0131n\u0131 iktidardaki k\u00fc\u00e7\u00fck bir komplocu grubun nas\u0131l ald\u0131\u011f\u0131n\u0131 ve b\u00f6ylece bug\u00fcn d\u00fcnyay\u0131 ne denli b\u00fcy\u00fck bir tehlikeye maruz b\u0131rakt\u0131klar\u0131n\u0131 g\u00f6steriyor. <\/p>\n","protected":false},"excerpt":{"rendered":"<p>\u0130K\u0130 Y\u00dcZL\u00dc OYUNCULAR, K\u00d6T\u00dcC\u00dcL KARARLAR VE \u00dcZ\u00dcC\u00dc SONU\u00c7LAR\u2026 ATOM BOMBASININ KAPILAR ARDINDA KALAN G\u0130ZL\u0130 TAR\u0130H\u0130 Atom bombas\u0131n\u0131n gerek\u00e7esi basitti: Hitler&#8217;i yenecek ve \u0130kinci D\u00fcnya Sava\u015f\u0131&#8217;n\u0131 daha<span class=\"excerpt-hellip\"> [\u2026]<\/span><\/p>\n","protected":false},"featured_media":0,"template":"","meta":{"_monsterinsights_skip_tracking":false,"_monsterinsights_sitenote_active":false,"_monsterinsights_sitenote_note":"","_monsterinsights_sitenote_category":0},"product_brand":[],"product_cat":[12305,12304],"product_tag":[],"class_list":{"0":"post-763255","1":"product","2":"type-product","3":"status-publish","5":"product_cat-dunya-tarihi","6":"product_cat-tarih","7":"pa_cilt-ciltsiz","8":"pa_tur-kitap","9":"pa_yayinevi-kronik-kitap","10":"pa_yazar-peter-watson","12":"first","13":"instock","14":"sale","15":"shipping-taxable","16":"purchasable","17":"product-type-simple"},"_links":{"self":[{"href":"https:\/\/roveyayinevi.com.tr\/index.php\/wp-json\/wp\/v2\/product\/763255","targetHints":{"allow":["GET"]}}],"collection":[{"href":"https:\/\/roveyayinevi.com.tr\/index.php\/wp-json\/wp\/v2\/product"}],"about":[{"href":"https:\/\/roveyayinevi.com.tr\/index.php\/wp-json\/wp\/v2\/types\/product"}],"wp:attachment":[{"href":"https:\/\/roveyayinevi.com.tr\/index.php\/wp-json\/wp\/v2\/media?parent=763255"}],"wp:term":[{"taxonomy":"product_brand","embeddable":true,"href":"https:\/\/roveyayinevi.com.tr\/index.php\/wp-json\/wp\/v2\/product_brand?post=763255"},{"taxonomy":"product_cat","embeddable":true,"href":"https:\/\/roveyayinevi.com.tr\/index.php\/wp-json\/wp\/v2\/product_cat?post=763255"},{"taxonomy":"product_tag","embeddable":true,"href":"https:\/\/roveyayinevi.com.tr\/index.php\/wp-json\/wp\/v2\/product_tag?post=763255"}],"curies":[{"name":"wp","href":"https:\/\/api.w.org\/{rel}","templated":true}]}}