{"id":763253,"date":"2025-08-28T10:35:23","date_gmt":"2025-08-28T07:35:23","guid":{"rendered":"https:\/\/roveyayinevi.com.tr\/index.php\/urun\/avrupa-ve-biz\/"},"modified":"2026-04-15T03:28:38","modified_gmt":"2026-04-15T00:28:38","slug":"avrupa-ve-biz","status":"publish","type":"product","link":"https:\/\/roveyayinevi.com.tr\/index.php\/urun\/avrupa-ve-biz\/","title":{"rendered":"Avrupa ve Biz"},"content":{"rendered":"<p>\u201cT\u00fcrkiye Avrupa\u2019ya ilk defa yana\u015fm\u0131yor. T\u00fcrkiye Avrupa ile ilk defa bir macera ya\u015fam\u0131yor. T\u00fcrkiye\u2019nin dokuz y\u00fcz y\u0131ll\u0131k tarihi Avrupa ile beraberdir; bunu kimse unutmas\u0131n. Bug\u00fcn, T\u00fcrkiye\u2019de Avrupa Birli\u011fi denen iktisad\u00ee ve siyas\u00ee olu\u015fumun k\u00fclt\u00fcrel boyutu \u00e7ok az tart\u0131\u015f\u0131lmaktad\u0131r. K\u00fclt\u00fcr bir hayat tarz\u0131n\u0131 ve ge\u00e7mi\u015f ku\u015faklar\u0131n miras\u0131n\u0131 ifade etti\u011fine g\u00f6re, Avrupa ve T\u00fcrkiye bir uyum i\u00e7inde midir? Tarihsel ge\u00e7mi\u015f, hal ve gelecek a\u00e7\u0131s\u0131ndan bu uyum sorununun tart\u0131\u015f\u0131lmas\u0131 \u015fartt\u0131r. Oysa toplumumuzda hem idare edenler, hem de idare edilenler, Avrupa Birli\u011fi\u2019ni sadece iktisad\u00ee refah, serbest i\u015fg\u00fcc\u00fc dola\u015f\u0131m\u0131 konular\u0131 etraf\u0131nda ve bir k\u0131s\u0131m \u00e7evreler de insan haklar\u0131 gibi kurumlar a\u00e7\u0131s\u0131ndan d\u00fc\u015f\u00fcnmekte olup; as\u0131l \u00f6nemli sorunun tart\u0131\u015f\u0131lmas\u0131ndan herkes ka\u00e7\u0131nmakta, belki de ho\u015flanmamaktad\u0131r. Alman \u00fclkesinden Kohl diye bir ba\u015fbakan, \u201cBiz bunlar\u0131 ne biliriz?\u201d diyor. 18. y\u00fczy\u0131l\u0131n sonunda, bunu hi\u00e7 \u00e7ekinmeden s\u00f6ylerim, bizimkinden edeb\u00ee bak\u0131mdan daha kaliteli bir Kur\u2019an \u00e7evirisi yap\u0131lm\u0131\u015f bir \u00fclkede bunu s\u00f6yl\u00fcyor! Haberi yok o mirastan, o b\u00fcy\u00fck oryantalist mirastan; yani biz de onlar\u0131 tan\u0131m\u0131yoruz, onlar da bizi tan\u0131m\u0131yorlar, tan\u0131mamakta \u0131srar ediyorlar.\u201d \u0130LBER ORTAYLI   Prof. Dr. \u0130lber Ortayl\u0131 okuyucuyu kar\u015f\u0131la\u015ft\u0131rmal\u0131 bir siyasal, toplumsal ve k\u00fclt\u00fcrel tarih gezisine \u00e7\u0131kard\u0131\u011f\u0131 bu eserinde, her zamanki ak\u0131c\u0131 \u00fcslubuyla ezberleri bozuyor, \u201ctart\u0131\u015f\u0131lmaz do\u011frular\u201d olarak g\u00f6r\u00fclen pek \u00e7ok konuda tabular\u0131 y\u0131k\u0131yor, hepimizi, yani Avrupa ve Biz\u2019i abartmadan, \u00e7arp\u0131tmadan, gizlenmeden ger\u00e7eklerle y\u00fczle\u015fmeye \u00e7a\u011f\u0131r\u0131yor. <\/p>\n","protected":false},"excerpt":{"rendered":"<p>\u201cT\u00fcrkiye Avrupa\u2019ya ilk defa yana\u015fm\u0131yor. T\u00fcrkiye Avrupa ile ilk defa bir macera ya\u015fam\u0131yor. T\u00fcrkiye\u2019nin dokuz y\u00fcz y\u0131ll\u0131k tarihi Avrupa ile beraberdir; bunu kimse unutmas\u0131n. Bug\u00fcn, T\u00fcrkiye\u2019de<span class=\"excerpt-hellip\"> [\u2026]<\/span><\/p>\n","protected":false},"featured_media":0,"template":"","meta":{"_monsterinsights_skip_tracking":false,"_monsterinsights_sitenote_active":false,"_monsterinsights_sitenote_note":"","_monsterinsights_sitenote_category":0},"product_brand":[],"product_cat":[12304],"product_tag":[],"class_list":{"0":"post-763253","1":"product","2":"type-product","3":"status-publish","5":"product_cat-tarih","6":"pa_cilt-ciltsiz","7":"pa_tur-kitap","8":"pa_yayinevi-kronik-kitap","9":"pa_yazar-ilber-ortayli","11":"first","12":"instock","13":"sale","14":"shipping-taxable","15":"purchasable","16":"product-type-simple"},"_links":{"self":[{"href":"https:\/\/roveyayinevi.com.tr\/index.php\/wp-json\/wp\/v2\/product\/763253","targetHints":{"allow":["GET"]}}],"collection":[{"href":"https:\/\/roveyayinevi.com.tr\/index.php\/wp-json\/wp\/v2\/product"}],"about":[{"href":"https:\/\/roveyayinevi.com.tr\/index.php\/wp-json\/wp\/v2\/types\/product"}],"wp:attachment":[{"href":"https:\/\/roveyayinevi.com.tr\/index.php\/wp-json\/wp\/v2\/media?parent=763253"}],"wp:term":[{"taxonomy":"product_brand","embeddable":true,"href":"https:\/\/roveyayinevi.com.tr\/index.php\/wp-json\/wp\/v2\/product_brand?post=763253"},{"taxonomy":"product_cat","embeddable":true,"href":"https:\/\/roveyayinevi.com.tr\/index.php\/wp-json\/wp\/v2\/product_cat?post=763253"},{"taxonomy":"product_tag","embeddable":true,"href":"https:\/\/roveyayinevi.com.tr\/index.php\/wp-json\/wp\/v2\/product_tag?post=763253"}],"curies":[{"name":"wp","href":"https:\/\/api.w.org\/{rel}","templated":true}]}}