{"id":763251,"date":"2025-08-28T10:35:19","date_gmt":"2025-08-28T07:35:19","guid":{"rendered":"https:\/\/roveyayinevi.com.tr\/index.php\/urun\/hamlet-bez-ciltli\/"},"modified":"2026-04-15T03:28:38","modified_gmt":"2026-04-15T00:28:38","slug":"hamlet-bez-ciltli","status":"publish","type":"product","link":"https:\/\/roveyayinevi.com.tr\/index.php\/urun\/hamlet-bez-ciltli\/","title":{"rendered":"Hamlet (Bez Ciltli)"},"content":{"rendered":"<p>Edebiyat tarihinin en b\u00fcy\u00fck yazarlar\u0131ndan William Shakespeare\u2019in t\u00fcm zamanlar\u0131n en \u00e7ok yoruma konu olan edebiyat eseri Hamlet, eser \u00fczerine kapsaml\u0131 bir \u00e7al\u0131\u015fmas\u0131 da bulunan Ferit Burak Aydar\u2019\u0131n \u00e7evirisiyle Koridor Klasikler dizisinin 100. kitab\u0131 olarak ba\u015fk\u00f6\u015fedeki yerini al\u0131yor.Shakespeare\u2019in ilk olarak 1600\/1601 y\u0131l\u0131nda sahnelenen Hamlet tragedyas\u0131 ihanet ve sadakat, intikam ve s\u00fcr\u00fcnceme, vicdan ve ac\u0131mas\u0131zl\u0131k, delilik ve ak\u0131l, iktidar ve zay\u0131fl\u0131k, ba\u015fkald\u0131r\u0131 ve itaat, mizah ve ciddiyet, sevgi ve nefret, \u00f6l\u00fcm ve ya\u015fam gibi \u00e7at\u0131\u015fmal\u0131 temalar\u0131 muammal\u0131 bir bi\u00e7imde i\u015fleyi\u015fiyle, ku\u015fkucu ve karars\u0131z modern bireyin arketipi olan ba\u015fkarakteriyle 400 y\u0131ldan fazlad\u0131r okurlar\u0131n, izleyicilerin, ele\u015ftirmenlerin, sanat\u00e7\u0131lar\u0131n, filozoflar\u0131n zihnini ve hayalg\u00fcc\u00fcn\u00fc cezbetmeye devam ediyor. Eserin en kapsaml\u0131 ve g\u00fcncel edisyonlar\u0131n\u0131 temel alan bu titiz ve mahirane \u00e7evirinin T\u00fcrk\u00e7edeki Hamlet okumalar\u0131nda ve uyarlamalar\u0131nda \u00f6nemli bir yer edinece\u011fine inan\u0131yoruz.<\/p>\n","protected":false},"excerpt":{"rendered":"<p>Edebiyat tarihinin en b\u00fcy\u00fck yazarlar\u0131ndan William Shakespeare\u2019in t\u00fcm zamanlar\u0131n en \u00e7ok yoruma konu olan edebiyat eseri Hamlet, eser \u00fczerine kapsaml\u0131 bir \u00e7al\u0131\u015fmas\u0131 da bulunan Ferit Burak<span class=\"excerpt-hellip\"> [\u2026]<\/span><\/p>\n","protected":false},"featured_media":0,"template":"","meta":{"_monsterinsights_skip_tracking":false,"_monsterinsights_sitenote_active":false,"_monsterinsights_sitenote_note":"","_monsterinsights_sitenote_category":0},"product_brand":[],"product_cat":[12291,14272],"product_tag":[],"class_list":{"0":"post-763251","1":"product","2":"type-product","3":"status-publish","5":"product_cat-edebiyat","6":"product_cat-tiyatro","7":"pa_cilt-ciltli","8":"pa_tur-kitap","9":"pa_yayinevi-koridor-yayincilik","10":"pa_yazar-william-shakespeare","12":"first","13":"instock","14":"sale","15":"shipping-taxable","16":"purchasable","17":"product-type-simple"},"_links":{"self":[{"href":"https:\/\/roveyayinevi.com.tr\/index.php\/wp-json\/wp\/v2\/product\/763251","targetHints":{"allow":["GET"]}}],"collection":[{"href":"https:\/\/roveyayinevi.com.tr\/index.php\/wp-json\/wp\/v2\/product"}],"about":[{"href":"https:\/\/roveyayinevi.com.tr\/index.php\/wp-json\/wp\/v2\/types\/product"}],"wp:attachment":[{"href":"https:\/\/roveyayinevi.com.tr\/index.php\/wp-json\/wp\/v2\/media?parent=763251"}],"wp:term":[{"taxonomy":"product_brand","embeddable":true,"href":"https:\/\/roveyayinevi.com.tr\/index.php\/wp-json\/wp\/v2\/product_brand?post=763251"},{"taxonomy":"product_cat","embeddable":true,"href":"https:\/\/roveyayinevi.com.tr\/index.php\/wp-json\/wp\/v2\/product_cat?post=763251"},{"taxonomy":"product_tag","embeddable":true,"href":"https:\/\/roveyayinevi.com.tr\/index.php\/wp-json\/wp\/v2\/product_tag?post=763251"}],"curies":[{"name":"wp","href":"https:\/\/api.w.org\/{rel}","templated":true}]}}