{"id":763247,"date":"2025-08-28T10:35:12","date_gmt":"2025-08-28T07:35:12","guid":{"rendered":"https:\/\/roveyayinevi.com.tr\/index.php\/urun\/lol-surprise-o-m-g-cikartmali-boyama-kitabi-maskot-sapka\/"},"modified":"2026-04-15T03:28:38","modified_gmt":"2026-04-15T00:28:38","slug":"lol-surprise-o-m-g-cikartmali-boyama-kitabi-maskot-sapka","status":"publish","type":"product","link":"https:\/\/roveyayinevi.com.tr\/index.php\/urun\/lol-surprise-o-m-g-cikartmali-boyama-kitabi-maskot-sapka\/","title":{"rendered":"Lol Surprise! O.M.G. \u00c7\u0131kartmal\u0131 Boyama Kitab\u0131 &#8211; Maskot \u015eapka"},"content":{"rendered":"<p>Lol Surprise! O.M.G. \u00c7\u0131kartmal\u0131 Boyama Kitab\u0131 &#8211; Maskot \u015eapka <\/p>\n","protected":false},"excerpt":{"rendered":"<p>Lol Surprise! O.M.G. \u00c7\u0131kartmal\u0131 Boyama Kitab\u0131 &#8211; Maskot \u015eapka<\/p>\n","protected":false},"featured_media":0,"template":"","meta":{"_monsterinsights_skip_tracking":false,"_monsterinsights_sitenote_active":false,"_monsterinsights_sitenote_note":"","_monsterinsights_sitenote_category":0},"product_brand":[],"product_cat":[12644,12274],"product_tag":[],"class_list":{"0":"post-763247","1":"product","2":"type-product","3":"status-publish","5":"product_cat-boyama-kitaplari","6":"product_cat-cocuk-ve-genclik-kitaplari","7":"pa_cilt-ciltsiz","8":"pa_tur-kitap","9":"pa_yayinevi-dogan-cocuk","10":"pa_yazar-kolektif","12":"first","13":"instock","14":"sale","15":"shipping-taxable","16":"purchasable","17":"product-type-simple"},"_links":{"self":[{"href":"https:\/\/roveyayinevi.com.tr\/index.php\/wp-json\/wp\/v2\/product\/763247","targetHints":{"allow":["GET"]}}],"collection":[{"href":"https:\/\/roveyayinevi.com.tr\/index.php\/wp-json\/wp\/v2\/product"}],"about":[{"href":"https:\/\/roveyayinevi.com.tr\/index.php\/wp-json\/wp\/v2\/types\/product"}],"wp:attachment":[{"href":"https:\/\/roveyayinevi.com.tr\/index.php\/wp-json\/wp\/v2\/media?parent=763247"}],"wp:term":[{"taxonomy":"product_brand","embeddable":true,"href":"https:\/\/roveyayinevi.com.tr\/index.php\/wp-json\/wp\/v2\/product_brand?post=763247"},{"taxonomy":"product_cat","embeddable":true,"href":"https:\/\/roveyayinevi.com.tr\/index.php\/wp-json\/wp\/v2\/product_cat?post=763247"},{"taxonomy":"product_tag","embeddable":true,"href":"https:\/\/roveyayinevi.com.tr\/index.php\/wp-json\/wp\/v2\/product_tag?post=763247"}],"curies":[{"name":"wp","href":"https:\/\/api.w.org\/{rel}","templated":true}]}}