{"id":763245,"date":"2025-08-28T10:35:09","date_gmt":"2025-08-28T07:35:09","guid":{"rendered":"https:\/\/roveyayinevi.com.tr\/index.php\/urun\/zen-ve-gezegeni-kurtarma-sanati\/"},"modified":"2026-04-15T03:28:38","modified_gmt":"2026-04-15T00:28:38","slug":"zen-ve-gezegeni-kurtarma-sanati","status":"publish","type":"product","link":"https:\/\/roveyayinevi.com.tr\/index.php\/urun\/zen-ve-gezegeni-kurtarma-sanati\/","title":{"rendered":"Zen ve Gezegeni Kurtarma Sanat\u0131"},"content":{"rendered":"<p>D\u00fcnyan\u0131n en tan\u0131nm\u0131\u015f Zen ustalar\u0131ndan ruhani lider, \u015fair ve aktivist Thich Nhat Hanh D\u00fcnya\u2019ya ve insanl\u0131\u011fa arma\u011fan niteli\u011findeki Zen ve Gezegeni Kurtarma Sanat\u0131\u2019nda g\u00fcn\u00fcm\u00fczde ya\u015fad\u0131\u011f\u0131m\u0131z i\u00e7 i\u00e7e ge\u00e7mi\u015f krizleri Buddhizm\u2019in evrensel \u00f6\u011fretilerini temel alan berrak ve bilgece bir yakla\u015f\u0131mla ele al\u0131yor.Do\u011fa tahribat\u0131, iklim de\u011fi\u015fikli\u011fi, artan toplumsal ve ekonomik e\u015fitsizlik, s\u00f6m\u00fcr\u00fc, adaletsizlik, teknolojinin k\u00f6t\u00fcye kullan\u0131m\u0131 ve sava\u015flar\u0131n y\u0131k\u0131c\u0131 etkileri gibi hayatlar\u0131m\u0131z\u0131 g\u00fcnbeg\u00fcn me\u015fgul eden sorunlara, ya\u015fam\u0131 boyunca adand\u0131\u011f\u0131 pratiklere dayanan varl\u0131klar-aras\u0131l\u0131k, derin ekoloji, angaje eylem, topluluk olu\u015fturma ve kolektif uyan\u0131\u015f \u00fczerine g\u00fc\u00e7l\u00fc Zen \u00f6\u011fretileriyle cevap veriyor. \u201cThay\u201d\u0131n en yak\u0131n \u00f6\u011frencilerinden True Dedication\u2019\u0131n yay\u0131na haz\u0131rlay\u0131p yorumlarla zenginle\u015ftirdi\u011fi bu kitap radikal i\u00e7g\u00f6r\u00fc, ya\u015fama sayg\u0131, derin sadelik, do\u011fru enerji, cesur diyalog, ger\u00e7ek sevgi, direni\u015f topluluklar\u0131 temalar\u0131 \u00fczerinden kendimizle ve ba\u015fkalar\u0131yla uyum ve esenlik i\u00e7inde ya\u015faman\u0131n, D\u00fcnya\u2019m\u0131za ve gelece\u011fimize tek tek ve hep beraber sahip \u00e7\u0131kman\u0131n yollar\u0131n\u0131 g\u00f6steriyor. \u201cUyan\u0131\u015fla birlikte D\u00fcnya\u2019n\u0131n \u00e7evreden ibaret olmad\u0131\u011f\u0131n\u0131, varl\u0131\u011f\u0131m\u0131z\u0131n bir oldu\u011funu g\u00f6rd\u00fc\u011f\u00fcm\u00fczde varl\u0131klar-aras\u0131l\u0131\u011f\u0131n do\u011fas\u0131na dokunuruz. \u0130\u015fte o an D\u00fcnya ile ger\u00e7ek bir ileti\u015fim kurabiliriz. Hep birlikte uyanmam\u0131z gerekiyor. Birlikte uyan\u0131rsak bir \u015fans\u0131m\u0131z olabilir. Hayat\u0131 ya\u015fama ve gelece\u011fimizi planlama bi\u00e7imimiz bizi bu hale getirdi. \u015eimdi, sadece bireyler olarak de\u011fil kolektif olarak da bir \u00e7\u0131k\u0131\u015f yolu bulmak i\u00e7in derinlemesine bakmam\u0131z gerekiyor.\u201d<\/p>\n","protected":false},"excerpt":{"rendered":"<p>D\u00fcnyan\u0131n en tan\u0131nm\u0131\u015f Zen ustalar\u0131ndan ruhani lider, \u015fair ve aktivist Thich Nhat Hanh D\u00fcnya\u2019ya ve insanl\u0131\u011fa arma\u011fan niteli\u011findeki Zen ve Gezegeni Kurtarma Sanat\u0131\u2019nda g\u00fcn\u00fcm\u00fczde ya\u015fad\u0131\u011f\u0131m\u0131z i\u00e7<span class=\"excerpt-hellip\"> [\u2026]<\/span><\/p>\n","protected":false},"featured_media":0,"template":"","meta":{"_monsterinsights_skip_tracking":false,"_monsterinsights_sitenote_active":false,"_monsterinsights_sitenote_note":"","_monsterinsights_sitenote_category":0},"product_brand":[],"product_cat":[12364,12376],"product_tag":[],"class_list":{"0":"post-763245","1":"product","2":"type-product","3":"status-publish","5":"product_cat-genel-konular","6":"product_cat-kisisel-gelisim","7":"pa_cilt-ciltsiz","8":"pa_tur-kitap","9":"pa_yayinevi-koridor-yayincilik","10":"pa_yazar-thich-nhat-hanh","12":"first","13":"instock","14":"sale","15":"shipping-taxable","16":"purchasable","17":"product-type-simple"},"_links":{"self":[{"href":"https:\/\/roveyayinevi.com.tr\/index.php\/wp-json\/wp\/v2\/product\/763245","targetHints":{"allow":["GET"]}}],"collection":[{"href":"https:\/\/roveyayinevi.com.tr\/index.php\/wp-json\/wp\/v2\/product"}],"about":[{"href":"https:\/\/roveyayinevi.com.tr\/index.php\/wp-json\/wp\/v2\/types\/product"}],"wp:attachment":[{"href":"https:\/\/roveyayinevi.com.tr\/index.php\/wp-json\/wp\/v2\/media?parent=763245"}],"wp:term":[{"taxonomy":"product_brand","embeddable":true,"href":"https:\/\/roveyayinevi.com.tr\/index.php\/wp-json\/wp\/v2\/product_brand?post=763245"},{"taxonomy":"product_cat","embeddable":true,"href":"https:\/\/roveyayinevi.com.tr\/index.php\/wp-json\/wp\/v2\/product_cat?post=763245"},{"taxonomy":"product_tag","embeddable":true,"href":"https:\/\/roveyayinevi.com.tr\/index.php\/wp-json\/wp\/v2\/product_tag?post=763245"}],"curies":[{"name":"wp","href":"https:\/\/api.w.org\/{rel}","templated":true}]}}