{"id":763241,"date":"2025-08-28T10:35:02","date_gmt":"2025-08-28T07:35:02","guid":{"rendered":"https:\/\/roveyayinevi.com.tr\/index.php\/urun\/dedemden-kalan\/"},"modified":"2026-04-15T03:28:38","modified_gmt":"2026-04-15T00:28:38","slug":"dedemden-kalan","status":"publish","type":"product","link":"https:\/\/roveyayinevi.com.tr\/index.php\/urun\/dedemden-kalan\/","title":{"rendered":"Dedemden Kalan"},"content":{"rendered":"<p>Poyraz, kendine takt\u0131\u011f\u0131 ad\u0131yla Po, kendi d\u00fc\u015f\u00fcnceleri i\u00e7inde \u00e7\u0131rp\u0131nan, hayat\u0131n olumsuzluklar\u0131nda kula\u00e7 atan bir \u00e7ocuktu. Ona g\u00f6re pek az \u015feyin \u00f6nemi vard\u0131 ve sadece g\u00f6ze batmadan her g\u00fcn\u00fc atlatmaya \u00e7al\u0131\u015f\u0131yordu. Okulda yak\u0131n arkada\u015f\u0131 yoktu, ailesi de anne-babas\u0131, uzaktaki halas\u0131 ve g\u00f6r\u00fc\u015fmedikleri dedesinden olu\u015fuyordu. Ancak bir g\u00fcn kap\u0131lar\u0131n\u0131 \u00e7alan avukat, dedesinin vefat etti\u011fi haberiyle birlikte Poyraz i\u00e7in bir zarf getirdi. Bu zarf Poyraz\u2019\u0131n hayat\u0131na eski bir ev, notalar, piyano, bir kedi, bir dost ile birlikte hi\u00e7 tahmin bile edemeyece\u011fi bir de\u011fi\u015fim r\u00fczg\u00e2r\u0131n\u0131 getirecekti.M\u00fczik terimleriyle \u00f6r\u00fclm\u00fc\u015f bu kitap sevgi, sab\u0131r ve umut \u00fczerine yaz\u0131lm\u0131\u015f bir beste gibi\u2026<\/p>\n","protected":false},"excerpt":{"rendered":"<p>Poyraz, kendine takt\u0131\u011f\u0131 ad\u0131yla Po, kendi d\u00fc\u015f\u00fcnceleri i\u00e7inde \u00e7\u0131rp\u0131nan, hayat\u0131n olumsuzluklar\u0131nda kula\u00e7 atan bir \u00e7ocuktu. Ona g\u00f6re pek az \u015feyin \u00f6nemi vard\u0131 ve sadece g\u00f6ze batmadan<span class=\"excerpt-hellip\"> [\u2026]<\/span><\/p>\n","protected":false},"featured_media":0,"template":"","meta":{"_monsterinsights_skip_tracking":false,"_monsterinsights_sitenote_active":false,"_monsterinsights_sitenote_note":"","_monsterinsights_sitenote_category":0},"product_brand":[],"product_cat":[12274,12284],"product_tag":[],"class_list":{"0":"post-763241","1":"product","2":"type-product","3":"status-publish","5":"product_cat-cocuk-ve-genclik-kitaplari","6":"product_cat-hikayeler","7":"pa_cilt-ciltsiz","8":"pa_tur-kitap","9":"pa_yayinevi-ithaki-yayinlari","10":"pa_yazar-asli-yertutan","12":"first","13":"instock","14":"sale","15":"shipping-taxable","16":"purchasable","17":"product-type-simple"},"_links":{"self":[{"href":"https:\/\/roveyayinevi.com.tr\/index.php\/wp-json\/wp\/v2\/product\/763241","targetHints":{"allow":["GET"]}}],"collection":[{"href":"https:\/\/roveyayinevi.com.tr\/index.php\/wp-json\/wp\/v2\/product"}],"about":[{"href":"https:\/\/roveyayinevi.com.tr\/index.php\/wp-json\/wp\/v2\/types\/product"}],"wp:attachment":[{"href":"https:\/\/roveyayinevi.com.tr\/index.php\/wp-json\/wp\/v2\/media?parent=763241"}],"wp:term":[{"taxonomy":"product_brand","embeddable":true,"href":"https:\/\/roveyayinevi.com.tr\/index.php\/wp-json\/wp\/v2\/product_brand?post=763241"},{"taxonomy":"product_cat","embeddable":true,"href":"https:\/\/roveyayinevi.com.tr\/index.php\/wp-json\/wp\/v2\/product_cat?post=763241"},{"taxonomy":"product_tag","embeddable":true,"href":"https:\/\/roveyayinevi.com.tr\/index.php\/wp-json\/wp\/v2\/product_tag?post=763241"}],"curies":[{"name":"wp","href":"https:\/\/api.w.org\/{rel}","templated":true}]}}