{"id":763240,"date":"2025-08-28T10:34:59","date_gmt":"2025-08-28T07:34:59","guid":{"rendered":"https:\/\/roveyayinevi.com.tr\/index.php\/urun\/halikarnasta-bir-gece\/"},"modified":"2026-04-15T03:28:38","modified_gmt":"2026-04-15T00:28:38","slug":"halikarnasta-bir-gece","status":"publish","type":"product","link":"https:\/\/roveyayinevi.com.tr\/index.php\/urun\/halikarnasta-bir-gece\/","title":{"rendered":"Halikarnas\u2019ta Bir Gece"},"content":{"rendered":"<p>&#8221;Her \u015fey o gece ba\u015flad\u0131. Bardan i\u00e7eri girdim, i\u00e7kiyi fazla ka\u00e7\u0131rd\u0131m, sahneye \u00e7\u0131k\u0131p \u015fark\u0131lar s\u00f6yledim ve iner inmez hi\u00e7 tan\u0131mad\u0131\u011f\u0131m bir adam\u0131 dudaklar\u0131ndan \u00f6pt\u00fcm.&#8221;   Ge\u00e7mi\u015fini geride b\u0131rak\u0131p, ismini bile de\u011fi\u015ftirdikten sonra otostopla Bodrum\u2019a gelen L\u00e2l, kendini karizmatik \u0130talyan mafya lideri Don Valentino Riccardo\u2019nun karanl\u0131k d\u00fcnyas\u0131n\u0131n tam ortas\u0131nda bulur. Valentino i\u00e7in, y\u0131llarca her yerde arad\u0131\u011f\u0131, r\u00fcyalar\u0131ndaki kad\u0131n Andrea\u2019n\u0131n beden bulmu\u015f h\u00e2li olan L\u00e2l, \u00e7\u00f6z\u00fclmeyi bekleyen bir s\u0131rd\u0131r.   Halikarnas\u2019ta Bir Gece, bir barda s\u0131rad\u0131\u015f\u0131 bi\u00e7imde yollar\u0131 kesi\u015fen gizemli bir kad\u0131n ve tehlikeli bir erke\u011fin tutku dolu a\u015fk hik\u00e2yesi\u2026 Peki L\u00e2l ve Valentino, aralar\u0131ndaki kar\u015f\u0131 konulmaz \u00e7ekim ak\u0131llar\u0131n\u0131 ba\u015ftan al\u0131rken, ge\u00e7mi\u015fin karanl\u0131k s\u0131rlar\u0131na a\u015fklar\u0131yla meydan okumay\u0131 ba\u015farabilecekler mi? <\/p>\n","protected":false},"excerpt":{"rendered":"<p>&#8221;Her \u015fey o gece ba\u015flad\u0131. Bardan i\u00e7eri girdim, i\u00e7kiyi fazla ka\u00e7\u0131rd\u0131m, sahneye \u00e7\u0131k\u0131p \u015fark\u0131lar s\u00f6yledim ve iner inmez hi\u00e7 tan\u0131mad\u0131\u011f\u0131m bir adam\u0131 dudaklar\u0131ndan \u00f6pt\u00fcm.&#8221; Ge\u00e7mi\u015fini geride<span class=\"excerpt-hellip\"> [\u2026]<\/span><\/p>\n","protected":false},"featured_media":0,"template":"","meta":{"_monsterinsights_skip_tracking":false,"_monsterinsights_sitenote_active":false,"_monsterinsights_sitenote_note":"","_monsterinsights_sitenote_category":0},"product_brand":[],"product_cat":[12291,12711],"product_tag":[],"class_list":{"0":"post-763240","1":"product","2":"type-product","3":"status-publish","5":"product_cat-edebiyat","6":"product_cat-roman-oyku","7":"pa_cilt-ciltsiz","8":"pa_tur-kitap","9":"pa_yayinevi-muptela-yayinevi","10":"pa_yazar-gulay-sena-dundar","12":"first","13":"instock","14":"sale","15":"shipping-taxable","16":"purchasable","17":"product-type-simple"},"_links":{"self":[{"href":"https:\/\/roveyayinevi.com.tr\/index.php\/wp-json\/wp\/v2\/product\/763240","targetHints":{"allow":["GET"]}}],"collection":[{"href":"https:\/\/roveyayinevi.com.tr\/index.php\/wp-json\/wp\/v2\/product"}],"about":[{"href":"https:\/\/roveyayinevi.com.tr\/index.php\/wp-json\/wp\/v2\/types\/product"}],"wp:attachment":[{"href":"https:\/\/roveyayinevi.com.tr\/index.php\/wp-json\/wp\/v2\/media?parent=763240"}],"wp:term":[{"taxonomy":"product_brand","embeddable":true,"href":"https:\/\/roveyayinevi.com.tr\/index.php\/wp-json\/wp\/v2\/product_brand?post=763240"},{"taxonomy":"product_cat","embeddable":true,"href":"https:\/\/roveyayinevi.com.tr\/index.php\/wp-json\/wp\/v2\/product_cat?post=763240"},{"taxonomy":"product_tag","embeddable":true,"href":"https:\/\/roveyayinevi.com.tr\/index.php\/wp-json\/wp\/v2\/product_tag?post=763240"}],"curies":[{"name":"wp","href":"https:\/\/api.w.org\/{rel}","templated":true}]}}