{"id":763238,"date":"2025-08-28T10:34:54","date_gmt":"2025-08-28T07:34:54","guid":{"rendered":"https:\/\/roveyayinevi.com.tr\/index.php\/urun\/karanlikta-yuzmek\/"},"modified":"2026-04-15T03:28:38","modified_gmt":"2026-04-15T00:28:38","slug":"karanlikta-yuzmek","status":"publish","type":"product","link":"https:\/\/roveyayinevi.com.tr\/index.php\/urun\/karanlikta-yuzmek\/","title":{"rendered":"Karanl\u0131kta Y\u00fczmek"},"content":{"rendered":"<p>Polonya\u2019dan Almanya\u2019ya g\u00f6\u00e7mu\u0308\u015f bir aileden gelen Tomasz Jedrowski, Cambridge mezunu ve 2021\u2019de Polari \u0130lk Roman \u00d6du\u0308lu\u0308 aday\u0131 olan Karanl\u0131kta Yu\u0308zmek ile sakl\u0131 ili\u015fkilerin i\u00e7yu\u0308zlerini tu\u0308m insani ve dramatik y\u00f6nleriyle ortaya koyarak James Baldwin, Alan Hollinghurst ve Andr\u00e9 Aciman gibi ustalara h\u0131zla yakla\u015f\u0131yor.   1980\u2019lerde rejimin sars\u0131ld\u0131\u011f\u0131 d\u00f6nemde Polonya\u2019da, bir yaz gen\u00e7lik kamp\u0131nda tan\u0131\u015fan biri muhafazak\u00e2r biri de sosyalist iki delikanl\u0131, ortak tutkular\u0131 olan yu\u0308zmek ve James Baldwin\u2019in Giovanni\u2019nin Odas\u0131 roman\u0131 u\u0308zerinden kendilerini, gu\u0308zelliklerle ve do\u011fayla \u00e7evrili bir ili\u015fkiye kapt\u0131r\u0131rlar. Her biri apayr\u0131 \u00e7evrelerdeki gu\u0308ndelik ya\u015famlar\u0131na d\u00f6necekleri Var\u015fova\u2019daysa, u\u0308lke idaresi artan ekonomik gu\u0308\u00e7lu\u0308kler ve yu\u0308kselen protesto hareketleriyle \u00e7\u00f6zu\u0308lu\u0308rken, biri partinin siyasi kademelerinde \u00f6tekisi kendisini adad\u0131\u011f\u0131 toplumsal kavgada z\u0131t kutuplara su\u0308ru\u0308klendik\u00e7e, aralar\u0131ndaki tutkulu dostluk \u00e7etin s\u0131navlardan ge\u00e7ecektir.   Komu\u0308nist Beni Ad\u0131nla \u00c7a\u011f\u0131r olarak da yorumlanan Karanl\u0131kta Yu\u0308zmek, ilkgen\u00e7lik tutkular\u0131ndan politik h\u0131rslara, tarihin kavgalar\u0131ndan insanlar\u0131n entrikalar\u0131na Jedrowski\u2019nin \u015fiirsel, yo\u011fun ve \u00f6zgu\u0308n yakla\u015f\u0131m\u0131yla \u00f6zgu\u0308rlu\u0308k ve a\u015fk hakk\u0131nda du\u0308\u015fu\u0308ndu\u0308ru\u0308cu\u0308 bir ilk yap\u0131t.   \u201cHarikulade, kusursuz, dokunakl\u0131 yaz\u0131m; okur, alt\u0131nda kalmaktan mutluluk duyuyor.\u201d \u2014SEBASTIAN BARRY   \u201cEtkileyici ve al\u0131\u015f\u0131ld\u0131k olmayan bir romans, siyasi dip ak\u0131nt\u0131s\u0131yla&#8230; Jedrowski incelikle yaz\u0131yor ve \u00e2\u015f\u0131klar\u0131n ilk kar\u015f\u0131la\u015fmalar\u0131ndaki duygusal du\u0308ru\u0308stlu\u0308\u011fu\u0308nden sonra [Polonya\u2019daki Birle\u015fik \u0130\u015f\u00e7iler Partisi\u2019nin] kasvetli bast\u0131rma mekanizmas\u0131n\u0131 hat\u0131rlat\u0131yor.\u201d \u2014GUARDIAN <\/p>\n","protected":false},"excerpt":{"rendered":"<p>Polonya\u2019dan Almanya\u2019ya g\u00f6\u00e7mu\u0308\u015f bir aileden gelen Tomasz Jedrowski, Cambridge mezunu ve 2021\u2019de Polari \u0130lk Roman \u00d6du\u0308lu\u0308 aday\u0131 olan Karanl\u0131kta Yu\u0308zmek ile sakl\u0131 ili\u015fkilerin i\u00e7yu\u0308zlerini tu\u0308m insani<span class=\"excerpt-hellip\"> [\u2026]<\/span><\/p>\n","protected":false},"featured_media":0,"template":"","meta":{"_monsterinsights_skip_tracking":false,"_monsterinsights_sitenote_active":false,"_monsterinsights_sitenote_note":"","_monsterinsights_sitenote_category":0},"product_brand":[],"product_cat":[12291,12711],"product_tag":[],"class_list":{"0":"post-763238","1":"product","2":"type-product","3":"status-publish","5":"product_cat-edebiyat","6":"product_cat-roman-oyku","7":"pa_cilt-ciltsiz","8":"pa_tur-kitap","9":"pa_yayinevi-ithaki-yayinlari","10":"pa_yazar-tomasz-jedrowski","12":"first","13":"instock","14":"sale","15":"shipping-taxable","16":"purchasable","17":"product-type-simple"},"_links":{"self":[{"href":"https:\/\/roveyayinevi.com.tr\/index.php\/wp-json\/wp\/v2\/product\/763238","targetHints":{"allow":["GET"]}}],"collection":[{"href":"https:\/\/roveyayinevi.com.tr\/index.php\/wp-json\/wp\/v2\/product"}],"about":[{"href":"https:\/\/roveyayinevi.com.tr\/index.php\/wp-json\/wp\/v2\/types\/product"}],"wp:attachment":[{"href":"https:\/\/roveyayinevi.com.tr\/index.php\/wp-json\/wp\/v2\/media?parent=763238"}],"wp:term":[{"taxonomy":"product_brand","embeddable":true,"href":"https:\/\/roveyayinevi.com.tr\/index.php\/wp-json\/wp\/v2\/product_brand?post=763238"},{"taxonomy":"product_cat","embeddable":true,"href":"https:\/\/roveyayinevi.com.tr\/index.php\/wp-json\/wp\/v2\/product_cat?post=763238"},{"taxonomy":"product_tag","embeddable":true,"href":"https:\/\/roveyayinevi.com.tr\/index.php\/wp-json\/wp\/v2\/product_tag?post=763238"}],"curies":[{"name":"wp","href":"https:\/\/api.w.org\/{rel}","templated":true}]}}