{"id":763237,"date":"2025-08-28T10:34:52","date_gmt":"2025-08-28T07:34:52","guid":{"rendered":"https:\/\/roveyayinevi.com.tr\/index.php\/urun\/kus-kral\/"},"modified":"2026-04-15T03:28:38","modified_gmt":"2026-04-15T00:28:38","slug":"kus-kral","status":"publish","type":"product","link":"https:\/\/roveyayinevi.com.tr\/index.php\/urun\/kus-kral\/","title":{"rendered":"Ku\u015f Kral"},"content":{"rendered":"<p>15. yu\u0308zy\u0131l\u0131n sonlar\u0131na gelinirken, Endu\u0308lu\u0308s \u0130mparatorlu\u011fu da art\u0131k ka\u00e7\u0131n\u0131lmaz sonunu beklemeye koyulmu\u015ftur. Sultan Ebu Abdullah\u2019\u0131n cariyelerinden olan Fatma, ba\u015f\u0131na buyruk bir gen\u00e7 k\u0131zd\u0131r ve g\u00fcnleri Elhamra Saray\u0131\u2019n\u0131n bah\u00e7elerinde gezintiler yaparak ge\u00e7mektedir. Saray haritac\u0131s\u0131 ve Fatma\u2019n\u0131n yak\u0131n arkada\u015f\u0131 Hasan ise, kimselerin bilmedi\u011fi \u00f6zel g\u00fc\u00e7lere sahip olan ve odas\u0131ndan pek \u00e7\u0131kmayan bir gen\u00e7tir. Fatma g\u00fcnd\u00fcz d\u00fc\u015fleriyle, Hasan da haritalar\u0131yla kendini oyalarken; Kastilya heyeti k\u0131l\u0131\u011f\u0131nda saraya gelen \u0130spanyol Engizisyonu, gu\u0308\u00e7lerini ke\u015ffetti\u011fi Hasan\u2019\u0131n pe\u015fine du\u0308\u015fecektir.   Fatma\u2019yla Hasan engizisyondan ka\u00e7arken efsanevi Ku\u015f Kral\u2019\u0131n diyar\u0131n\u0131 bulmak i\u00e7in da\u011flar\u0131 ve denizleri a\u015facak; yolculuklar\u0131 s\u0131ras\u0131nda dostluk, cesaret ve inan\u00e7lar\u0131 s\u0131nava tabi tutulacakt\u0131r. G. Willow Wilson\u2019\u0131n Feridu\u0308ddin Attar\u2019\u0131n yazd\u0131\u011f\u0131 Mant\u0131ku\u2019t Tayr\u2019dan esinlenmelerle yazd\u0131\u011f\u0131 Ku\u015f Kral, Do\u011fu mitolojisini Bat\u0131 fantazyas\u0131yla bulu\u015fturan e\u015fsiz bir kitap.   \u201cKu\u015f Kral kelimenin tam anlam\u0131yla muhte\u015fem bir roman; heyecan verici, dokunakl\u0131, komik ve yu\u0308rek par\u00e7alay\u0131c\u0131 bir \u015fekilde muhte\u015fem. Bay\u0131ld\u0131m.\u201d \u2013Lev Grossman <\/p>\n","protected":false},"excerpt":{"rendered":"<p>15. yu\u0308zy\u0131l\u0131n sonlar\u0131na gelinirken, Endu\u0308lu\u0308s \u0130mparatorlu\u011fu da art\u0131k ka\u00e7\u0131n\u0131lmaz sonunu beklemeye koyulmu\u015ftur. Sultan Ebu Abdullah\u2019\u0131n cariyelerinden olan Fatma, ba\u015f\u0131na buyruk bir gen\u00e7 k\u0131zd\u0131r ve g\u00fcnleri Elhamra<span class=\"excerpt-hellip\"> [\u2026]<\/span><\/p>\n","protected":false},"featured_media":0,"template":"","meta":{"_monsterinsights_skip_tracking":false,"_monsterinsights_sitenote_active":false,"_monsterinsights_sitenote_note":"","_monsterinsights_sitenote_category":0},"product_brand":[],"product_cat":[12291,14777],"product_tag":[],"class_list":{"0":"post-763237","1":"product","2":"type-product","3":"status-publish","5":"product_cat-edebiyat","6":"product_cat-fantastik","7":"pa_cilt-ciltsiz","8":"pa_tur-kitap","9":"pa_yayinevi-ithaki-yayinlari","10":"pa_yazar-g-willow-wilson","12":"first","13":"instock","14":"sale","15":"shipping-taxable","16":"purchasable","17":"product-type-simple"},"_links":{"self":[{"href":"https:\/\/roveyayinevi.com.tr\/index.php\/wp-json\/wp\/v2\/product\/763237","targetHints":{"allow":["GET"]}}],"collection":[{"href":"https:\/\/roveyayinevi.com.tr\/index.php\/wp-json\/wp\/v2\/product"}],"about":[{"href":"https:\/\/roveyayinevi.com.tr\/index.php\/wp-json\/wp\/v2\/types\/product"}],"wp:attachment":[{"href":"https:\/\/roveyayinevi.com.tr\/index.php\/wp-json\/wp\/v2\/media?parent=763237"}],"wp:term":[{"taxonomy":"product_brand","embeddable":true,"href":"https:\/\/roveyayinevi.com.tr\/index.php\/wp-json\/wp\/v2\/product_brand?post=763237"},{"taxonomy":"product_cat","embeddable":true,"href":"https:\/\/roveyayinevi.com.tr\/index.php\/wp-json\/wp\/v2\/product_cat?post=763237"},{"taxonomy":"product_tag","embeddable":true,"href":"https:\/\/roveyayinevi.com.tr\/index.php\/wp-json\/wp\/v2\/product_tag?post=763237"}],"curies":[{"name":"wp","href":"https:\/\/api.w.org\/{rel}","templated":true}]}}