{"id":763235,"date":"2025-08-28T10:34:47","date_gmt":"2025-08-28T07:34:47","guid":{"rendered":"https:\/\/roveyayinevi.com.tr\/index.php\/urun\/fante-bukowski\/"},"modified":"2026-04-15T03:28:38","modified_gmt":"2026-04-15T00:28:38","slug":"fante-bukowski","status":"publish","type":"product","link":"https:\/\/roveyayinevi.com.tr\/index.php\/urun\/fante-bukowski\/","title":{"rendered":"Fante Bukowski"},"content":{"rendered":"<p>Fante Bukowski, Denver, Colorado\u2019nun batakhane barlar\u0131ndan Columbus, Ohio\u2019nun k\u00f6hne motellerine kadar, Amerikan yaz\u0131n\u0131 i\u00e7in ne kadar tan\u0131mlanabilir ve vazge\u00e7ilmez olsa da g\u00fcn\u00fcm\u00fcz \u00e2detleriyle o kadar \u00e7eli\u015fen bir edebi gelene\u011fi ya\u015fad\u0131: sanat ad\u0131na toksik erkeklik, beyaz ayr\u0131cal\u0131\u011f\u0131, baba sorunlar\u0131, alkolizm ve narsisizm gelene\u011fi. Bu d\u00f6n\u00fcm noktas\u0131 niteli\u011findeki kitap, Bukowski\u2019nin miras\u0131n\u0131 koruyan \u00fc\u00e7 eserini -Fante Bukowski, Fante Bukowski \u0130ki ve Fante Bukowski \u00dc\u00e7: M\u00fckemmel Bir Hata &#8211; bir araya getiriyor. Bir \u00f6nceki biyografi \u00e7al\u0131\u015fmas\u0131 2012 tarihli The Hypo: The Melancholic Young Lincoln ile Amerikan edebiyat\u0131nda b\u00fcy\u00fck bir yer edinen bir ba\u015fka gen\u00e7 hayalperestin hik\u00e2yesini anlatan karikat\u00fcrist Noah Van Sciver\u2019\u0131n kaleme ald\u0131\u011f\u0131 Fante Bukowski\u2019nin B\u00fct\u00fcn Eserleri ayn\u0131 zamanda Bukowski\u2019nin, ilk bas\u0131m\u0131 bir motel yang\u0131n\u0131nda yok olduktan sonra bu koleksiyon i\u00e7in \u00f6zenle restore edilen 6 \u015eiir adl\u0131 kendi yay\u0131mlad\u0131\u011f\u0131 ilk kitap\u00e7\u0131\u011f\u0131n\u0131 da yeniden dola\u015f\u0131ma sokuyor. Romanc\u0131 Ryan Boudinot (Blueprints of the Afterlife), Bukowski\u2019nin eserlerinden etkilenmi\u015f bir\u00e7ok \u00f6nemli sanat\u00e7\u0131n\u0131n Bukowski\u2019ye \u201cg\u00f6rsel \u00f6vg\u00fc\u201d yaz\u0131lar\u0131ndan olu\u015fan bir se\u00e7kiyi de i\u00e7eren bu cilde, yeni bir giri\u015f yaz\u0131s\u0131 da kaleme al\u0131yor. <\/p>\n","protected":false},"excerpt":{"rendered":"<p>Fante Bukowski, Denver, Colorado\u2019nun batakhane barlar\u0131ndan Columbus, Ohio\u2019nun k\u00f6hne motellerine kadar, Amerikan yaz\u0131n\u0131 i\u00e7in ne kadar tan\u0131mlanabilir ve vazge\u00e7ilmez olsa da g\u00fcn\u00fcm\u00fcz \u00e2detleriyle o kadar \u00e7eli\u015fen<span class=\"excerpt-hellip\"> [\u2026]<\/span><\/p>\n","protected":false},"featured_media":0,"template":"","meta":{"_monsterinsights_skip_tracking":false,"_monsterinsights_sitenote_active":false,"_monsterinsights_sitenote_note":"","_monsterinsights_sitenote_category":0},"product_brand":[],"product_cat":[12416,12291],"product_tag":[],"class_list":{"0":"post-763235","1":"product","2":"type-product","3":"status-publish","5":"product_cat-cizgi-roman","6":"product_cat-edebiyat","7":"pa_cilt-ciltsiz","8":"pa_tur-kitap","9":"pa_yayinevi-kara-karga-yayinlari","10":"pa_yazar-noah-van-sciver","12":"first","13":"instock","14":"sale","15":"shipping-taxable","16":"purchasable","17":"product-type-simple"},"_links":{"self":[{"href":"https:\/\/roveyayinevi.com.tr\/index.php\/wp-json\/wp\/v2\/product\/763235","targetHints":{"allow":["GET"]}}],"collection":[{"href":"https:\/\/roveyayinevi.com.tr\/index.php\/wp-json\/wp\/v2\/product"}],"about":[{"href":"https:\/\/roveyayinevi.com.tr\/index.php\/wp-json\/wp\/v2\/types\/product"}],"wp:attachment":[{"href":"https:\/\/roveyayinevi.com.tr\/index.php\/wp-json\/wp\/v2\/media?parent=763235"}],"wp:term":[{"taxonomy":"product_brand","embeddable":true,"href":"https:\/\/roveyayinevi.com.tr\/index.php\/wp-json\/wp\/v2\/product_brand?post=763235"},{"taxonomy":"product_cat","embeddable":true,"href":"https:\/\/roveyayinevi.com.tr\/index.php\/wp-json\/wp\/v2\/product_cat?post=763235"},{"taxonomy":"product_tag","embeddable":true,"href":"https:\/\/roveyayinevi.com.tr\/index.php\/wp-json\/wp\/v2\/product_tag?post=763235"}],"curies":[{"name":"wp","href":"https:\/\/api.w.org\/{rel}","templated":true}]}}