{"id":763234,"date":"2025-08-28T10:34:46","date_gmt":"2025-08-28T07:34:46","guid":{"rendered":"https:\/\/roveyayinevi.com.tr\/index.php\/urun\/anlamli-bir-hayat\/"},"modified":"2026-04-15T03:28:38","modified_gmt":"2026-04-15T00:28:38","slug":"anlamli-bir-hayat","status":"publish","type":"product","link":"https:\/\/roveyayinevi.com.tr\/index.php\/urun\/anlamli-bir-hayat\/","title":{"rendered":"Anlaml\u0131 Bir Hayat"},"content":{"rendered":"<p>D\u00fcnya, dikkatinizi da\u011f\u0131t\u0131yor. Fark\u0131nda m\u0131s\u0131n\u0131z?   H\u0131zla ak\u0131p giden hayatlar\u0131m\u0131z, derin d\u00fc\u015f\u00fcncelere dalmam\u0131za pek izin vermiyor. Daha fazlas\u0131na ula\u015fma \u00e7abam\u0131zda, \u00e7o\u011fumuz \u00e7ok daha az\u0131yla yetiniyoruz. Huzur bizden ka\u00e7\u0131yor, hayal k\u0131r\u0131kl\u0131\u011f\u0131 bizi buluyor ve tatminsizlik ruhlar\u0131m\u0131z\u0131 sar\u0131yor.   2013 y\u0131l\u0131nda yazar Jon Giganti\u2019nin hayat\u0131 neredeyse alt\u00fcst oluyordu. \u0130\u015fi tehlikedeydi, evlili\u011fi ise daha da k\u00f6t\u00fc durumdayd\u0131. Aynaya bakt\u0131\u011f\u0131nda kar\u015f\u0131s\u0131nda g\u00f6rd\u00fc\u011f\u00fc ki\u015fiden ho\u015flanm\u0131yordu. \u0130ki \u00e7ocuk babas\u0131 olarak, bir \u015feylerin de\u011fi\u015fmesi gerekti\u011fini biliyordu.   \u015eans eseri, ikinci bir f\u0131rsat elde etti.   Daha \u00e7ok \u00e7al\u0131\u015fmak \u00e7\u00f6z\u00fcm de\u011fildi. Daha fazla odaklanmak bu kez i\u015fe yaramayacakt\u0131. Jon, k\u00f6kl\u00fc bir de\u011fi\u015fikli\u011fe ihtiya\u00e7 duyuyordu. Dikkatini vermeye ba\u015flad\u0131 ve bunu yapt\u0131\u011f\u0131nda, \u00e7\u00f6z\u00fcm yava\u015f ama kararl\u0131 bir \u015fekilde ortaya \u00e7\u0131kt\u0131.   Jon, her \u015feyi de\u011fi\u015ftiren bir s\u00fcre\u00e7 ke\u015ffettai\u2014ama \u00f6nce kendisini. \u00c7\u00fcnk\u00fc ger\u00e7ek d\u00f6n\u00fc\u015f\u00fcm daima kendimizle ba\u015flar.   Bu kitap, Jon Giganti\u2019nin i\u00e7sel yolculu\u011funu ve hayat\u0131nda nas\u0131l bir devrim yaratt\u0131\u011f\u0131n\u0131 anlat\u0131yor. Kendinizi yeniden ke\u015ffetmek ve ger\u00e7ek d\u00f6n\u00fc\u015f\u00fcm\u00fc ya\u015famak i\u00e7in bu ilham verici hik\u00e2yeyi ka\u00e7\u0131rmay\u0131n. <\/p>\n","protected":false},"excerpt":{"rendered":"<p>D\u00fcnya, dikkatinizi da\u011f\u0131t\u0131yor. Fark\u0131nda m\u0131s\u0131n\u0131z? H\u0131zla ak\u0131p giden hayatlar\u0131m\u0131z, derin d\u00fc\u015f\u00fcncelere dalmam\u0131za pek izin vermiyor. Daha fazlas\u0131na ula\u015fma \u00e7abam\u0131zda, \u00e7o\u011fumuz \u00e7ok daha az\u0131yla yetiniyoruz. Huzur bizden<span class=\"excerpt-hellip\"> [\u2026]<\/span><\/p>\n","protected":false},"featured_media":0,"template":"","meta":{"_monsterinsights_skip_tracking":false,"_monsterinsights_sitenote_active":false,"_monsterinsights_sitenote_note":"","_monsterinsights_sitenote_category":0},"product_brand":[],"product_cat":[12364,12376],"product_tag":[],"class_list":{"0":"post-763234","1":"product","2":"type-product","3":"status-publish","5":"product_cat-genel-konular","6":"product_cat-kisisel-gelisim","7":"pa_cilt-ciltsiz","8":"pa_tur-kitap","9":"pa_yayinevi-destek-yayinlari","10":"pa_yazar-jon-giganti","12":"first","13":"instock","14":"sale","15":"shipping-taxable","16":"purchasable","17":"product-type-simple"},"_links":{"self":[{"href":"https:\/\/roveyayinevi.com.tr\/index.php\/wp-json\/wp\/v2\/product\/763234","targetHints":{"allow":["GET"]}}],"collection":[{"href":"https:\/\/roveyayinevi.com.tr\/index.php\/wp-json\/wp\/v2\/product"}],"about":[{"href":"https:\/\/roveyayinevi.com.tr\/index.php\/wp-json\/wp\/v2\/types\/product"}],"wp:attachment":[{"href":"https:\/\/roveyayinevi.com.tr\/index.php\/wp-json\/wp\/v2\/media?parent=763234"}],"wp:term":[{"taxonomy":"product_brand","embeddable":true,"href":"https:\/\/roveyayinevi.com.tr\/index.php\/wp-json\/wp\/v2\/product_brand?post=763234"},{"taxonomy":"product_cat","embeddable":true,"href":"https:\/\/roveyayinevi.com.tr\/index.php\/wp-json\/wp\/v2\/product_cat?post=763234"},{"taxonomy":"product_tag","embeddable":true,"href":"https:\/\/roveyayinevi.com.tr\/index.php\/wp-json\/wp\/v2\/product_tag?post=763234"}],"curies":[{"name":"wp","href":"https:\/\/api.w.org\/{rel}","templated":true}]}}