{"id":763233,"date":"2025-08-28T10:34:44","date_gmt":"2025-08-28T07:34:44","guid":{"rendered":"https:\/\/roveyayinevi.com.tr\/index.php\/urun\/ayakkabici-dede-ve-torunlari\/"},"modified":"2026-04-15T03:28:38","modified_gmt":"2026-04-15T00:28:38","slug":"ayakkabici-dede-ve-torunlari","status":"publish","type":"product","link":"https:\/\/roveyayinevi.com.tr\/index.php\/urun\/ayakkabici-dede-ve-torunlari\/","title":{"rendered":"Ayakkab\u0131c\u0131 Dede ve Torunlar\u0131"},"content":{"rendered":"<p>Edirne\u2019de ya\u015fayan Maral ve Se\u00e7kin ad\u0131nda iki sevimli karde\u015f vard\u0131. S\u0131cac\u0131k sevgi dolu bir ailede b\u00fcy\u00fcyorlard\u0131. Bir g\u00fcn ailece \u00c7anakkale\u2019ye gitmeye karar verdiler ve yola \u00e7\u0131kt\u0131lar. Yol boyunca nerelere gideceklerini planlad\u0131lar. S\u00fcreleri k\u0131s\u0131tl\u0131 oldu\u011fundan \u00c7anakkale \u015eehitlikleri M\u00fczesi ve \u015eehitlikler Abidesi\u2019ni ziyarette bulundular. Unutulmayacak bir g\u00fcn ya\u015fayan bu iki karde\u015f, Ayakkab\u0131 Ustas\u0131 Dedeleri \u0130smail\u2019in anlatt\u0131klar\u0131yla da tarih bilgilerini g\u00fc\u00e7lendirdiler. <\/p>\n","protected":false},"excerpt":{"rendered":"<p>Edirne\u2019de ya\u015fayan Maral ve Se\u00e7kin ad\u0131nda iki sevimli karde\u015f vard\u0131. S\u0131cac\u0131k sevgi dolu bir ailede b\u00fcy\u00fcyorlard\u0131. Bir g\u00fcn ailece \u00c7anakkale\u2019ye gitmeye karar verdiler ve yola \u00e7\u0131kt\u0131lar.<span class=\"excerpt-hellip\"> [\u2026]<\/span><\/p>\n","protected":false},"featured_media":0,"template":"","meta":{"_monsterinsights_skip_tracking":false,"_monsterinsights_sitenote_active":false,"_monsterinsights_sitenote_note":"","_monsterinsights_sitenote_category":0},"product_brand":[],"product_cat":[12274,12284],"product_tag":[],"class_list":{"0":"post-763233","1":"product","2":"type-product","3":"status-publish","5":"product_cat-cocuk-ve-genclik-kitaplari","6":"product_cat-hikayeler","7":"pa_cilt-ciltsiz","8":"pa_tur-kitap","9":"pa_yayinevi-gulnar-yayinlari","10":"pa_yazar-ebru-oyaci","12":"first","13":"instock","14":"sale","15":"shipping-taxable","16":"purchasable","17":"product-type-simple"},"_links":{"self":[{"href":"https:\/\/roveyayinevi.com.tr\/index.php\/wp-json\/wp\/v2\/product\/763233","targetHints":{"allow":["GET"]}}],"collection":[{"href":"https:\/\/roveyayinevi.com.tr\/index.php\/wp-json\/wp\/v2\/product"}],"about":[{"href":"https:\/\/roveyayinevi.com.tr\/index.php\/wp-json\/wp\/v2\/types\/product"}],"wp:attachment":[{"href":"https:\/\/roveyayinevi.com.tr\/index.php\/wp-json\/wp\/v2\/media?parent=763233"}],"wp:term":[{"taxonomy":"product_brand","embeddable":true,"href":"https:\/\/roveyayinevi.com.tr\/index.php\/wp-json\/wp\/v2\/product_brand?post=763233"},{"taxonomy":"product_cat","embeddable":true,"href":"https:\/\/roveyayinevi.com.tr\/index.php\/wp-json\/wp\/v2\/product_cat?post=763233"},{"taxonomy":"product_tag","embeddable":true,"href":"https:\/\/roveyayinevi.com.tr\/index.php\/wp-json\/wp\/v2\/product_tag?post=763233"}],"curies":[{"name":"wp","href":"https:\/\/api.w.org\/{rel}","templated":true}]}}