{"id":763232,"date":"2025-08-28T10:34:41","date_gmt":"2025-08-28T07:34:41","guid":{"rendered":"https:\/\/roveyayinevi.com.tr\/index.php\/urun\/hukuk-aski\/"},"modified":"2026-04-15T03:28:38","modified_gmt":"2026-04-15T00:28:38","slug":"hukuk-aski","status":"publish","type":"product","link":"https:\/\/roveyayinevi.com.tr\/index.php\/urun\/hukuk-aski\/","title":{"rendered":"Hukuk A\u015fk\u0131"},"content":{"rendered":"<p>Say\u0131n Ali R\u0131za Malko\u00e7, hukuk\u00e7u de\u011fil. \u00d6\u011frenimini merak ederseniz yazar\u0131m\u0131z, elektrik teknisyeni ve iktisat\u00e7\u0131. Oysa o, asl\u0131nda bir hukuk, \u00f6zellikle adalet sevdal\u0131s\u0131. Her sevda, ki\u015fide bir ozan\u0131 gizler. Say\u0131n Malko\u00e7 ayn\u0131 zamanda \u015fiirleri \u00fczerine tezler yaz\u0131lan bir ozan. Ba\u015fat \u00f6zelli\u011fi ise k\u00fclt\u00fcr bilimine ili\u015fkin yay\u0131nlar\u0131, bu arada hukuk yay\u0131nlar\u0131n\u0131 dikkatle izlemek. Okuyucunun kula\u011f\u0131na f\u0131s\u0131ldamak isterim. Benim ka\u00e7 kitab\u0131m, onlardaki yaz\u0131m yanl\u0131\u015flar\u0131n\u0131n neler oldu\u011funu benden daha iyi biliyor, Say\u0131n Malko\u00e7. Adalet sevdal\u0131s\u0131 bu g\u00fczel insan\u0131n bir ba\u015fka \u00f6zelli\u011fi de kitaplar\u0131 tozlu kitapl\u0131\u011f\u0131nda tutmay\u0131p onlar\u0131n yorulmak bilmez bir okuru olmas\u0131. Elinizdeki kitap, bu \u00f6zelli\u011finin ete kemi\u011fe b\u00fcr\u00fcnm\u00fc\u015f bir tan\u0131\u011f\u0131. Kitapta ilkin roman tad\u0131nda bir yarg\u0131lamay\u0131 okuyacaks\u0131n\u0131z. Daha sonra da hukuk kitaplar\u0131n\u0131n \u00f6zet ve ele\u015ftirilerini. Okumadan \u00f6nce size bir g\u00f6zl\u00fck takmak istemem. Kitab\u0131 \u00f6zg\u00fcr, \u00f6nyarg\u0131s\u0131z, bo\u015f k\u00e2\u011f\u0131t \u00f6rne\u011fi bir beyinle okuyun, sonra kitab\u0131n y\u00fcre\u011fine inin, en sonunda da beyninizde k\u0131vr\u0131lan sorular\u0131n yan\u0131tlar\u0131n\u0131 kendiniz verin. Bunu yapt\u0131\u011f\u0131n\u0131z anda, her d\u00fc\u015f\u00fcnce kitab\u0131n\u0131 bitirdi\u011finizde ya\u015fad\u0131\u011f\u0131n\u0131z duyguyu yeniden ya\u015fayacak, \u00e7o\u011falm\u0131\u015f oldu\u011funuzun ay\u0131rd\u0131na varacaks\u0131n\u0131z. Ben de o anda bana d\u00fc\u015fen g\u00f6revi, yani bu sunu\u015fu yazman\u0131n gerek\u00e7esini eylemli olarak yerine getirmi\u015f olaca\u011f\u0131m: Kitapl\u0131\u011f\u0131n\u0131za kazand\u0131r\u0131p okudu\u011funuz bu kitap dolay\u0131s\u0131yla hem yazar\u0131n\u0131 hem de sizi kutlamak. \u0130yi okuma dileklerimle.   Prof. Dr. Sami SEL\u00c7UK <\/p>\n","protected":false},"excerpt":{"rendered":"<p>Say\u0131n Ali R\u0131za Malko\u00e7, hukuk\u00e7u de\u011fil. \u00d6\u011frenimini merak ederseniz yazar\u0131m\u0131z, elektrik teknisyeni ve iktisat\u00e7\u0131. Oysa o, asl\u0131nda bir hukuk, \u00f6zellikle adalet sevdal\u0131s\u0131. Her sevda, ki\u015fide bir<span class=\"excerpt-hellip\"> [\u2026]<\/span><\/p>\n","protected":false},"featured_media":0,"template":"","meta":{"_monsterinsights_skip_tracking":false,"_monsterinsights_sitenote_active":false,"_monsterinsights_sitenote_note":"","_monsterinsights_sitenote_category":0},"product_brand":[],"product_cat":[12777,12291],"product_tag":[],"class_list":{"0":"post-763232","1":"product","2":"type-product","3":"status-publish","5":"product_cat-deneme","6":"product_cat-edebiyat","7":"pa_cilt-ciltsiz","8":"pa_tur-kitap","9":"pa_yayinevi-gulnar-yayinlari","10":"pa_yazar-ali-riza-malkoc","12":"first","13":"instock","14":"sale","15":"shipping-taxable","16":"purchasable","17":"product-type-simple"},"_links":{"self":[{"href":"https:\/\/roveyayinevi.com.tr\/index.php\/wp-json\/wp\/v2\/product\/763232","targetHints":{"allow":["GET"]}}],"collection":[{"href":"https:\/\/roveyayinevi.com.tr\/index.php\/wp-json\/wp\/v2\/product"}],"about":[{"href":"https:\/\/roveyayinevi.com.tr\/index.php\/wp-json\/wp\/v2\/types\/product"}],"wp:attachment":[{"href":"https:\/\/roveyayinevi.com.tr\/index.php\/wp-json\/wp\/v2\/media?parent=763232"}],"wp:term":[{"taxonomy":"product_brand","embeddable":true,"href":"https:\/\/roveyayinevi.com.tr\/index.php\/wp-json\/wp\/v2\/product_brand?post=763232"},{"taxonomy":"product_cat","embeddable":true,"href":"https:\/\/roveyayinevi.com.tr\/index.php\/wp-json\/wp\/v2\/product_cat?post=763232"},{"taxonomy":"product_tag","embeddable":true,"href":"https:\/\/roveyayinevi.com.tr\/index.php\/wp-json\/wp\/v2\/product_tag?post=763232"}],"curies":[{"name":"wp","href":"https:\/\/api.w.org\/{rel}","templated":true}]}}